{"id":6121,"date":"2023-04-24T04:00:18","date_gmt":"2023-04-24T00:00:18","guid":{"rendered":"https:\/\/umayalighting.com\/projects\/museo-de-narradores-del-hadith\/"},"modified":"2023-09-16T16:40:40","modified_gmt":"2023-09-16T12:40:40","slug":"hadith-narrators-museum","status":"publish","type":"product","link":"https:\/\/umayalighting.com\/es\/projects\/hadith-narrators-museum\/","title":{"rendered":"Museo de Narradores del Hadith"},"content":{"rendered":"<p>El esquema de dise\u00f1o de iluminaci\u00f3n interior se desarroll\u00f3 en torno a los diversos roles de la luz; la luz como forma, como funci\u00f3n y como arte.<\/p>\n<p>La luz como Forma consider\u00f3 la luz como un elemento arquitect\u00f3nico; revelando formas, enriqueciendo texturas y creando el ambiente adecuado para la contemplaci\u00f3n y la introspecci\u00f3n. La luz como Funci\u00f3n se refiri\u00f3 al acto de iluminar; que tom\u00f3 variados arreglos dependiendo del objeto en exhibici\u00f3n y sus alrededores. Por \u00faltimo, la Luz como Arte consider\u00f3 la luz como una expresi\u00f3n art\u00edstica en s\u00ed misma, basada en la premisa de que la luz implica conocimiento y espiritualidad. La forma en que cada uno de los anteriores se incorpor\u00f3 en las diferentes salas del museo dependi\u00f3 de la narrativa arquitect\u00f3nica y el argumento de contenido del museo.<\/p>\n<p>La intenci\u00f3n del dise\u00f1o de iluminaci\u00f3n de fachada fue asegurar que la arquitectura hablara por s\u00ed misma. Nuestro enfoque se bas\u00f3 en revelar la belleza de las masas arquitect\u00f3nicas al resaltar su composici\u00f3n ba\u00f1ando de luz los planos verticales. Esto se complement\u00f3 con masas transl\u00facidas auto iluminadas, creando un juego entre piezas brillantes y oscuras.<\/p>\n<p>Como medio para vincular el paisaje circundante con el edificio, la ladera de la monta\u00f1a fue equipada con puntos luminosos que se vuelven m\u00e1s densos hacia el museo, guiando a los visitantes hacia la entrada y proporcionando una escena inesperada desde la carretera.<\/p>\n","protected":false},"excerpt":{"rendered":"<p>UBICACI\u00d3N: MADINA, ARABIA SAUDITA<br \/>\nUSO: LIGHT ART &amp; EXPOSICIONES<br \/>\nALCANCE: DISE\u00d1O LUM\u00cdNICO DE INTERIORES, EXTERIORES &amp; FACHADA &#8211; competici\u00f3n<\/p>\n","protected":false},"featured_media":9342,"comment_status":"closed","ping_status":"closed","template":"","meta":{"_acf_changed":false},"product_brand":[],"product_cat":[108],"product_tag":[],"class_list":{"0":"post-6121","1":"product","2":"type-product","3":"status-publish","4":"has-post-thumbnail","6":"product_cat-proyectos","8":"first","9":"instock","10":"shipping-taxable","11":"product-type-simple"},"acf":[],"_links":{"self":[{"href":"https:\/\/umayalighting.com\/es\/wp-json\/wp\/v2\/product\/6121","targetHints":{"allow":["GET"]}}],"collection":[{"href":"https:\/\/umayalighting.com\/es\/wp-json\/wp\/v2\/product"}],"about":[{"href":"https:\/\/umayalighting.com\/es\/wp-json\/wp\/v2\/types\/product"}],"replies":[{"embeddable":true,"href":"https:\/\/umayalighting.com\/es\/wp-json\/wp\/v2\/comments?post=6121"}],"wp:featuredmedia":[{"embeddable":true,"href":"https:\/\/umayalighting.com\/es\/wp-json\/wp\/v2\/media\/9342"}],"wp:attachment":[{"href":"https:\/\/umayalighting.com\/es\/wp-json\/wp\/v2\/media?parent=6121"}],"wp:term":[{"taxonomy":"product_brand","embeddable":true,"href":"https:\/\/umayalighting.com\/es\/wp-json\/wp\/v2\/product_brand?post=6121"},{"taxonomy":"product_cat","embeddable":true,"href":"https:\/\/umayalighting.com\/es\/wp-json\/wp\/v2\/product_cat?post=6121"},{"taxonomy":"product_tag","embeddable":true,"href":"https:\/\/umayalighting.com\/es\/wp-json\/wp\/v2\/product_tag?post=6121"}],"curies":[{"name":"wp","href":"https:\/\/api.w.org\/{rel}","templated":true}]}}