{"id":6122,"date":"2023-04-24T04:21:15","date_gmt":"2023-04-24T00:21:15","guid":{"rendered":"https:\/\/umayalighting.com\/projects\/mezquita-jumeirah\/"},"modified":"2023-09-16T16:40:40","modified_gmt":"2023-09-16T12:40:40","slug":"jumeirah-mosque","status":"publish","type":"product","link":"https:\/\/umayalighting.com\/es\/projects\/jumeirah-mosque\/","title":{"rendered":"Mezquita Jumeirah"},"content":{"rendered":"<p>Dos aspectos principales se deben tomar en cuenta al abordar el dise\u00f1o de iluminaci\u00f3n de una mezquita.<\/p>\n<p>A gran escala las mezquitas articulan la trama urbana y se convierten en puntos de referencia dominantes. Sus c\u00fapulas y minaretes se convierten en elementos de referencia de la ciudad, e influyen en el horizonte de la forma m\u00e1s poderosa. La luz debe mejorar y explotar esta idea, apoyando su presencia en el contexto.<\/p>\n<p>El tema toma una nueva dimensi\u00f3n al definir los espacios interiores. Calma, culto y espiritualidad son conceptos que deben traducirse en iluminaci\u00f3n, para crear una atm\u00f3sfera que es intr\u00ednsecamente inspiradora y cogedora.<\/p>\n","protected":false},"excerpt":{"rendered":"<p>UBICACI\u00d3N: DUBAI, EMIRATOS \u00c1RABES UNIDOS<br \/>\nUSO: CULTO<br \/>\nALCANCE: DISE\u00d1O LUM\u00cdNICO DE INTERIORES &amp; FACHADA<\/p>\n","protected":false},"featured_media":9900,"comment_status":"closed","ping_status":"closed","template":"","meta":{"_acf_changed":false},"product_brand":[],"product_cat":[108],"product_tag":[],"class_list":{"0":"post-6122","1":"product","2":"type-product","3":"status-publish","4":"has-post-thumbnail","6":"product_cat-proyectos","8":"first","9":"instock","10":"shipping-taxable","11":"product-type-simple"},"acf":[],"_links":{"self":[{"href":"https:\/\/umayalighting.com\/es\/wp-json\/wp\/v2\/product\/6122","targetHints":{"allow":["GET"]}}],"collection":[{"href":"https:\/\/umayalighting.com\/es\/wp-json\/wp\/v2\/product"}],"about":[{"href":"https:\/\/umayalighting.com\/es\/wp-json\/wp\/v2\/types\/product"}],"replies":[{"embeddable":true,"href":"https:\/\/umayalighting.com\/es\/wp-json\/wp\/v2\/comments?post=6122"}],"wp:featuredmedia":[{"embeddable":true,"href":"https:\/\/umayalighting.com\/es\/wp-json\/wp\/v2\/media\/9900"}],"wp:attachment":[{"href":"https:\/\/umayalighting.com\/es\/wp-json\/wp\/v2\/media?parent=6122"}],"wp:term":[{"taxonomy":"product_brand","embeddable":true,"href":"https:\/\/umayalighting.com\/es\/wp-json\/wp\/v2\/product_brand?post=6122"},{"taxonomy":"product_cat","embeddable":true,"href":"https:\/\/umayalighting.com\/es\/wp-json\/wp\/v2\/product_cat?post=6122"},{"taxonomy":"product_tag","embeddable":true,"href":"https:\/\/umayalighting.com\/es\/wp-json\/wp\/v2\/product_tag?post=6122"}],"curies":[{"name":"wp","href":"https:\/\/api.w.org\/{rel}","templated":true}]}}