{"id":6123,"date":"2023-04-24T04:27:38","date_gmt":"2023-04-24T00:27:38","guid":{"rendered":"https:\/\/umayalighting.com\/projects\/jumeirah-zabeel-saray-resort\/"},"modified":"2023-09-16T16:40:40","modified_gmt":"2023-09-16T12:40:40","slug":"jumeirah-zabeel-saray-resort","status":"publish","type":"product","link":"https:\/\/umayalighting.com\/es\/projects\/jumeirah-zabeel-saray-resort\/","title":{"rendered":"Jumeirah Zabeel Saray Resort"},"content":{"rendered":"<p>El alcance del estudio de iluminaci\u00f3n para este proyecto abarc\u00f3 la fachada, el paisajismo, las habitaciones y principales espacios p\u00fablicos (como el atrio central, pasillos, y restaurantes).<\/p>\n<p>El concepto de dise\u00f1o estuvo dirigido a acentuar el vocabulario arquitect\u00f3nico otomano con su din\u00e1mica de b\u00f3vedas, c\u00fapulas y columnas, proporcionando \u00e9nfasis lum\u00ednico en los detalles arquitect\u00f3nicos, y el logro de la armon\u00eda entre los espacios interiores y exteriores.<\/p>\n<p>En cuanto a la configuraci\u00f3n general del color de la fachada, la luz blanca c\u00e1lida fue dominante, con el fin de mejorar el acogedor impacto del hotel en los alrededores.<\/p>\n<p>La especificaci\u00f3n de las luminarias se bas\u00f3 en el estudio de las diversas funciones de los espacios, que ayudaron a definir el ambiente apropiado.<\/p>\n","protected":false},"excerpt":{"rendered":"<p>UBICACI\u00d3N: DUBAI, EMIRATOS \u00c1RABES UNIDOS<br \/>\nUSO: HOTELER\u00cdA<br \/>\nALCANCE: DISE\u00d1O LUM\u00cdNICO DE INTERIORES, FACHADA Y PAISAJISMO<\/p>\n","protected":false},"featured_media":7728,"comment_status":"closed","ping_status":"closed","template":"","meta":{"_acf_changed":false},"product_brand":[],"product_cat":[108],"product_tag":[],"class_list":{"0":"post-6123","1":"product","2":"type-product","3":"status-publish","4":"has-post-thumbnail","6":"product_cat-proyectos","8":"first","9":"instock","10":"shipping-taxable","11":"product-type-simple"},"acf":[],"_links":{"self":[{"href":"https:\/\/umayalighting.com\/es\/wp-json\/wp\/v2\/product\/6123","targetHints":{"allow":["GET"]}}],"collection":[{"href":"https:\/\/umayalighting.com\/es\/wp-json\/wp\/v2\/product"}],"about":[{"href":"https:\/\/umayalighting.com\/es\/wp-json\/wp\/v2\/types\/product"}],"replies":[{"embeddable":true,"href":"https:\/\/umayalighting.com\/es\/wp-json\/wp\/v2\/comments?post=6123"}],"wp:featuredmedia":[{"embeddable":true,"href":"https:\/\/umayalighting.com\/es\/wp-json\/wp\/v2\/media\/7728"}],"wp:attachment":[{"href":"https:\/\/umayalighting.com\/es\/wp-json\/wp\/v2\/media?parent=6123"}],"wp:term":[{"taxonomy":"product_brand","embeddable":true,"href":"https:\/\/umayalighting.com\/es\/wp-json\/wp\/v2\/product_brand?post=6123"},{"taxonomy":"product_cat","embeddable":true,"href":"https:\/\/umayalighting.com\/es\/wp-json\/wp\/v2\/product_cat?post=6123"},{"taxonomy":"product_tag","embeddable":true,"href":"https:\/\/umayalighting.com\/es\/wp-json\/wp\/v2\/product_tag?post=6123"}],"curies":[{"name":"wp","href":"https:\/\/api.w.org\/{rel}","templated":true}]}}