{"id":6124,"date":"2023-04-24T04:12:47","date_gmt":"2023-04-24T00:12:47","guid":{"rendered":"https:\/\/umayalighting.com\/projects\/jw-marriott-tetuan\/"},"modified":"2023-09-16T16:40:40","modified_gmt":"2023-09-16T12:40:40","slug":"jw-marriott-tetouan","status":"publish","type":"product","link":"https:\/\/umayalighting.com\/es\/projects\/jw-marriott-tetouan\/","title":{"rendered":"JW Marriott Tetu\u00e1n"},"content":{"rendered":"<p>La iluminaci\u00f3n interior se basa primordialmente en los elementos de iluminaci\u00f3n decorativa, junto con un fuerte \u00e9nfasis en la geometr\u00eda de la iluminaci\u00f3n embutida en techos. Estas dos capas no s\u00f3lo proporcionan los niveles de iluminaci\u00f3n necesarios para cumplir con los est\u00e1ndares del operador, sino tambi\u00e9n crear una atm\u00f3sfera contempor\u00e1nea con fuertes notas marroqu\u00edes.<\/p>\n<p>El esquema de iluminaci\u00f3n de fachada funciona a doble escala. La iluminaci\u00f3n general retrata la composici\u00f3n del edificio en su conjunto, que se aprecia desde la distancia, mientras que la iluminaci\u00f3n de acento se centra en los elementos arquitect\u00f3nicos y detalles que confieren al edificio su estilo arquitect\u00f3nico \u00fanico. Este \u00faltimo grupo de efectos est\u00e1 destinado para el visitante que se aproxima al edificio, y es capaz de apreciar sus detalles y artesan\u00eda.<\/p>\n","protected":false},"excerpt":{"rendered":"<p>UBICACI\u00d3N: Tetu\u00e1n, Marruecos<br \/>\nUSO: HOTELER\u00cdA<br \/>\nALCANCE: DISE\u00d1O LUM\u00cdNICO DE INTERIORES, FACHADA Y PAISAJISMO<\/p>\n","protected":false},"featured_media":8848,"comment_status":"closed","ping_status":"closed","template":"","meta":{"_acf_changed":false},"product_brand":[],"product_cat":[108],"product_tag":[],"class_list":{"0":"post-6124","1":"product","2":"type-product","3":"status-publish","4":"has-post-thumbnail","6":"product_cat-proyectos","8":"first","9":"instock","10":"shipping-taxable","11":"product-type-simple"},"acf":[],"_links":{"self":[{"href":"https:\/\/umayalighting.com\/es\/wp-json\/wp\/v2\/product\/6124","targetHints":{"allow":["GET"]}}],"collection":[{"href":"https:\/\/umayalighting.com\/es\/wp-json\/wp\/v2\/product"}],"about":[{"href":"https:\/\/umayalighting.com\/es\/wp-json\/wp\/v2\/types\/product"}],"replies":[{"embeddable":true,"href":"https:\/\/umayalighting.com\/es\/wp-json\/wp\/v2\/comments?post=6124"}],"wp:featuredmedia":[{"embeddable":true,"href":"https:\/\/umayalighting.com\/es\/wp-json\/wp\/v2\/media\/8848"}],"wp:attachment":[{"href":"https:\/\/umayalighting.com\/es\/wp-json\/wp\/v2\/media?parent=6124"}],"wp:term":[{"taxonomy":"product_brand","embeddable":true,"href":"https:\/\/umayalighting.com\/es\/wp-json\/wp\/v2\/product_brand?post=6124"},{"taxonomy":"product_cat","embeddable":true,"href":"https:\/\/umayalighting.com\/es\/wp-json\/wp\/v2\/product_cat?post=6124"},{"taxonomy":"product_tag","embeddable":true,"href":"https:\/\/umayalighting.com\/es\/wp-json\/wp\/v2\/product_tag?post=6124"}],"curies":[{"name":"wp","href":"https:\/\/api.w.org\/{rel}","templated":true}]}}