{"id":6126,"date":"2023-04-24T04:15:41","date_gmt":"2023-04-24T00:15:41","guid":{"rendered":"https:\/\/umayalighting.com\/projects\/mezquita-kamc\/"},"modified":"2023-09-16T16:40:43","modified_gmt":"2023-09-16T12:40:43","slug":"kamc-mosque","status":"publish","type":"product","link":"https:\/\/umayalighting.com\/es\/projects\/kamc-mosque\/","title":{"rendered":"Mezquita KAMC"},"content":{"rendered":"<p>El dise\u00f1o de iluminaci\u00f3n exterior para esta mezquita contempor\u00e1nea jug\u00f3 con la noci\u00f3n de una arquitectura iluminadora, en lugar de un sistema de iluminaci\u00f3n independiente montado sobre ella. Las pantallas que revisten los vol\u00famenes principales del edificio fueron retroiluminadas, proyectando un suave resplandor en las \u00e1reas comunes al aire libre. Del mismo modo, las columnas que sostienen el enorme techo fueron cubiertas de vidrio esmerilado retroiluminado, dando la impresi\u00f3n de elementos flotantes en el espacio. Esta misma estrategia de iluminaci\u00f3n se aplic\u00f3 en el minarete, convirti\u00e9ndolo en una torre brillante en el horizonte oscuro.<\/p>\n","protected":false},"excerpt":{"rendered":"<p>UBICACI\u00d3N: RIAD, ARABIA SAUDITA<br \/>\nUSO: CULTO<br \/>\nALCANCE: DISE\u00d1O LUM\u00cdNICO DE FACHADA<\/p>\n","protected":false},"featured_media":9912,"comment_status":"closed","ping_status":"closed","template":"","meta":{"_acf_changed":false},"product_brand":[],"product_cat":[108],"product_tag":[],"class_list":{"0":"post-6126","1":"product","2":"type-product","3":"status-publish","4":"has-post-thumbnail","6":"product_cat-proyectos","8":"first","9":"instock","10":"shipping-taxable","11":"product-type-simple"},"acf":[],"_links":{"self":[{"href":"https:\/\/umayalighting.com\/es\/wp-json\/wp\/v2\/product\/6126","targetHints":{"allow":["GET"]}}],"collection":[{"href":"https:\/\/umayalighting.com\/es\/wp-json\/wp\/v2\/product"}],"about":[{"href":"https:\/\/umayalighting.com\/es\/wp-json\/wp\/v2\/types\/product"}],"replies":[{"embeddable":true,"href":"https:\/\/umayalighting.com\/es\/wp-json\/wp\/v2\/comments?post=6126"}],"wp:featuredmedia":[{"embeddable":true,"href":"https:\/\/umayalighting.com\/es\/wp-json\/wp\/v2\/media\/9912"}],"wp:attachment":[{"href":"https:\/\/umayalighting.com\/es\/wp-json\/wp\/v2\/media?parent=6126"}],"wp:term":[{"taxonomy":"product_brand","embeddable":true,"href":"https:\/\/umayalighting.com\/es\/wp-json\/wp\/v2\/product_brand?post=6126"},{"taxonomy":"product_cat","embeddable":true,"href":"https:\/\/umayalighting.com\/es\/wp-json\/wp\/v2\/product_cat?post=6126"},{"taxonomy":"product_tag","embeddable":true,"href":"https:\/\/umayalighting.com\/es\/wp-json\/wp\/v2\/product_tag?post=6126"}],"curies":[{"name":"wp","href":"https:\/\/api.w.org\/{rel}","templated":true}]}}