{"id":6128,"date":"2023-04-24T04:18:40","date_gmt":"2023-04-24T00:18:40","guid":{"rendered":"https:\/\/umayalighting.com\/projects\/universidad-khalifa\/"},"modified":"2023-09-16T16:40:43","modified_gmt":"2023-09-16T12:40:43","slug":"khalifa-university","status":"publish","type":"product","link":"https:\/\/umayalighting.com\/es\/projects\/khalifa-university\/","title":{"rendered":"Universidad Khalifa"},"content":{"rendered":"<p>Esta extensi\u00f3n de 170.000m<sup>2<\/sup> para la Universidad Khalifa fue dise\u00f1ada con el fin de albergar la primera escuela de medicina de Abu Dhabi, una facultad de ingenier\u00eda integrada e instalaciones R+D. El dise\u00f1o arquitect\u00f3nico y de interiores es una expresi\u00f3n de la tecnolog\u00eda digital y cient\u00edfica en el dise\u00f1o, haciendo referencia a los grandes cient\u00edficos del Medio Oriente. El nuevo campus sirve a un total de 3000 estudiantes e incluye instalaciones de primer nivel como ser un auditorio, centro de estudiantes, de descubrimiento y deportivo.<\/p>\n<p>El esquema de dise\u00f1o de iluminaci\u00f3n de interiores se bas\u00f3 en los siguientes principios:<\/p>\n<p>01. Complementaci\u00f3n: La luz debe complementar y mejorar la arquitectura. Debe estar dise\u00f1ada para revelar la belleza del espacio y resaltar sus caracter\u00edsticas y materiales \u00fanicos. La luz debe destacar la intenci\u00f3n principal de dise\u00f1o y ayudar a contar la historia detr\u00e1s del edificio.<\/p>\n<p>02. Integraci\u00f3n: Lo ideal es integrar la iluminaci\u00f3n t\u00e9cnica en el espacio y la arquitectura. La luz debe ser parte del edificio y no elementos enajenados adosados al mismo. La arquitectura es mucho m\u00e1s potente cuando la luz forma parte de ella.<\/p>\n<p>03. Comunicaci\u00f3n: La iluminaci\u00f3n debe ser utilizada como medio de comunicaci\u00f3n. Estrategias consistentes en todo el edificio permiten a los usuarios identificar y relacionar los diferentes espacios y experiencias. La luz debe ser utilizada como gu\u00eda y lenguaje de identificaci\u00f3n.<\/p>\n<p>04. Eficiencia: Por encima de todo un esquema de iluminaci\u00f3n debe ser racional y eficiente. Refinar niveles lum\u00ednicos, usar fuentes de luz eficientes y de larga vida \u00fatil, proponer luminarias adecuadas y planificar un esquema de control sensato son las principales estrategias para lograr este objetivo.<\/p>\n<p>El sistema de iluminaci\u00f3n de fachada se concentr\u00f3 primordialmente en los dos accesos principales. Las espigas sobresaliendo del edificio se equiparon con fuentes LED dise\u00f1adas a medida, convirtiendo estas \u00e1reas en enormes pantallas urbanas, capaces de reproducir animaciones abstractas durante todo el d\u00eda.<\/p>\n<p>Por \u00faltimo, la iluminaci\u00f3n del paisaje se desarroll\u00f3 como una suma de estrategias individuales de iluminaci\u00f3n, como forma de reducir la carga instalada y proporcionar un ambiente equilibrado. Un lenguaje unificado de iluminaci\u00f3n se utiliz\u00f3 en todas las \u00e1reas al aire libre para lograr un mayor impacto y consistencia. La luz fue utilizada para crear sub-espacios m\u00e1s \u00edntimos en el paisaje para promover su uso y contemplaci\u00f3n.<\/p>\n","protected":false},"excerpt":{"rendered":"<p>UBICACI\u00d3N: ABU DHABI, EMIRATOS \u00c1RABES UNIDOS<br \/>\nUSO: EDUCATIVO &#8211; SALUD<br \/>\nALCANCE: DISE\u00d1O LUM\u00cdNICO DE INTERIORES, FACHADA Y PAISAJISMO<\/p>\n","protected":false},"featured_media":8565,"comment_status":"closed","ping_status":"closed","template":"","meta":{"_acf_changed":false},"product_brand":[],"product_cat":[108],"product_tag":[],"class_list":{"0":"post-6128","1":"product","2":"type-product","3":"status-publish","4":"has-post-thumbnail","6":"product_cat-proyectos","8":"first","9":"instock","10":"shipping-taxable","11":"product-type-simple"},"acf":[],"_links":{"self":[{"href":"https:\/\/umayalighting.com\/es\/wp-json\/wp\/v2\/product\/6128","targetHints":{"allow":["GET"]}}],"collection":[{"href":"https:\/\/umayalighting.com\/es\/wp-json\/wp\/v2\/product"}],"about":[{"href":"https:\/\/umayalighting.com\/es\/wp-json\/wp\/v2\/types\/product"}],"replies":[{"embeddable":true,"href":"https:\/\/umayalighting.com\/es\/wp-json\/wp\/v2\/comments?post=6128"}],"wp:featuredmedia":[{"embeddable":true,"href":"https:\/\/umayalighting.com\/es\/wp-json\/wp\/v2\/media\/8565"}],"wp:attachment":[{"href":"https:\/\/umayalighting.com\/es\/wp-json\/wp\/v2\/media?parent=6128"}],"wp:term":[{"taxonomy":"product_brand","embeddable":true,"href":"https:\/\/umayalighting.com\/es\/wp-json\/wp\/v2\/product_brand?post=6128"},{"taxonomy":"product_cat","embeddable":true,"href":"https:\/\/umayalighting.com\/es\/wp-json\/wp\/v2\/product_cat?post=6128"},{"taxonomy":"product_tag","embeddable":true,"href":"https:\/\/umayalighting.com\/es\/wp-json\/wp\/v2\/product_tag?post=6128"}],"curies":[{"name":"wp","href":"https:\/\/api.w.org\/{rel}","templated":true}]}}