{"id":6129,"date":"2023-04-24T04:21:59","date_gmt":"2023-04-24T00:21:59","guid":{"rendered":"https:\/\/umayalighting.com\/projects\/aeropuerto-internacional-king-abdulaziz\/"},"modified":"2023-09-16T16:40:29","modified_gmt":"2023-09-16T12:40:29","slug":"king-abdulaziz-international-airport","status":"publish","type":"product","link":"https:\/\/umayalighting.com\/es\/projects\/king-abdulaziz-international-airport\/","title":{"rendered":"Aeropuerto Internacional King Abdulaziz"},"content":{"rendered":"<p>El plan conceptual de iluminaci\u00f3n interior se organizo en ambiente, tarea visual y acento.<\/p>\n<p>La iluminaci\u00f3n de ambiente fue la iluminaci\u00f3n base para toda la terminal, capaz de soportar las actividades menos exigentes en t\u00e9rminos de niveles lum\u00ednicos y ratios de uniformidad (circulaci\u00f3n y orientaci\u00f3n). La estrategia propuesta fue crear iluminaci\u00f3n indirecta con postes de 7 metros de alto, en lugar de los habituales downlights montados en el techo (13 a 24 metros de altura). Esto result\u00f3 en una gran disminuci\u00f3n de las cargas de iluminaci\u00f3n.<\/p>\n<p>La iluminaci\u00f3n de las tareas se llev\u00f3 a cabo como una segunda capa, exclusivamente en aquellas \u00e1reas que exig\u00edan niveles de iluminaci\u00f3n espec\u00edficos (check-in, inspecci\u00f3n de equipajes y control de pasaportes). Se prefiri\u00f3 esta estrategia sobre el enfoque tradicional de \u00abluz total\u00bb, ya que reduce las cargas de potencia y sus gastos asociados de funcionamiento y mantenimiento.<\/p>\n<p>Por \u00faltimo se emple\u00f3 una tercera capa de acento, que comprende todas aquellas t\u00e9cnicas destinadas a optimizar la percepci\u00f3n del espacio y enaltecer la composici\u00f3n arquitectonica. Superficies verticales, obras de arte y un ba\u00f1ado de techo din\u00e1mico fueron algunos de los elementos en esta categor\u00eda.<\/p>\n<p>El dise\u00f1o \/ plan resultante prev\u00e9 una carga de iluminaci\u00f3n final de 5,82 W\/m\u00b2 , excediendo ampliamente los requerimientos LEED.<\/p>\n","protected":false},"excerpt":{"rendered":"<p>UBICACI\u00d3N: YEDA, ARABIA SAUDITA<br \/>\nUSO: transporte<br \/>\nALCANCE: DISE\u00d1O LUM\u00cdNICO DE INTERIORES &amp; ESTUDIO DE ILUMINACI\u00d3N NATURAL<\/p>\n","protected":false},"featured_media":8476,"comment_status":"closed","ping_status":"closed","template":"","meta":{"_acf_changed":false},"product_brand":[],"product_cat":[108],"product_tag":[],"class_list":{"0":"post-6129","1":"product","2":"type-product","3":"status-publish","4":"has-post-thumbnail","6":"product_cat-proyectos","8":"first","9":"instock","10":"shipping-taxable","11":"product-type-simple"},"acf":[],"_links":{"self":[{"href":"https:\/\/umayalighting.com\/es\/wp-json\/wp\/v2\/product\/6129","targetHints":{"allow":["GET"]}}],"collection":[{"href":"https:\/\/umayalighting.com\/es\/wp-json\/wp\/v2\/product"}],"about":[{"href":"https:\/\/umayalighting.com\/es\/wp-json\/wp\/v2\/types\/product"}],"replies":[{"embeddable":true,"href":"https:\/\/umayalighting.com\/es\/wp-json\/wp\/v2\/comments?post=6129"}],"wp:featuredmedia":[{"embeddable":true,"href":"https:\/\/umayalighting.com\/es\/wp-json\/wp\/v2\/media\/8476"}],"wp:attachment":[{"href":"https:\/\/umayalighting.com\/es\/wp-json\/wp\/v2\/media?parent=6129"}],"wp:term":[{"taxonomy":"product_brand","embeddable":true,"href":"https:\/\/umayalighting.com\/es\/wp-json\/wp\/v2\/product_brand?post=6129"},{"taxonomy":"product_cat","embeddable":true,"href":"https:\/\/umayalighting.com\/es\/wp-json\/wp\/v2\/product_cat?post=6129"},{"taxonomy":"product_tag","embeddable":true,"href":"https:\/\/umayalighting.com\/es\/wp-json\/wp\/v2\/product_tag?post=6129"}],"curies":[{"name":"wp","href":"https:\/\/api.w.org\/{rel}","templated":true}]}}