{"id":6130,"date":"2023-04-24T04:19:11","date_gmt":"2023-04-24T00:19:11","guid":{"rendered":"https:\/\/umayalighting.com\/projects\/fundacion-king-abdullah\/"},"modified":"2023-09-16T16:40:43","modified_gmt":"2023-09-16T12:40:43","slug":"king-abdullah-foundation-project","status":"publish","type":"product","link":"https:\/\/umayalighting.com\/es\/projects\/king-abdullah-foundation-project\/","title":{"rendered":"Fundaci\u00f3n King Abdullah"},"content":{"rendered":"<p>Este desarrollo de uso mixto de 100.000sq.m ubicado en Riad, Arabia Saudita, albergar\u00e1 la Sede de la Fundaci\u00f3n, adem\u00e1s de un centro de convenciones de gama alta, hotel de lujo y mezquita.<\/p>\n<p>El concepto maestro para la iluminaci\u00f3n de fachada de todos los edificios se bas\u00f3 en utilizar elementos de referencia, para crear un aspecto uniforme durante la noche. Estas referencias azules funcionan como objetivos visuales que conectan virtualmente los edificios, proporcionando un ambiente unificado en todo el lugar. La luz azul contrasta maravillosamente con el blanco c\u00e1lido del paisaje y \u00e1reas internas. El color azul sugiere tranquilidad y estabilidad, a la vez que tiene un efecto relajante, lo que lo hace ideal para esta configuraci\u00f3n.<\/p>\n<p>La propuesta de la iluminaci\u00f3n de fachada para el edificio de la Fundaci\u00f3n se bas\u00f3 en dar a la caja de vidrio encima de la entrada principal el aspecto de un fanal iluminado. Perfiles de LED situados en los bordes verticales de cada panel de vidrio iluminan la fachada revelando la gr\u00e1fica grabada, creando as\u00ed un efecto de iluminaci\u00f3n surrealista. Las cornisas de luz perimetrales en el interior del edificio fueron utilizadas como elementos de iluminaci\u00f3n de fachada, dej\u00e1ndolas encendidas despu\u00e9s del horario laboral. Esto ayud\u00f3 a delinear la forma del edificio, evitando el uso de elementos adicionales de iluminaci\u00f3n, lo cual fue fundamental para cumplir con los requisitos LEED del proyecto.<\/p>\n","protected":false},"excerpt":{"rendered":"<p>UBICACI\u00d3N: RIAD, ARABIA SAUDITA<br \/>\nUSO: Urbano &amp; Comunidades &#8211; GUBERNAMENTAL &#8211; EDUCATIVO &#8211; HOTELER\u00cdA &#8211; CULTO<br \/>\nALCANCE: DISE\u00d1O LUM\u00cdNICO DE MASTER PLANNING, ESPACIOS P\u00daBLICOS, FACHADA &amp; PAISAJISMO<br \/>\n&amp; PAISAJISMO<\/p>\n","protected":false},"featured_media":8661,"comment_status":"closed","ping_status":"closed","template":"","meta":{"_acf_changed":false},"product_brand":[],"product_cat":[108],"product_tag":[],"class_list":{"0":"post-6130","1":"product","2":"type-product","3":"status-publish","4":"has-post-thumbnail","6":"product_cat-proyectos","8":"first","9":"instock","10":"shipping-taxable","11":"product-type-simple"},"acf":[],"_links":{"self":[{"href":"https:\/\/umayalighting.com\/es\/wp-json\/wp\/v2\/product\/6130","targetHints":{"allow":["GET"]}}],"collection":[{"href":"https:\/\/umayalighting.com\/es\/wp-json\/wp\/v2\/product"}],"about":[{"href":"https:\/\/umayalighting.com\/es\/wp-json\/wp\/v2\/types\/product"}],"replies":[{"embeddable":true,"href":"https:\/\/umayalighting.com\/es\/wp-json\/wp\/v2\/comments?post=6130"}],"wp:featuredmedia":[{"embeddable":true,"href":"https:\/\/umayalighting.com\/es\/wp-json\/wp\/v2\/media\/8661"}],"wp:attachment":[{"href":"https:\/\/umayalighting.com\/es\/wp-json\/wp\/v2\/media?parent=6130"}],"wp:term":[{"taxonomy":"product_brand","embeddable":true,"href":"https:\/\/umayalighting.com\/es\/wp-json\/wp\/v2\/product_brand?post=6130"},{"taxonomy":"product_cat","embeddable":true,"href":"https:\/\/umayalighting.com\/es\/wp-json\/wp\/v2\/product_cat?post=6130"},{"taxonomy":"product_tag","embeddable":true,"href":"https:\/\/umayalighting.com\/es\/wp-json\/wp\/v2\/product_tag?post=6130"}],"curies":[{"name":"wp","href":"https:\/\/api.w.org\/{rel}","templated":true}]}}