{"id":6132,"date":"2023-04-24T04:19:27","date_gmt":"2023-04-24T00:19:27","guid":{"rendered":"https:\/\/umayalighting.com\/projects\/halwan-mall\/"},"modified":"2023-09-16T16:40:43","modified_gmt":"2023-09-16T12:40:43","slug":"halwan-mall","status":"publish","type":"product","link":"https:\/\/umayalighting.com\/es\/projects\/halwan-mall\/","title":{"rendered":"Halwan Mall"},"content":{"rendered":"<p>Este centro comercial est\u00e1 formado por una asombrosa composici\u00f3n de vol\u00famenes irregulares con diferentes materiales, acabados y dise\u00f1os. El esquema de iluminaci\u00f3n exterior procur\u00f3 llevar esta misma intenci\u00f3n a la noche, ba\u00f1ando superficies s\u00f3lidas, retroiluminando pantallas e integrando patrones de luz. El resultado es un hermoso arreglo que enriquece tanto las masas individuales como el centro comercial en su conjunto.<\/p>\n","protected":false},"excerpt":{"rendered":"<p>UBICACI\u00d3N: SARJA, EMIRATOS \u00c1RABES UNIDOS<br \/>\nUSO: Malls &amp; Retail<br \/>\nALCANCE: DISE\u00d1O LUM\u00cdNICO DE INTERIORES &amp; FACHADA<\/p>\n","protected":false},"featured_media":9701,"comment_status":"closed","ping_status":"closed","template":"","meta":{"_acf_changed":false},"product_brand":[],"product_cat":[108],"product_tag":[],"class_list":{"0":"post-6132","1":"product","2":"type-product","3":"status-publish","4":"has-post-thumbnail","6":"product_cat-proyectos","8":"first","9":"instock","10":"shipping-taxable","11":"product-type-simple"},"acf":[],"_links":{"self":[{"href":"https:\/\/umayalighting.com\/es\/wp-json\/wp\/v2\/product\/6132","targetHints":{"allow":["GET"]}}],"collection":[{"href":"https:\/\/umayalighting.com\/es\/wp-json\/wp\/v2\/product"}],"about":[{"href":"https:\/\/umayalighting.com\/es\/wp-json\/wp\/v2\/types\/product"}],"replies":[{"embeddable":true,"href":"https:\/\/umayalighting.com\/es\/wp-json\/wp\/v2\/comments?post=6132"}],"wp:featuredmedia":[{"embeddable":true,"href":"https:\/\/umayalighting.com\/es\/wp-json\/wp\/v2\/media\/9701"}],"wp:attachment":[{"href":"https:\/\/umayalighting.com\/es\/wp-json\/wp\/v2\/media?parent=6132"}],"wp:term":[{"taxonomy":"product_brand","embeddable":true,"href":"https:\/\/umayalighting.com\/es\/wp-json\/wp\/v2\/product_brand?post=6132"},{"taxonomy":"product_cat","embeddable":true,"href":"https:\/\/umayalighting.com\/es\/wp-json\/wp\/v2\/product_cat?post=6132"},{"taxonomy":"product_tag","embeddable":true,"href":"https:\/\/umayalighting.com\/es\/wp-json\/wp\/v2\/product_tag?post=6132"}],"curies":[{"name":"wp","href":"https:\/\/api.w.org\/{rel}","templated":true}]}}