{"id":6134,"date":"2023-04-24T04:25:50","date_gmt":"2023-04-24T00:25:50","guid":{"rendered":"https:\/\/umayalighting.com\/projects\/hotel-residencias-hilton-riad-king-saud-university\/"},"modified":"2023-09-16T16:40:44","modified_gmt":"2023-09-16T12:40:44","slug":"hilton-riyadh-king-saud-university-hotel-residences","status":"publish","type":"product","link":"https:\/\/umayalighting.com\/es\/projects\/hilton-riyadh-king-saud-university-hotel-residences\/","title":{"rendered":"Hotel &amp; Residencias Hilton Riad King Saud University"},"content":{"rendered":"<p>Estas torres son un nuevo punto de referencia en Riad. Propiedad de la Universidad King Saud, fueron creadas para servir como fondo de financiaci\u00f3n para el desarrollo a largo plazo. El proyecto consta de once edificios y torres separadas, incluyendo un hotel cinco estrellas y dos edificios residenciales.<\/p>\n<p>El enfoque principal fue resaltar sus caracter\u00edsticas arquitect\u00f3nicas clave, que los hace \u00fanicos en el contexto de este desarrollo. Las capas del podio fueron iluminadas para crear una base visual fuerte, mientras juegan con el ritmo producido por los huecos en los pisos superiores. Los vol\u00famenes principales se separan entre ellos por luces ocultas en su per\u00edmetro, mientras que los elementos clave en fachada se iluminan para escalar el edificio a proporciones humanas y proporcionar un atractivo visual.<\/p>\n<p>Todo lo anterior, junto con las grandes superficies de vidrio iluminadas genera una composici\u00f3n de luces y sombras que retrata el gran gesto de los edificios.<\/p>\n","protected":false},"excerpt":{"rendered":"<p>UBICACI\u00d3N: RIAD, ARABIA SAUDITA<br \/>\nUSO: HOTELER\u00cdA<br \/>\nALCANCE: DISE\u00d1O LUM\u00cdNICO DE FACHADA<\/p>\n","protected":false},"featured_media":7904,"comment_status":"closed","ping_status":"closed","template":"","meta":{"_acf_changed":false},"product_brand":[],"product_cat":[108],"product_tag":[],"class_list":{"0":"post-6134","1":"product","2":"type-product","3":"status-publish","4":"has-post-thumbnail","6":"product_cat-proyectos","8":"first","9":"instock","10":"shipping-taxable","11":"product-type-simple"},"acf":[],"_links":{"self":[{"href":"https:\/\/umayalighting.com\/es\/wp-json\/wp\/v2\/product\/6134","targetHints":{"allow":["GET"]}}],"collection":[{"href":"https:\/\/umayalighting.com\/es\/wp-json\/wp\/v2\/product"}],"about":[{"href":"https:\/\/umayalighting.com\/es\/wp-json\/wp\/v2\/types\/product"}],"replies":[{"embeddable":true,"href":"https:\/\/umayalighting.com\/es\/wp-json\/wp\/v2\/comments?post=6134"}],"wp:featuredmedia":[{"embeddable":true,"href":"https:\/\/umayalighting.com\/es\/wp-json\/wp\/v2\/media\/7904"}],"wp:attachment":[{"href":"https:\/\/umayalighting.com\/es\/wp-json\/wp\/v2\/media?parent=6134"}],"wp:term":[{"taxonomy":"product_brand","embeddable":true,"href":"https:\/\/umayalighting.com\/es\/wp-json\/wp\/v2\/product_brand?post=6134"},{"taxonomy":"product_cat","embeddable":true,"href":"https:\/\/umayalighting.com\/es\/wp-json\/wp\/v2\/product_cat?post=6134"},{"taxonomy":"product_tag","embeddable":true,"href":"https:\/\/umayalighting.com\/es\/wp-json\/wp\/v2\/product_tag?post=6134"}],"curies":[{"name":"wp","href":"https:\/\/api.w.org\/{rel}","templated":true}]}}