{"id":6135,"date":"2023-04-24T04:02:28","date_gmt":"2023-04-24T00:02:28","guid":{"rendered":"https:\/\/umayalighting.com\/projects\/restaurante-ikiagi\/"},"modified":"2023-09-16T16:40:44","modified_gmt":"2023-09-16T12:40:44","slug":"ikigai-restaurant","status":"publish","type":"product","link":"https:\/\/umayalighting.com\/es\/projects\/ikigai-restaurant\/","title":{"rendered":"Restaurante Ikiagi"},"content":{"rendered":"<p>El esquema de iluminaci\u00f3n tiene m\u00faltiples capas, y fue cuidadosamente estudiando para complementar la experiencia culinaria y gastron\u00f3mica. Proyectores montados en rieles y peque\u00f1os downlights acent\u00faan las mesas y mostradores, mientras que ba\u00f1adores lineales e iluminaci\u00f3n integrada brindan una iluminaci\u00f3n suave en paredes, frentes, mamparas y estantes, que funcionan como fondo de escena.<\/p>\n<p>Una gran luminaria decorativa compuesta de burbujas de vidrio soplado define el \u00e1rea del comedor principal, creando un juego de sombras y reflejos sobre las mesas inspirado en la naturaleza.<\/p>\n<p>El \u00e1rea exterior es \u00edntimo y sutil, iluminado \u00fanicamente con un suave ba\u00f1ado de luz a la cerca de madera y luminarias de estilo japon\u00e9s sobre las mesas. El sistema de control est\u00e1 basado en DALI, lo que permite un control total del sistema de iluminaci\u00f3n a lo largo del d\u00eda.<\/p>\n","protected":false},"excerpt":{"rendered":"<p>UBICACI\u00d3N: DUBAI, EMIRATOS \u00c1RABES UNIDOS<br \/>\nUSO: GASTRONOM\u00cdA<br \/>\nALCANCE: DISE\u00d1O LUM\u00cdNICO DE INTERIORES<\/p>\n","protected":false},"featured_media":9171,"comment_status":"closed","ping_status":"closed","template":"","meta":{"_acf_changed":false},"product_brand":[],"product_cat":[108],"product_tag":[],"class_list":{"0":"post-6135","1":"product","2":"type-product","3":"status-publish","4":"has-post-thumbnail","6":"product_cat-proyectos","8":"first","9":"instock","10":"shipping-taxable","11":"product-type-simple"},"acf":[],"_links":{"self":[{"href":"https:\/\/umayalighting.com\/es\/wp-json\/wp\/v2\/product\/6135","targetHints":{"allow":["GET"]}}],"collection":[{"href":"https:\/\/umayalighting.com\/es\/wp-json\/wp\/v2\/product"}],"about":[{"href":"https:\/\/umayalighting.com\/es\/wp-json\/wp\/v2\/types\/product"}],"replies":[{"embeddable":true,"href":"https:\/\/umayalighting.com\/es\/wp-json\/wp\/v2\/comments?post=6135"}],"wp:featuredmedia":[{"embeddable":true,"href":"https:\/\/umayalighting.com\/es\/wp-json\/wp\/v2\/media\/9171"}],"wp:attachment":[{"href":"https:\/\/umayalighting.com\/es\/wp-json\/wp\/v2\/media?parent=6135"}],"wp:term":[{"taxonomy":"product_brand","embeddable":true,"href":"https:\/\/umayalighting.com\/es\/wp-json\/wp\/v2\/product_brand?post=6135"},{"taxonomy":"product_cat","embeddable":true,"href":"https:\/\/umayalighting.com\/es\/wp-json\/wp\/v2\/product_cat?post=6135"},{"taxonomy":"product_tag","embeddable":true,"href":"https:\/\/umayalighting.com\/es\/wp-json\/wp\/v2\/product_tag?post=6135"}],"curies":[{"name":"wp","href":"https:\/\/api.w.org\/{rel}","templated":true}]}}