{"id":6136,"date":"2023-04-24T03:58:21","date_gmt":"2023-04-23T23:58:21","guid":{"rendered":"https:\/\/umayalighting.com\/projects\/implosion\/"},"modified":"2023-09-16T16:40:44","modified_gmt":"2023-09-16T12:40:44","slug":"implosion","status":"publish","type":"product","link":"https:\/\/umayalighting.com\/es\/projects\/implosion\/","title":{"rendered":"Implosi\u00f3n"},"content":{"rendered":"<p>Desarrollar la instalaci\u00f3n de iluminaci\u00f3n principal para el arena m\u00e1s grande de la regi\u00f3n no fue una tarea f\u00e1cil. No solo ten\u00eda que evocar una sensaci\u00f3n de energ\u00eda y emoci\u00f3n, sino tambi\u00e9n dotar al hall de acceso de car\u00e1cter e identidad.<\/p>\n<p>La inspiraci\u00f3n principal se tom\u00f3 de la geometr\u00eda de la fachada. Su forma trapezoidal fue extra\u00edda y utilizada para generar los m\u00f3dulos b\u00e1sicos de dise\u00f1o. Estos m\u00f3dulos luego se organizaron en forma de embudo, como si la fachada estuviera implosionando hacia el hall de entrada como resultado de la energ\u00eda humana dentro del lugar. La instalaci\u00f3n es densa sobre el mostrador de la recepci\u00f3n y se extiende hacia arriba y afuera, con los m\u00f3dulos esparci\u00e9ndose gradualmente y llenando el espacio.<\/p>\n<p>Se desarrollaron un total de cinco m\u00f3dulos t\u00edpicos, cada uno compuesto por elementos lineales con una difusi\u00f3n de 360 grados, lo que permite ser percibido desde diferentes alturas y \u00e1ngulos de visi\u00f3n. Estas l\u00edneas de luz tienen capacidad RGBW, pudiendo reproducir una variedad de escenas desarrolladas espec\u00edficamente para branding. La instalaci\u00f3n tuvo que ser estudiada y simulada a fondo para garantizar que la disposici\u00f3n final se ajustara perfectamente al espacio. El hecho de que el proyecto se haya desarrollado completamente en BIM ayud\u00f3 enormemente a evitar choques y \u00e1ngulos de visi\u00f3n extra\u00f1os.<\/p>\n<p>Esta instalaci\u00f3n es un ejemplo interesante de c\u00f3mo la iluminaci\u00f3n puede conectar la arquitectura con el branding, a trav\u00e9s de una experiencia lum\u00ednica divertida y emocionante.<\/p>\n","protected":false},"excerpt":{"rendered":"<p>UBICACI\u00d3N: DUBAI, EMIRATOS \u00c1RABES UNIDOS<br \/>\nUSO: LIGHT ART &amp; EXPOSICIONES<br \/>\nALCANCE: DISE\u00d1O LUM\u00cdNICO DE ESPACIOS P\u00daBLICOS<\/p>\n","protected":false},"featured_media":5969,"comment_status":"closed","ping_status":"closed","template":"","meta":{"_acf_changed":false},"product_brand":[],"product_cat":[108],"product_tag":[],"class_list":{"0":"post-6136","1":"product","2":"type-product","3":"status-publish","4":"has-post-thumbnail","6":"product_cat-proyectos","8":"first","9":"instock","10":"shipping-taxable","11":"product-type-simple"},"acf":[],"_links":{"self":[{"href":"https:\/\/umayalighting.com\/es\/wp-json\/wp\/v2\/product\/6136","targetHints":{"allow":["GET"]}}],"collection":[{"href":"https:\/\/umayalighting.com\/es\/wp-json\/wp\/v2\/product"}],"about":[{"href":"https:\/\/umayalighting.com\/es\/wp-json\/wp\/v2\/types\/product"}],"replies":[{"embeddable":true,"href":"https:\/\/umayalighting.com\/es\/wp-json\/wp\/v2\/comments?post=6136"}],"wp:featuredmedia":[{"embeddable":true,"href":"https:\/\/umayalighting.com\/es\/wp-json\/wp\/v2\/media\/5969"}],"wp:attachment":[{"href":"https:\/\/umayalighting.com\/es\/wp-json\/wp\/v2\/media?parent=6136"}],"wp:term":[{"taxonomy":"product_brand","embeddable":true,"href":"https:\/\/umayalighting.com\/es\/wp-json\/wp\/v2\/product_brand?post=6136"},{"taxonomy":"product_cat","embeddable":true,"href":"https:\/\/umayalighting.com\/es\/wp-json\/wp\/v2\/product_cat?post=6136"},{"taxonomy":"product_tag","embeddable":true,"href":"https:\/\/umayalighting.com\/es\/wp-json\/wp\/v2\/product_tag?post=6136"}],"curies":[{"name":"wp","href":"https:\/\/api.w.org\/{rel}","templated":true}]}}