{"id":6137,"date":"2023-04-24T03:59:32","date_gmt":"2023-04-23T23:59:32","guid":{"rendered":"https:\/\/umayalighting.com\/projects\/centro-de-innovacion\/"},"modified":"2023-09-16T16:40:44","modified_gmt":"2023-09-16T12:40:44","slug":"innovation-centre","status":"publish","type":"product","link":"https:\/\/umayalighting.com\/es\/projects\/innovation-centre\/","title":{"rendered":"Centro de Innovaci\u00f3n"},"content":{"rendered":"<p>El dise\u00f1o de interiores gir\u00f3 en torno a la noci\u00f3n de un wadi, t\u00e9rmino \u00e1rabe para valle, donde convergen los conceptos de conocimiento, colaboraci\u00f3n, innovaci\u00f3n y emprendimiento. Por lo tanto, el espacio est\u00e1 influenciado por formas org\u00e1nicas; interconectando eventos, caracter\u00edsticas y espacios mediante pasillos ondulados que dominan la experiencia del usuario.<\/p>\n<p>El dise\u00f1o de iluminaci\u00f3n se desarroll\u00f3 en torno a esta misma idea. Una selecci\u00f3n de elementos de iluminaci\u00f3n decorativos y a medida ayud\u00f3 a definir espacios, proporcionar car\u00e1cter y contribuir a la sensaci\u00f3n general de flujo y movimiento. M\u00e1s espec\u00edficamente, la implementaci\u00f3n de luminarias con musgo ac\u00fastico apoy\u00f3 los principios de dise\u00f1o biof\u00edlico que se desarrollaron.<\/p>\n<p>Finalmente, una capa secundaria y complementaria de luminarias t\u00e9cnicas proporcion\u00f3 los niveles de iluminaci\u00f3n adecuados para las distintas tareas involucradas, al tiempo que enriqueci\u00f3 el espacio con contraste, acento e iluminaci\u00f3n vertical.<\/p>\n","protected":false},"excerpt":{"rendered":"<p>UBICACI\u00d3N: DUBAI, EMIRATOS \u00c1RABES UNIDOS<br \/>\nUSO: educativo &#8211; Oficinas &amp; Corporativo<br \/>\nALCANCE: DISE\u00d1O LUM\u00cdNICO DE INTERIORES<\/p>\n","protected":false},"featured_media":9355,"comment_status":"closed","ping_status":"closed","template":"","meta":{"_acf_changed":false},"product_brand":[],"product_cat":[108],"product_tag":[],"class_list":{"0":"post-6137","1":"product","2":"type-product","3":"status-publish","4":"has-post-thumbnail","6":"product_cat-proyectos","8":"first","9":"instock","10":"shipping-taxable","11":"product-type-simple"},"acf":[],"_links":{"self":[{"href":"https:\/\/umayalighting.com\/es\/wp-json\/wp\/v2\/product\/6137","targetHints":{"allow":["GET"]}}],"collection":[{"href":"https:\/\/umayalighting.com\/es\/wp-json\/wp\/v2\/product"}],"about":[{"href":"https:\/\/umayalighting.com\/es\/wp-json\/wp\/v2\/types\/product"}],"replies":[{"embeddable":true,"href":"https:\/\/umayalighting.com\/es\/wp-json\/wp\/v2\/comments?post=6137"}],"wp:featuredmedia":[{"embeddable":true,"href":"https:\/\/umayalighting.com\/es\/wp-json\/wp\/v2\/media\/9355"}],"wp:attachment":[{"href":"https:\/\/umayalighting.com\/es\/wp-json\/wp\/v2\/media?parent=6137"}],"wp:term":[{"taxonomy":"product_brand","embeddable":true,"href":"https:\/\/umayalighting.com\/es\/wp-json\/wp\/v2\/product_brand?post=6137"},{"taxonomy":"product_cat","embeddable":true,"href":"https:\/\/umayalighting.com\/es\/wp-json\/wp\/v2\/product_cat?post=6137"},{"taxonomy":"product_tag","embeddable":true,"href":"https:\/\/umayalighting.com\/es\/wp-json\/wp\/v2\/product_tag?post=6137"}],"curies":[{"name":"wp","href":"https:\/\/api.w.org\/{rel}","templated":true}]}}