{"id":6138,"date":"2023-04-24T04:29:32","date_gmt":"2023-04-24T00:29:32","guid":{"rendered":"https:\/\/umayalighting.com\/projects\/instituto-alfredo-vasquez-acevedo\/"},"modified":"2023-09-16T16:40:44","modified_gmt":"2023-09-16T12:40:44","slug":"institute-of-alfredo-vsquez-acevedo","status":"publish","type":"product","link":"https:\/\/umayalighting.com\/es\/projects\/institute-of-alfredo-vsquez-acevedo\/","title":{"rendered":"Instituto Alfredo V\u00e1squez Acevedo"},"content":{"rendered":"<p>Este edificio de estilo neocl\u00e1sico fue construido en 1911 como una escuela secundaria p\u00fablica, y declarado Patrimonio Nacional en 1976. En 2010 el edificio sufri\u00f3 una importante restauraci\u00f3n de fachadas, incluyendo el desarrollo de un nuevo esquema de iluminaci\u00f3n.<\/p>\n<p>Nuestra propuesta se centr\u00f3 en destacar el legado arquitect\u00f3nico del edificio y su papel en la zona, centr\u00e1ndose en sus principales elementos arquitect\u00f3nicos. Se debieron seguir estrictas normas en cuanto a cargas y puntos el\u00e9ctricos, que exigieron un an\u00e1lisis exhaustivo sobre el impacto visual logrado por luminaria propuesta y watt consumido.<\/p>\n<p>La mayor\u00eda de las luminarias se concentr\u00f3 entre la primera y segunda planta, a modo de simplificar la instalaci\u00f3n y reducir el impacto en la fachada hist\u00f3rica. Este esquema permiti\u00f3 ba\u00f1ar hacia abajo el almohadillado, proporcionando una iluminaci\u00f3n suave sobre la acera, e iluminar hacia arriba columnas, arcos y cornisas del segundo piso, destacando el car\u00e1cter y ritmo austero del edificio.<\/p>\n<p>La serie de esculturas en el techo se ilumin\u00f3 con una tonalidad m\u00e1s fr\u00eda, para crear un contraste sutil con la fachada principal y resaltar la composici\u00f3n visual de conjunto.<\/p>\n","protected":false},"excerpt":{"rendered":"<p>UBICACI\u00d3N: MONTEVIDEO, URUGUAY<br \/>\nUSO: EDUCATIVO<br \/>\nALCANCE: DISE\u00d1O LUM\u00cdNICO DE FACHADA<\/p>\n","protected":false},"featured_media":8612,"comment_status":"closed","ping_status":"closed","template":"","meta":{"_acf_changed":false},"product_brand":[],"product_cat":[108],"product_tag":[],"class_list":{"0":"post-6138","1":"product","2":"type-product","3":"status-publish","4":"has-post-thumbnail","6":"product_cat-proyectos","8":"first","9":"instock","10":"shipping-taxable","11":"product-type-simple"},"acf":[],"_links":{"self":[{"href":"https:\/\/umayalighting.com\/es\/wp-json\/wp\/v2\/product\/6138","targetHints":{"allow":["GET"]}}],"collection":[{"href":"https:\/\/umayalighting.com\/es\/wp-json\/wp\/v2\/product"}],"about":[{"href":"https:\/\/umayalighting.com\/es\/wp-json\/wp\/v2\/types\/product"}],"replies":[{"embeddable":true,"href":"https:\/\/umayalighting.com\/es\/wp-json\/wp\/v2\/comments?post=6138"}],"wp:featuredmedia":[{"embeddable":true,"href":"https:\/\/umayalighting.com\/es\/wp-json\/wp\/v2\/media\/8612"}],"wp:attachment":[{"href":"https:\/\/umayalighting.com\/es\/wp-json\/wp\/v2\/media?parent=6138"}],"wp:term":[{"taxonomy":"product_brand","embeddable":true,"href":"https:\/\/umayalighting.com\/es\/wp-json\/wp\/v2\/product_brand?post=6138"},{"taxonomy":"product_cat","embeddable":true,"href":"https:\/\/umayalighting.com\/es\/wp-json\/wp\/v2\/product_cat?post=6138"},{"taxonomy":"product_tag","embeddable":true,"href":"https:\/\/umayalighting.com\/es\/wp-json\/wp\/v2\/product_tag?post=6138"}],"curies":[{"name":"wp","href":"https:\/\/api.w.org\/{rel}","templated":true}]}}