{"id":6139,"date":"2023-04-24T04:06:33","date_gmt":"2023-04-24T00:06:33","guid":{"rendered":"https:\/\/umayalighting.com\/projects\/hotel-intercontinental\/"},"modified":"2023-09-16T16:40:44","modified_gmt":"2023-09-16T12:40:44","slug":"intercontinental-hotel","status":"publish","type":"product","link":"https:\/\/umayalighting.com\/es\/projects\/intercontinental-hotel\/","title":{"rendered":"Hotel InterContinental"},"content":{"rendered":"<p>Este complejo junto a la playa albergar\u00e1 350 habitaciones, suites de lujo, gimnasio, spa y dos piscinas, adem\u00e1s de varios restaurantes. El dise\u00f1o interior es relajado y acogedor, basado en una combinaci\u00f3n equilibrada de madera, piedra y textiles naturales en todas las \u00e1reas.<\/p>\n<p>El dise\u00f1o de iluminaci\u00f3n para las \u00e1reas comunes refuerza esta misma idea, jugando con varias capas de luz, agregando contrastes interesantes y trabajando con temperaturas de color c\u00e1lidas. El resultado es un entorno tranquilo, como si fuera una casa particular de fin de semana.<\/p>\n","protected":false},"excerpt":{"rendered":"<p>UBICACI\u00d3N: Ras Al Jaima, EMIRATOS \u00c1RABES UNIDOS<br \/>\nUSO: HOTELER\u00cdA<br \/>\nALCANCE: DISE\u00d1O LUM\u00cdNICO DE INTERIORES<\/p>\n","protected":false},"featured_media":8968,"comment_status":"closed","ping_status":"closed","template":"","meta":{"_acf_changed":false},"product_brand":[],"product_cat":[108],"product_tag":[],"class_list":{"0":"post-6139","1":"product","2":"type-product","3":"status-publish","4":"has-post-thumbnail","6":"product_cat-proyectos","8":"first","9":"instock","10":"shipping-taxable","11":"product-type-simple"},"acf":[],"_links":{"self":[{"href":"https:\/\/umayalighting.com\/es\/wp-json\/wp\/v2\/product\/6139","targetHints":{"allow":["GET"]}}],"collection":[{"href":"https:\/\/umayalighting.com\/es\/wp-json\/wp\/v2\/product"}],"about":[{"href":"https:\/\/umayalighting.com\/es\/wp-json\/wp\/v2\/types\/product"}],"replies":[{"embeddable":true,"href":"https:\/\/umayalighting.com\/es\/wp-json\/wp\/v2\/comments?post=6139"}],"wp:featuredmedia":[{"embeddable":true,"href":"https:\/\/umayalighting.com\/es\/wp-json\/wp\/v2\/media\/8968"}],"wp:attachment":[{"href":"https:\/\/umayalighting.com\/es\/wp-json\/wp\/v2\/media?parent=6139"}],"wp:term":[{"taxonomy":"product_brand","embeddable":true,"href":"https:\/\/umayalighting.com\/es\/wp-json\/wp\/v2\/product_brand?post=6139"},{"taxonomy":"product_cat","embeddable":true,"href":"https:\/\/umayalighting.com\/es\/wp-json\/wp\/v2\/product_cat?post=6139"},{"taxonomy":"product_tag","embeddable":true,"href":"https:\/\/umayalighting.com\/es\/wp-json\/wp\/v2\/product_tag?post=6139"}],"curies":[{"name":"wp","href":"https:\/\/api.w.org\/{rel}","templated":true}]}}