{"id":6140,"date":"2023-04-24T04:03:58","date_gmt":"2023-04-24T00:03:58","guid":{"rendered":"https:\/\/umayalighting.com\/projects\/jumeirah-bay-resort\/"},"modified":"2023-09-16T16:40:45","modified_gmt":"2023-09-16T12:40:45","slug":"jumeirah-bay-resort","status":"publish","type":"product","link":"https:\/\/umayalighting.com\/es\/projects\/jumeirah-bay-resort\/","title":{"rendered":"Jumeirah Bay Resort"},"content":{"rendered":"<p>La iluminaci\u00f3n de fachada tiene bajo brillo y una temperatura de color m\u00e1s c\u00e1lida para crear un ambiente relajante y acogedor. Un ba\u00f1ado suave realza los elementos arquitect\u00f3nicos, produciendo un buen equilibrio entre superficies brillantes y oscuras.<\/p>\n<p>El \u00e1rea de entrada tiene mayor brillo para atraer y guiar a los visitantes, mientras que fanales decorativos que combinan con la arquitectura agregan un toque c\u00e1lido a la experiencia de llegada. La luz proveniente de las \u00e1reas internas en la planta baja juega maravillosamente con las superficies externas suavemente iluminadas.<\/p>\n<p>Las paredes de piedra caliza en planta baja est\u00e1n iluminadas de la misma manera, fusionando interior y exterior, y defini\u00e9ndolas como el elemento arquitect\u00f3nico principal. Adem\u00e1s, la luz que refleja de esas paredes agrega un tono de luz c\u00e1lido y relajante.<\/p>\n<p>Los cuerpos de agua junto a la fachada se mantuvieron oscuros para actuar como espejos que reflejan el edificio, creando un efecto dram\u00e1tico durante la noche. Finalmente, los paneles en la fachada superior se ba\u00f1aron suavemente para permitir que los pabellones aparecieran como si estuvieran flotando sobre el suelo.<\/p>\n","protected":false},"excerpt":{"rendered":"<p>UBICACI\u00d3N: DUBAI, EMIRATOS \u00c1RABES UNIDOS<br \/>\nUSO: HOTELER\u00cdA<br \/>\nALCANCE: DISE\u00d1O LUM\u00cdNICO DE INTERIORES &amp; FACHADA<\/p>\n","protected":false},"featured_media":9237,"comment_status":"closed","ping_status":"closed","template":"","meta":{"_acf_changed":false},"product_brand":[],"product_cat":[108],"product_tag":[],"class_list":{"0":"post-6140","1":"product","2":"type-product","3":"status-publish","4":"has-post-thumbnail","6":"product_cat-proyectos","8":"first","9":"instock","10":"shipping-taxable","11":"product-type-simple"},"acf":[],"_links":{"self":[{"href":"https:\/\/umayalighting.com\/es\/wp-json\/wp\/v2\/product\/6140","targetHints":{"allow":["GET"]}}],"collection":[{"href":"https:\/\/umayalighting.com\/es\/wp-json\/wp\/v2\/product"}],"about":[{"href":"https:\/\/umayalighting.com\/es\/wp-json\/wp\/v2\/types\/product"}],"replies":[{"embeddable":true,"href":"https:\/\/umayalighting.com\/es\/wp-json\/wp\/v2\/comments?post=6140"}],"wp:featuredmedia":[{"embeddable":true,"href":"https:\/\/umayalighting.com\/es\/wp-json\/wp\/v2\/media\/9237"}],"wp:attachment":[{"href":"https:\/\/umayalighting.com\/es\/wp-json\/wp\/v2\/media?parent=6140"}],"wp:term":[{"taxonomy":"product_brand","embeddable":true,"href":"https:\/\/umayalighting.com\/es\/wp-json\/wp\/v2\/product_brand?post=6140"},{"taxonomy":"product_cat","embeddable":true,"href":"https:\/\/umayalighting.com\/es\/wp-json\/wp\/v2\/product_cat?post=6140"},{"taxonomy":"product_tag","embeddable":true,"href":"https:\/\/umayalighting.com\/es\/wp-json\/wp\/v2\/product_tag?post=6140"}],"curies":[{"name":"wp","href":"https:\/\/api.w.org\/{rel}","templated":true}]}}