{"id":6141,"date":"2023-04-24T04:00:57","date_gmt":"2023-04-24T00:00:57","guid":{"rendered":"https:\/\/umayalighting.com\/projects\/hotel-jumeirah-beach\/"},"modified":"2023-09-16T16:40:45","modified_gmt":"2023-09-16T12:40:45","slug":"jumeirah-beach-hotel","status":"publish","type":"product","link":"https:\/\/umayalighting.com\/es\/projects\/jumeirah-beach-hotel\/","title":{"rendered":"Hotel Jumeirah Beach"},"content":{"rendered":"<p>Inaugurado en 1997, el Jumeirah Beach Hotel es uno de los edificios m\u00e1s notables e ic\u00f3nicos de la ciudad. Con una ubicaci\u00f3n de privilegio sobre la playa Jumeirah y junto al Burj Al Arab, este hotel es una atracci\u00f3n tur\u00edstica de primer orden y un destino en s\u00ed mismo.<\/p>\n<p>Nuestro enfoque apunt\u00f3 a enfatizar la identidad del hotel. Los renovados interiores fueron inspirados en el mar, donde elementos clave llamaron la atenci\u00f3n en medio de la composici\u00f3n arquitect\u00f3nica.<\/p>\n<p>La recepci\u00f3n, el vest\u00edbulo y el atrio se planificaron como una secuencia de marcos pict\u00f3ricos conectados por objetivos visuales. En cuanto ingresamos, nuestros ojos son atra\u00eddos por la pared con textura retroiluminada detr\u00e1s del mostrador de la recepci\u00f3n, seguida de la instalaci\u00f3n de iluminaci\u00f3n cin\u00e9tica de varios pisos en el atrio. Una vez que asimilamos este elemento sorpresa, notamos la pared facetada detr\u00e1s del conserje y finalmente la c\u00fapula iluminada tejida sobre el caf\u00e9.<\/p>\n<p>El restaurante de uso diario cuenta con luminarias colgantes dese\u00f1adas a medida inspiradas en las tradicionales cestas de mimbre utilizadas por pescadores, las cuales contienen peque\u00f1os puntos de luz que asemejan los reflejos sobre la superficie del agua. Estos forman un grupo de 104 piezas que se extiende a lo largo del restaurante, creando un elemento atractivo y unificador.<\/p>\n<p>Otras \u00e1reas incluyen los pasillos, vest\u00edbulos de ascensores, ascensores, habitaciones, suites, vest\u00edbulo de playa, \u00e1rea para ni\u00f1os y terrazas al aire libre; todo dise\u00f1ado con el mismo cuidado y atenci\u00f3n al detalle que result\u00f3 en una experiencia excepcional.<\/p>\n","protected":false},"excerpt":{"rendered":"<p>UBICACI\u00d3N: DUBAI, EMIRATOS \u00c1RABES UNIDOS<br \/>\nUSO: HOTELER\u00cdA<br \/>\nALCANCE: DISE\u00d1O LUM\u00cdNICO DE<br \/>\nINTERIORES &amp; EXTERIORES<\/p>\n","protected":false},"featured_media":9283,"comment_status":"closed","ping_status":"closed","template":"","meta":{"_acf_changed":false},"product_brand":[],"product_cat":[108],"product_tag":[],"class_list":{"0":"post-6141","1":"product","2":"type-product","3":"status-publish","4":"has-post-thumbnail","6":"product_cat-proyectos","8":"first","9":"instock","10":"shipping-taxable","11":"product-type-simple"},"acf":[],"_links":{"self":[{"href":"https:\/\/umayalighting.com\/es\/wp-json\/wp\/v2\/product\/6141","targetHints":{"allow":["GET"]}}],"collection":[{"href":"https:\/\/umayalighting.com\/es\/wp-json\/wp\/v2\/product"}],"about":[{"href":"https:\/\/umayalighting.com\/es\/wp-json\/wp\/v2\/types\/product"}],"replies":[{"embeddable":true,"href":"https:\/\/umayalighting.com\/es\/wp-json\/wp\/v2\/comments?post=6141"}],"wp:featuredmedia":[{"embeddable":true,"href":"https:\/\/umayalighting.com\/es\/wp-json\/wp\/v2\/media\/9283"}],"wp:attachment":[{"href":"https:\/\/umayalighting.com\/es\/wp-json\/wp\/v2\/media?parent=6141"}],"wp:term":[{"taxonomy":"product_brand","embeddable":true,"href":"https:\/\/umayalighting.com\/es\/wp-json\/wp\/v2\/product_brand?post=6141"},{"taxonomy":"product_cat","embeddable":true,"href":"https:\/\/umayalighting.com\/es\/wp-json\/wp\/v2\/product_cat?post=6141"},{"taxonomy":"product_tag","embeddable":true,"href":"https:\/\/umayalighting.com\/es\/wp-json\/wp\/v2\/product_tag?post=6141"}],"curies":[{"name":"wp","href":"https:\/\/api.w.org\/{rel}","templated":true}]}}