{"id":6142,"date":"2023-04-24T04:25:24","date_gmt":"2023-04-24T00:25:24","guid":{"rendered":"https:\/\/umayalighting.com\/projects\/ciudad-medica-king-abdullah\/"},"modified":"2023-09-16T16:40:45","modified_gmt":"2023-09-16T12:40:45","slug":"king-abdullah-medical-city","status":"publish","type":"product","link":"https:\/\/umayalighting.com\/es\/projects\/king-abdullah-medical-city\/","title":{"rendered":"Ciudad Medica King Abdullah"},"content":{"rendered":"<p>Esta importante expansi\u00f3n de la Ciudad Medica King Abdullah fue desarrollada en una parcela de 400 hect\u00e1reas (988 acres) est\u00e1 compuesta de edificios m\u00e9dicos y viviendas para el personal, con un enfoque hacia la atenci\u00f3n digna para satisfacer las futuras necesidades de la regi\u00f3n. Se crearon 500 camas adicionales al hospital principal, junto con centros de Rehabilitaci\u00f3n, Cardiolog\u00eda, Oncolog\u00eda, Neurociencias, Pediatr\u00eda, Trasplante y Guarder\u00edas.<\/p>\n<p>Las obras de ampliaci\u00f3n generaron una ciudad dedicada enteramente a soluciones de salud, incluyendo cl\u00ednicas de consulta externa, laboratorio cl\u00ednico, centro de investigaci\u00f3n, oficinas de gesti\u00f3n, un centro de entrenamiento con auditorio, mezquita, guarder\u00eda, centro de datos y edificio de log\u00edstica.<\/p>\n<p>Las residencias para doctores y personal m\u00e9dico se centran en un estilo de vida de calidad, para alentar al personal a unirse y apoyar la Ciudad Medica King Abdullah con casas y edificios de apartamentos. Estos se desarrollaron alrededor de un centro comercial, restaurantes, biblioteca, sal\u00f3n de usos m\u00faltiples y clubhouse con piscinas y parques infantiles.<\/p>\n<p><strong>El Master Plan Lum\u00ednico<\/strong><\/p>\n<p>El master plan de iluminaci\u00f3n para un emprendimiento tan grande y complejo necesitaba ser integral, flexible y consistente. Integral porque cubri\u00f3 todos los aspectos y escalas del dise\u00f1o lum\u00ednico, desde los valores de iluminancia general en calles hasta criterios t\u00e9cnicos de luminarias. Flexible ya que deber\u00eda ser capaz de adaptarse a una variedad de situaciones diferentes, y consistente, ya que necesitaba seguir los mismos principios y estrategias de iluminaci\u00f3n a lo largo de todo el proyecto.<\/p>\n<p>El plan se basa en tres paquetes principales de requisitos; estos son los t\u00e9cnicos, funcionales y econ\u00f3micos, que se fusionaron para formar un conjunto s\u00f3lido de directrices donde basarse para crear esquemas de iluminaci\u00f3n individuales y prever el desarrollo futuro.<\/p>\n<p><strong>Alumbrado P\u00fablico<\/strong><\/p>\n<p>Adem\u00e1s de la luz funcional, un objetivo clave del esquema de alumbrado p\u00fablico propuesto fue denotar la jerarqu\u00eda de calles del emprendimiento, para facilitar as\u00ed la b\u00fasqueda y ayudar en el reconocimiento espacial.<\/p>\n<p>El dise\u00f1o org\u00e1nico de los postes se funde con el paisaje circundante y permite un mejor alcance de la luz y as\u00ed una mayor uniformidad, mientras que balizas Led en la parte superior indican las v\u00edas principales de la ciudad, ayudando en la navegaci\u00f3n y localizaci\u00f3n del hospital principal.<\/p>\n<p>Con el fin de no dominar la iluminaci\u00f3n de fachada y paisaje, estos postes fueron dise\u00f1ados de la misma altura que las palmeras que flanquean las calles. En contraposici\u00f3n a la temperatura de color blanco neutro utilizada en las calles de toda la ciudad, los estacionamientos se iluminaron con una temperatura de color blanco c\u00e1lido, para lograr un ambiente suave y discreto.<\/p>\n<p><strong>Iluminaci\u00f3n de Paisaje<\/strong><\/p>\n<p>La principal intenci\u00f3n del dise\u00f1o lum\u00ednico de paisaje fue crear un ambiente suave y acogedor, al mismo tiempo que brindar a los usuarios referencias constantes que le ayuden a navegar por la ciudad. Se prest\u00f3 cuidadosa atenci\u00f3n en resaltar las caracter\u00edsticas \u00fanicas de cada elemento (textura, color y gesto), donde la iluminaci\u00f3n general de ambiente es la suma de estrategias lum\u00ednicas individuales. El resultado es un entorno atractivo con un estudiado equilibrio de brillos y contrastes, respetando y distinguiendo el entorno y evitando escenas de iluminaci\u00f3n visualmente violentas.<\/p>\n<p>Las estrategias de iluminaci\u00f3n utilizadas son consistentes a lo largo del proyecto, donde la luz se convierte en un lenguaje que gu\u00eda y transmite un mensaje al usuario. Caminos, escalones, rampas, puentes, bancos y todos los dem\u00e1s elementos tienen un enfoque \u00fanico de iluminaci\u00f3n que denota su uso y contribuye al dise\u00f1o lum\u00ednico global. La vegetaci\u00f3n se ilumin\u00f3 teniendo en cuenta su altura, copa, forma, densidad, color, textura y follaje, creando referencias visuales, l\u00edmites, ritmos y objetivos visuales como sea necesario.<\/p>\n<p><strong>Columna Principal<\/strong><\/p>\n<p>La columna principal es una banda verde 2 km de largo, que articula los edificios situados a ambos lados y conecta la zona m\u00e9dica con las \u00e1reas residenciales. Juega un papel fundamental en la estructuraci\u00f3n de la ciudad y proporciona un espacio para la recreaci\u00f3n e interacci\u00f3n con la comunidad.<\/p>\n<p>El dise\u00f1o de paisaje sugiri\u00f3 subdivisiones de esta banda usando tres tipos de elementos transversales; pavimentos, vegetaci\u00f3n y fuentes. Estos fueron el blanco de nuestra estrategia lum\u00ednica y en conjunto proporcionaron la iluminaci\u00f3n ambiente necesaria. Al resaltar estas barreras visuales definimos peque\u00f1os subespacios a una escala humana, que se perciben como seguros y acogedores. A una escala mayor estas barreras visuales funcionan como puntos de referencia, proporcionando uniformidad y coherencia al espacio. La columna se vive en partes pero se percibe como un todo, convirti\u00e9ndose en una secuencia de diferentes escenas que pertenecen a una misma historia.<\/p>\n<p>Se a\u00f1adieron dos elementos de dise\u00f1o adicionales, los Eventos y las Invitaciones. Los Eventos son intervenciones puntuales de iluminaci\u00f3n para crear espacios singulares a lo largo de la columna vertebral, evitando la homogeneidad de una ciudad dise\u00f1ada de cero y fomentando la interacci\u00f3n humana. Estas intervenciones \u00abart\u00edsticas\u00bb est\u00e1n conectadas conceptualmente y forman una secuencia de experiencias visuales. Las Invitaciones llaman a los peatones fuera de la columna principal y dentro de los edificios, facilitando as\u00ed la b\u00fasqueda y estableciendo un lenguaje com\u00fan.<\/p>\n<p><strong>Lluminaci\u00f3n de Fachada<\/strong><\/p>\n<p>La iluminaci\u00f3n de fachada para los edificios es simple y directa. Se centr\u00f3 en acentuar el lenguaje arquitect\u00f3nico y gesto de cada edificio, para crear una apariencia uniforme y contempor\u00e1nea a lo largo del proyecto, en armon\u00eda con la iluminaci\u00f3n interior proyectada hacia el exterior. Se prest\u00f3 especial atenci\u00f3n en ocultar todo el equipo lum\u00ednico dentro de la piel de cada edificio y mantener los costos energ\u00e9ticos en un m\u00ednimo razonable.<\/p>\n<p>Algunos edificios selectos recibieron un tratamiento lum\u00ednico especial, como ser el Hospital Principal, el Centro de Inform\u00e1tica y la Mezquita, para destacar su presencia en la ciudad y resaltar su funci\u00f3n de lugares emblem\u00e1ticos.<\/p>\n<p><strong>Iluminaci\u00f3n de Interiores<\/strong><\/p>\n<p>El esquema lum\u00ednico de interiores es limpio y funcional. Se centra en brindar la calidad adecuada de luz para un programa de salud, respetando la est\u00e9tica desarrollada por los dise\u00f1adores de interiores. Las fuentes de luz se ocultan principalmente en gargantas y ranuras, para lograr un ambiente moderno y sofisticado y evitar as\u00ed la contaminaci\u00f3n visual del espacio.<\/p>\n<p>Las \u00e1reas comunes est\u00e1n totalmente automatizadas por medio del sistema DALI, que controla la emisi\u00f3n de luz de cada fuente basado en las condiciones de luz natural y comportamientos de los usuarios, logrando condiciones ideales de iluminaci\u00f3n a lo largo del d\u00eda y una reducci\u00f3n considerable de los costos energ\u00e9ticos.<\/p>\n","protected":false},"excerpt":{"rendered":"<p>UBICACI\u00d3N: LA MECA, ARABIA SAUDITA<br \/>\nUSO: Urbano &amp; Comunidades &#8211; SALUD &#8211; EDUCATIVO &#8211; RESIDENCIAL<br \/>\nALCANCE: DISE\u00d1O LUM\u00cdNICO DE MASTER PLANNING, ESPACIOS P\u00daBLICOS, INTERIORES,<br \/>\nEXTERNAL, FA\u00c7ADE &amp; LANDSCAPE LIGHTING DESIGN EXTERIORES, FACHADA &amp; PAISAJISMO<\/p>\n","protected":false},"featured_media":8700,"comment_status":"closed","ping_status":"closed","template":"","meta":{"_acf_changed":false},"product_brand":[],"product_cat":[108],"product_tag":[],"class_list":{"0":"post-6142","1":"product","2":"type-product","3":"status-publish","4":"has-post-thumbnail","6":"product_cat-proyectos","8":"first","9":"instock","10":"shipping-taxable","11":"product-type-simple"},"acf":[],"_links":{"self":[{"href":"https:\/\/umayalighting.com\/es\/wp-json\/wp\/v2\/product\/6142","targetHints":{"allow":["GET"]}}],"collection":[{"href":"https:\/\/umayalighting.com\/es\/wp-json\/wp\/v2\/product"}],"about":[{"href":"https:\/\/umayalighting.com\/es\/wp-json\/wp\/v2\/types\/product"}],"replies":[{"embeddable":true,"href":"https:\/\/umayalighting.com\/es\/wp-json\/wp\/v2\/comments?post=6142"}],"wp:featuredmedia":[{"embeddable":true,"href":"https:\/\/umayalighting.com\/es\/wp-json\/wp\/v2\/media\/8700"}],"wp:attachment":[{"href":"https:\/\/umayalighting.com\/es\/wp-json\/wp\/v2\/media?parent=6142"}],"wp:term":[{"taxonomy":"product_brand","embeddable":true,"href":"https:\/\/umayalighting.com\/es\/wp-json\/wp\/v2\/product_brand?post=6142"},{"taxonomy":"product_cat","embeddable":true,"href":"https:\/\/umayalighting.com\/es\/wp-json\/wp\/v2\/product_cat?post=6142"},{"taxonomy":"product_tag","embeddable":true,"href":"https:\/\/umayalighting.com\/es\/wp-json\/wp\/v2\/product_tag?post=6142"}],"curies":[{"name":"wp","href":"https:\/\/api.w.org\/{rel}","templated":true}]}}