{"id":6143,"date":"2023-04-24T04:18:05","date_gmt":"2023-04-24T00:18:05","guid":{"rendered":"https:\/\/umayalighting.com\/projects\/hospital-y-centro-de-investigacion-rey-faisal\/"},"modified":"2023-09-16T16:40:45","modified_gmt":"2023-09-16T12:40:45","slug":"king-faisal-specialist-hospital-research-centre","status":"publish","type":"product","link":"https:\/\/umayalighting.com\/es\/projects\/king-faisal-specialist-hospital-research-centre\/","title":{"rendered":"Hospital y Centro de Investigaci\u00f3n Rey Faisal"},"content":{"rendered":"<p>El alcance de este proyecto incluy\u00f3 el dise\u00f1o de iluminaci\u00f3n de interiores, fachadas y paisajismo para los edificios educativos, de investigaci\u00f3n y de administraci\u00f3n, como parte de una expansi\u00f3n de 500.000m2 de esta ciudad m\u00e9dica.<\/p>\n<p>El sistema de iluminaci\u00f3n de fachadas del edificio educativo se centr\u00f3 en la estructura tridimensional que soporta el vidriado param\u00e9trico. Luminarias empotradas en el piso de cada planta ba\u00f1an la estructura hacia arriba, dotando al edificio de profundidad y capas durante la noche. Esta propuesta se perfeccion\u00f3 mediante la integraci\u00f3n de un dise\u00f1o de control din\u00e1mico, permitiendo al edificio cambios de matices y colores en el tiempo, o proyectar un gradiente de luz fija en la fachada.<\/p>\n<p>La iluminaci\u00f3n de los edificios de investigaci\u00f3n y administraci\u00f3n se concentr\u00f3 en mostrar su principal gesto arquitect\u00f3nico, sin subyugar visualmente al edificio educativo. Las estrategias de iluminaci\u00f3n utilizadas resaltan los diferentes elementos arquitect\u00f3nicos (muros, cortes, patrones y texturas) para dar car\u00e1cter a la configuraci\u00f3n y proporcionar la iluminaci\u00f3n funcional necesaria. Se utiliz\u00f3 tambi\u00e9n la iluminaci\u00f3n interior para destacar la geometr\u00eda de los edificios, reduciendo al mismo tiempo las cargas exteriores.<\/p>\n<p>La iluminaci\u00f3n del paisaje es sutil, y se enfoc\u00f3 en resaltar los diferentes elementos como forma de proporcionar la iluminaci\u00f3n ambiental, destacando la organizaci\u00f3n exterior y complementando la iluminaci\u00f3n de fachada de los tres edificios.<\/p>\n<p>Para la iluminaci\u00f3n de interiores el objetivo fue crear un ambiente sofisticado y acogedor, revelando los materiales utilizados y realzando el espacio en su conjunto. La iluminaci\u00f3n de base se logr\u00f3 con luminarias empotradas, acopladas con focos id\u00e9nticos en tama\u00f1o y forma. Estos proporcionan charcos de luz que enriquecen el espacio, definiendo el mobiliario como puntos focales y logrando los niveles de iluminaci\u00f3n necesarios en las superficies de trabajo.<\/p>\n<p>Las texturas de las paredes se acentuaron con perfiles ocultos en gargantas perimetrales, iluminando las superficies verticales, equilibrando la luz en el lugar y mejorando la calidad espacial. Perfiles LED se utilizaron en los mostradores y obras de arte para a\u00f1adir profundidad y direcci\u00f3n.<\/p>\n","protected":false},"excerpt":{"rendered":"<p>UBICACI\u00d3N: YEDA, ARABIA SAUDITA<br \/>\nUSO: SALUD &#8211; EDUCATIVO<br \/>\nALCANCE: DISE\u00d1O LUM\u00cdNICO DE INTERIORES, FACHADA Y PAISAJISMO<\/p>\n","protected":false},"featured_media":8625,"comment_status":"closed","ping_status":"closed","template":"","meta":{"_acf_changed":false},"product_brand":[],"product_cat":[108],"product_tag":[],"class_list":{"0":"post-6143","1":"product","2":"type-product","3":"status-publish","4":"has-post-thumbnail","6":"product_cat-proyectos","8":"first","9":"instock","10":"shipping-taxable","11":"product-type-simple"},"acf":[],"_links":{"self":[{"href":"https:\/\/umayalighting.com\/es\/wp-json\/wp\/v2\/product\/6143","targetHints":{"allow":["GET"]}}],"collection":[{"href":"https:\/\/umayalighting.com\/es\/wp-json\/wp\/v2\/product"}],"about":[{"href":"https:\/\/umayalighting.com\/es\/wp-json\/wp\/v2\/types\/product"}],"replies":[{"embeddable":true,"href":"https:\/\/umayalighting.com\/es\/wp-json\/wp\/v2\/comments?post=6143"}],"wp:featuredmedia":[{"embeddable":true,"href":"https:\/\/umayalighting.com\/es\/wp-json\/wp\/v2\/media\/8625"}],"wp:attachment":[{"href":"https:\/\/umayalighting.com\/es\/wp-json\/wp\/v2\/media?parent=6143"}],"wp:term":[{"taxonomy":"product_brand","embeddable":true,"href":"https:\/\/umayalighting.com\/es\/wp-json\/wp\/v2\/product_brand?post=6143"},{"taxonomy":"product_cat","embeddable":true,"href":"https:\/\/umayalighting.com\/es\/wp-json\/wp\/v2\/product_cat?post=6143"},{"taxonomy":"product_tag","embeddable":true,"href":"https:\/\/umayalighting.com\/es\/wp-json\/wp\/v2\/product_tag?post=6143"}],"curies":[{"name":"wp","href":"https:\/\/api.w.org\/{rel}","templated":true}]}}