{"id":6154,"date":"2023-04-24T04:24:47","date_gmt":"2023-04-24T00:24:47","guid":{"rendered":"https:\/\/umayalighting.com\/projects\/capilla-la-cantera\/"},"modified":"2023-09-16T16:40:45","modified_gmt":"2023-09-16T12:40:45","slug":"la-cantera-chapel","status":"publish","type":"product","link":"https:\/\/umayalighting.com\/es\/projects\/la-cantera-chapel\/","title":{"rendered":"Capilla La Cantera"},"content":{"rendered":"<p>El enfoque para el dise\u00f1o de iluminaci\u00f3n de esta capilla se centr\u00f3 principalmente en la iluminaci\u00f3n de las superficies verticales para crear una sensaci\u00f3n m\u00e1s amplia del espacio, a la vez que se acentu\u00f3 el arte sacro, definiendo objetivos visuales y marcando una fuerte direccionalidad.<\/p>\n<p>Luminarias ocultas en las cornisas de madera iluminan de manera rasante las paredes superiores y el techo, mejorando la perspectiva desde la entrada y proporcionando una iluminaci\u00f3n uniforme de base en la nave. Dos capas de luminarias empotrables ubicadas debajo de la cornisa iluminan los pasillos laterales y proporcionan acento en la iconograf\u00eda situada en las paredes.<\/p>\n<p>Los arcos se iluminaron desde el nivel de la cornisa para enmarcar el altar. Por \u00faltimo, el fresco del altar se ilumino desde ambos lados, proporcionando un fuerte punto focal, a\u00f1adiendo drama y contraste a la escena.<\/p>\n","protected":false},"excerpt":{"rendered":"<p>UBICACI\u00d3N: MONTEVIDEO, URUGUAY<br \/>\nUSO: CULTO<br \/>\nALCANCE: DISE\u00d1O LUM\u00cdNICO DE INTERIORES<\/p>\n","protected":false},"featured_media":8350,"comment_status":"closed","ping_status":"closed","template":"","meta":{"_acf_changed":false},"product_brand":[],"product_cat":[108],"product_tag":[],"class_list":{"0":"post-6154","1":"product","2":"type-product","3":"status-publish","4":"has-post-thumbnail","6":"product_cat-proyectos","8":"first","9":"instock","10":"shipping-taxable","11":"product-type-simple"},"acf":[],"_links":{"self":[{"href":"https:\/\/umayalighting.com\/es\/wp-json\/wp\/v2\/product\/6154","targetHints":{"allow":["GET"]}}],"collection":[{"href":"https:\/\/umayalighting.com\/es\/wp-json\/wp\/v2\/product"}],"about":[{"href":"https:\/\/umayalighting.com\/es\/wp-json\/wp\/v2\/types\/product"}],"replies":[{"embeddable":true,"href":"https:\/\/umayalighting.com\/es\/wp-json\/wp\/v2\/comments?post=6154"}],"wp:featuredmedia":[{"embeddable":true,"href":"https:\/\/umayalighting.com\/es\/wp-json\/wp\/v2\/media\/8350"}],"wp:attachment":[{"href":"https:\/\/umayalighting.com\/es\/wp-json\/wp\/v2\/media?parent=6154"}],"wp:term":[{"taxonomy":"product_brand","embeddable":true,"href":"https:\/\/umayalighting.com\/es\/wp-json\/wp\/v2\/product_brand?post=6154"},{"taxonomy":"product_cat","embeddable":true,"href":"https:\/\/umayalighting.com\/es\/wp-json\/wp\/v2\/product_cat?post=6154"},{"taxonomy":"product_tag","embeddable":true,"href":"https:\/\/umayalighting.com\/es\/wp-json\/wp\/v2\/product_tag?post=6154"}],"curies":[{"name":"wp","href":"https:\/\/api.w.org\/{rel}","templated":true}]}}