{"id":6161,"date":"2023-04-24T04:20:23","date_gmt":"2023-04-24T00:20:23","guid":{"rendered":"https:\/\/umayalighting.com\/projects\/edificio-landmark-group\/"},"modified":"2023-09-16T16:40:45","modified_gmt":"2023-09-16T12:40:45","slug":"landmark-group-headquarters","status":"publish","type":"product","link":"https:\/\/umayalighting.com\/es\/projects\/landmark-group-headquarters\/","title":{"rendered":"Edificio Landmark Group"},"content":{"rendered":"<p>La idea central fue utilizar la iluminaci\u00f3n de la fachada como lenguaje, como un medio de comunicaci\u00f3n con la gente y la ciudad.<\/p>\n<p>La moda es una industria din\u00e1mica y apasionante, con tendencias en constante cambio, haci\u00e9ndola dif\u00edcil de seguir y mantener su ritmo. Con la ayuda de la iluminaci\u00f3n de fachada, la empresa es capaz de compartir esta informaci\u00f3n con sus clientes y actuar como un pionero de la moda.<\/p>\n<p>Eventos y ocasiones especiales siempre se celebran en los Emiratos \u00c1rabes. La empresa puede mostrar su apoyo y hacer una declaraci\u00f3n con la ayuda de su fachada din\u00e1mica. Tambi\u00e9n se puede utilizar como manera de comunicarle al p\u00fablico los eventos especiales que suceden en sus tiendas.<\/p>\n<p>El edificio se convierte as\u00ed en un elemento de sorpresa en el contexto de la ciudad, manteniendo a la poblaci\u00f3n expectante de c\u00f3mo lucir\u00e1 el edificio la siguiente noche.<\/p>\n","protected":false},"excerpt":{"rendered":"<p>UBICACI\u00d3N: DUBAI, EMIRATOS \u00c1RABES UNIDOS<br \/>\nUSO: Oficinas &amp; Corporativo<br \/>\nALCANCE: DISE\u00d1O LUM\u00cdNICO DE FACHADA &amp; EVENTO<\/p>\n","protected":false},"featured_media":8183,"comment_status":"closed","ping_status":"closed","template":"","meta":{"_acf_changed":false},"product_brand":[],"product_cat":[108],"product_tag":[],"class_list":{"0":"post-6161","1":"product","2":"type-product","3":"status-publish","4":"has-post-thumbnail","6":"product_cat-proyectos","8":"first","9":"instock","10":"shipping-taxable","11":"product-type-simple"},"acf":[],"_links":{"self":[{"href":"https:\/\/umayalighting.com\/es\/wp-json\/wp\/v2\/product\/6161","targetHints":{"allow":["GET"]}}],"collection":[{"href":"https:\/\/umayalighting.com\/es\/wp-json\/wp\/v2\/product"}],"about":[{"href":"https:\/\/umayalighting.com\/es\/wp-json\/wp\/v2\/types\/product"}],"replies":[{"embeddable":true,"href":"https:\/\/umayalighting.com\/es\/wp-json\/wp\/v2\/comments?post=6161"}],"wp:featuredmedia":[{"embeddable":true,"href":"https:\/\/umayalighting.com\/es\/wp-json\/wp\/v2\/media\/8183"}],"wp:attachment":[{"href":"https:\/\/umayalighting.com\/es\/wp-json\/wp\/v2\/media?parent=6161"}],"wp:term":[{"taxonomy":"product_brand","embeddable":true,"href":"https:\/\/umayalighting.com\/es\/wp-json\/wp\/v2\/product_brand?post=6161"},{"taxonomy":"product_cat","embeddable":true,"href":"https:\/\/umayalighting.com\/es\/wp-json\/wp\/v2\/product_cat?post=6161"},{"taxonomy":"product_tag","embeddable":true,"href":"https:\/\/umayalighting.com\/es\/wp-json\/wp\/v2\/product_tag?post=6161"}],"curies":[{"name":"wp","href":"https:\/\/api.w.org\/{rel}","templated":true}]}}