{"id":6162,"date":"2023-04-24T04:05:56","date_gmt":"2023-04-24T00:05:56","guid":{"rendered":"https:\/\/umayalighting.com\/projects\/hotel-langham\/"},"modified":"2023-09-16T16:40:45","modified_gmt":"2023-09-16T12:40:45","slug":"langham-hotel","status":"publish","type":"product","link":"https:\/\/umayalighting.com\/es\/projects\/langham-hotel\/","title":{"rendered":"Hotel Langham"},"content":{"rendered":"<p>El objetivo principal de la iluminaci\u00f3n de fachada fue interpretar y resaltar el dise\u00f1o arquitect\u00f3nico, as\u00ed como remarcar la exquisita ubicaci\u00f3n del proyecto. Esto se logr\u00f3 iluminando las capas alrededor del n\u00facleo, donde cada una representa un p\u00e9talo en florecimiento. La paleta de colores est\u00e1 compuesta por distintas tonalidades de blanco c\u00e1lido, cuidadosamente seleccionadas para reflejar los colores del amanecer en el horizonte del mar.<\/p>\n<p>Las \u00e1reas exteriores fueron iluminadas de una manera sutil y elegante, mayoritariamente con luz lineal indirecta para acompa\u00f1ar la torre y el basamento. Las temperaturas c\u00e1lidas de color proporcionan un ambiente \u00edntimo, y gu\u00edan a los residentes y visitantes a trav\u00e9s de las \u00e1reas exteriores del complejo.<\/p>\n<p>La iluminaci\u00f3n interna se estructur\u00f3 en decorativa, general y de acento, resultando en ricos espacios multicapa con un ambiente relajado pero sofisticado. Las piezas suspendidas dise\u00f1adas a medida, inspiradas en la narrativa del dise\u00f1o interior, proporcionan car\u00e1cter y tridimensionalidad a las \u00e1reas comunes.<\/p>\n","protected":false},"excerpt":{"rendered":"<p>UBICACI\u00d3N: Doha, Qatar<br \/>\nUSO: HOTELER\u00cdA &#8211; GRAN ALTURA<br \/>\nALCANCE: DISE\u00d1O LUM\u00cdNICO DE INTERIORES, EXTERIORES, FACHADA<br \/>\n&amp; PAISAJISMO<\/p>\n","protected":false},"featured_media":9068,"comment_status":"closed","ping_status":"closed","template":"","meta":{"_acf_changed":false},"product_brand":[],"product_cat":[108],"product_tag":[],"class_list":{"0":"post-6162","1":"product","2":"type-product","3":"status-publish","4":"has-post-thumbnail","6":"product_cat-proyectos","8":"first","9":"instock","10":"shipping-taxable","11":"product-type-simple"},"acf":[],"_links":{"self":[{"href":"https:\/\/umayalighting.com\/es\/wp-json\/wp\/v2\/product\/6162","targetHints":{"allow":["GET"]}}],"collection":[{"href":"https:\/\/umayalighting.com\/es\/wp-json\/wp\/v2\/product"}],"about":[{"href":"https:\/\/umayalighting.com\/es\/wp-json\/wp\/v2\/types\/product"}],"replies":[{"embeddable":true,"href":"https:\/\/umayalighting.com\/es\/wp-json\/wp\/v2\/comments?post=6162"}],"wp:featuredmedia":[{"embeddable":true,"href":"https:\/\/umayalighting.com\/es\/wp-json\/wp\/v2\/media\/9068"}],"wp:attachment":[{"href":"https:\/\/umayalighting.com\/es\/wp-json\/wp\/v2\/media?parent=6162"}],"wp:term":[{"taxonomy":"product_brand","embeddable":true,"href":"https:\/\/umayalighting.com\/es\/wp-json\/wp\/v2\/product_brand?post=6162"},{"taxonomy":"product_cat","embeddable":true,"href":"https:\/\/umayalighting.com\/es\/wp-json\/wp\/v2\/product_cat?post=6162"},{"taxonomy":"product_tag","embeddable":true,"href":"https:\/\/umayalighting.com\/es\/wp-json\/wp\/v2\/product_tag?post=6162"}],"curies":[{"name":"wp","href":"https:\/\/api.w.org\/{rel}","templated":true}]}}