{"id":6163,"date":"2023-04-24T04:23:40","date_gmt":"2023-04-24T00:23:40","guid":{"rendered":"https:\/\/umayalighting.com\/projects\/showroom-de-iluminacion\/"},"modified":"2023-09-16T16:40:46","modified_gmt":"2023-09-16T12:40:46","slug":"lighting-showroom","status":"publish","type":"product","link":"https:\/\/umayalighting.com\/es\/projects\/lighting-showroom\/","title":{"rendered":"Showroom de Iluminaci\u00f3n"},"content":{"rendered":"<p>El concepto central tanto para el dise\u00f1o de interiores como para la iluminaci\u00f3n de este showroom se centr\u00f3 en la idea de una \u00abexperiencia de luz\u00bb. Los visitantes son atra\u00eddos a un encuentro virtual, f\u00edsico y sensorial con productos e ideas de iluminaci\u00f3n.<\/p>\n<p>El dise\u00f1o de interiores est\u00e1 inspirado en una est\u00e9tica industrial chic, con una paleta monocrom\u00e1tica de grises, pero rico en texturas y materiales. Enormes paredes textiles blancas modulan el espacio, creando pasillos y callejones que evocan una ciudad \u00e1rabe tradicional. Sorpresa y descubrimiento son los elementos clave. Todo esto proporciona el fondo perfecto para mostrar una variedad de elementos de iluminaci\u00f3n, desde un bolardo de jard\u00edn hasta la m\u00e1s sofisticada ara\u00f1a de cristal.<\/p>\n<p>Como profesionales de la iluminaci\u00f3n creemos que la luz puede influir en el estado de \u00e1nimo de la gente, y decidimos explorar esto a trav\u00e9s del color. Las paredes textiles est\u00e1n equipadas con fuentes RGB y se convierten en objetos de color din\u00e1mico, que son capaces de inundar el espacio con la m\u00e1s incre\u00edble saturaci\u00f3n de color, cambiando el \u00e1nimo del showroom en cuesti\u00f3n de segundos.<\/p>\n<p>Todo lo anterior, junto con las luminarias que se exhiben, pueden ser controlados por una aplicaci\u00f3n i-pad. Esta, muestra bocetos, dimensiones, im\u00e1genes de referencia y productos relacionados de los elementos seleccionados en una pantalla t\u00e1ctil proporcionada a los visitantes.<\/p>\n","protected":false},"excerpt":{"rendered":"<p>UBICACI\u00d3N: DUBAI, EMIRATOS \u00c1RABES UNIDOS<br \/>\nUSO: Malls &amp; Retail<br \/>\nALCANCE: DISE\u00d1O LUM\u00cdNICO DE INTERIORES &amp; EVENTOS<\/p>\n","protected":false},"featured_media":8480,"comment_status":"closed","ping_status":"closed","template":"","meta":{"_acf_changed":false},"product_brand":[],"product_cat":[108],"product_tag":[],"class_list":{"0":"post-6163","1":"product","2":"type-product","3":"status-publish","4":"has-post-thumbnail","6":"product_cat-proyectos","8":"first","9":"instock","10":"shipping-taxable","11":"product-type-simple"},"acf":[],"_links":{"self":[{"href":"https:\/\/umayalighting.com\/es\/wp-json\/wp\/v2\/product\/6163","targetHints":{"allow":["GET"]}}],"collection":[{"href":"https:\/\/umayalighting.com\/es\/wp-json\/wp\/v2\/product"}],"about":[{"href":"https:\/\/umayalighting.com\/es\/wp-json\/wp\/v2\/types\/product"}],"replies":[{"embeddable":true,"href":"https:\/\/umayalighting.com\/es\/wp-json\/wp\/v2\/comments?post=6163"}],"wp:featuredmedia":[{"embeddable":true,"href":"https:\/\/umayalighting.com\/es\/wp-json\/wp\/v2\/media\/8480"}],"wp:attachment":[{"href":"https:\/\/umayalighting.com\/es\/wp-json\/wp\/v2\/media?parent=6163"}],"wp:term":[{"taxonomy":"product_brand","embeddable":true,"href":"https:\/\/umayalighting.com\/es\/wp-json\/wp\/v2\/product_brand?post=6163"},{"taxonomy":"product_cat","embeddable":true,"href":"https:\/\/umayalighting.com\/es\/wp-json\/wp\/v2\/product_cat?post=6163"},{"taxonomy":"product_tag","embeddable":true,"href":"https:\/\/umayalighting.com\/es\/wp-json\/wp\/v2\/product_tag?post=6163"}],"curies":[{"name":"wp","href":"https:\/\/api.w.org\/{rel}","templated":true}]}}