{"id":6164,"date":"2023-04-24T04:05:08","date_gmt":"2023-04-24T00:05:08","guid":{"rendered":"https:\/\/umayalighting.com\/projects\/torres-maad\/"},"modified":"2023-09-16T16:40:46","modified_gmt":"2023-09-16T12:40:46","slug":"maad-towers","status":"publish","type":"product","link":"https:\/\/umayalighting.com\/es\/projects\/maad-towers\/","title":{"rendered":"Torres MAAD"},"content":{"rendered":"<p>Veinti\u00fan torres se entrecruzan y superponen como una masa monol\u00edtica que se asemeja a una serie de monta\u00f1as bellamente integradas. La configuraci\u00f3n nocturna se centr\u00f3 en enfatizar su presencia y revelar los principales elementos arquitect\u00f3nicos. El dise\u00f1o de iluminaci\u00f3n exterior se concentr\u00f3 en el ritmo de los elementos verticales y horizontales, enriqueciendo el volumen de los edificios integrados y respetando su esp\u00edritu residencial.<\/p>\n<p>Una de las principales estrategias de iluminaci\u00f3n consisti\u00f3 en un lavado continuo del sofito con luminarias ocultas en peque\u00f1os nichos y ranuras. El resultado es un efecto suave y c\u00e1lido de intensidad media que cubre la superficie de manera uniforme. En el caso de los voladizos, los soportes de madera tambi\u00e9n se utilizaron para montar artefactos e iluminar la parte exterior del dosel, evitando cualquier entrada de luz a los edificios.<\/p>\n<p>Las superficies s\u00f3lidas exhiben l\u00edneas horizontales que rompen los vol\u00famenes, dando como resultado un patr\u00f3n tradicional que semeja los bloques utilizados hist\u00f3ricamente en los hogares \u00e1rabes. El efecto deseado se logr\u00f3 utilizando ba\u00f1adores montados en las paredes dirigidos hacia estas.<\/p>\n<p>Las luminarias se agruparon de acuerdo a su aplicaci\u00f3n y m\u00e9todo de control, optimizando el consumo de energ\u00eda y maximizando la vida \u00fatil de estas.<\/p>\n<p>&nbsp;<\/p>\n","protected":false},"excerpt":{"rendered":"<p>UBICACI\u00d3N: LA MECA, ARABIA SAUDITA<br \/>\nUSO: HOTELER\u00cdA &#8211; GRAN ALTURA<br \/>\nALCANCE: DISE\u00d1O LUM\u00cdNICO DE calles, exteriores &amp; fachada<\/p>\n","protected":false},"featured_media":8955,"comment_status":"closed","ping_status":"closed","template":"","meta":{"_acf_changed":false},"product_brand":[],"product_cat":[108],"product_tag":[],"class_list":{"0":"post-6164","1":"product","2":"type-product","3":"status-publish","4":"has-post-thumbnail","6":"product_cat-proyectos","8":"first","9":"instock","10":"shipping-taxable","11":"product-type-simple"},"acf":[],"_links":{"self":[{"href":"https:\/\/umayalighting.com\/es\/wp-json\/wp\/v2\/product\/6164","targetHints":{"allow":["GET"]}}],"collection":[{"href":"https:\/\/umayalighting.com\/es\/wp-json\/wp\/v2\/product"}],"about":[{"href":"https:\/\/umayalighting.com\/es\/wp-json\/wp\/v2\/types\/product"}],"replies":[{"embeddable":true,"href":"https:\/\/umayalighting.com\/es\/wp-json\/wp\/v2\/comments?post=6164"}],"wp:featuredmedia":[{"embeddable":true,"href":"https:\/\/umayalighting.com\/es\/wp-json\/wp\/v2\/media\/8955"}],"wp:attachment":[{"href":"https:\/\/umayalighting.com\/es\/wp-json\/wp\/v2\/media?parent=6164"}],"wp:term":[{"taxonomy":"product_brand","embeddable":true,"href":"https:\/\/umayalighting.com\/es\/wp-json\/wp\/v2\/product_brand?post=6164"},{"taxonomy":"product_cat","embeddable":true,"href":"https:\/\/umayalighting.com\/es\/wp-json\/wp\/v2\/product_cat?post=6164"},{"taxonomy":"product_tag","embeddable":true,"href":"https:\/\/umayalighting.com\/es\/wp-json\/wp\/v2\/product_tag?post=6164"}],"curies":[{"name":"wp","href":"https:\/\/api.w.org\/{rel}","templated":true}]}}