{"id":6165,"date":"2023-04-24T04:06:40","date_gmt":"2023-04-24T00:06:40","guid":{"rendered":"https:\/\/umayalighting.com\/projects\/hotel-maison-majestine\/"},"modified":"2023-09-16T16:40:46","modified_gmt":"2023-09-16T12:40:46","slug":"maison-majestine-hotel-apartments","status":"publish","type":"product","link":"https:\/\/umayalighting.com\/es\/projects\/maison-majestine-hotel-apartments\/","title":{"rendered":"Hotel Maison Majestine"},"content":{"rendered":"<p>El enfoque del dise\u00f1o de iluminaci\u00f3n se centra en expresar los elementos volum\u00e9tricos de la arquitectura exterior. Estos elementos se tratan con cuidado dentro de la escena nocturna general para estresar adecuadamente el car\u00e1cter del edificio y aumentar su presencia en los alrededores. Al desarrollar el concepto, se hizo un esfuerzo para acentuar la textura de la fachada mediante el uso de raspadores de superficie e intensidades de luz m\u00e1s fuertes. La temperatura del color var\u00eda levemente desde los niveles c\u00e1lidos del podio hasta los tonos m\u00e1s fr\u00edos en el cuerpo medio, mientras se calienta suavemente nuevamente en la cubierta del techo. Los espacios de la planta baja tienen una sensaci\u00f3n acogedora a trav\u00e9s del c\u00e1lido derrame de luces interiores en las arcadas. Los proyectores de haz estrecho apuntan a los haces diagonales en forma de M del podio, revelando estas caracter\u00edsticas \u00fanicas y mejorando su peso visual. Las superficies internas de las aletas verticales se rozan para ofrecer una sensaci\u00f3n de profundidad, mientras que la estructura del dosel se lava suavemente para coronar delicadamente la parte superior del edificio. aci\u00f3n permite que la fachada sea reconocida desde la distancia. ral de la elevaci\u00f3n trasera se resalta utilizando l\u00edneas difusas en las losas de los balcones, mientras que el parapeto superior se lava para continuar con la pulsera del dosel y culminar la extensi\u00f3n vertical. Los pasillos exteriores en la planta baja est\u00e1n iluminados para proporcionar los niveles de lux necesarios para fines de seguridad y funcionales, mientras que las masas de las columnas se mantienen apagadas para mitigar su fuerte impacto visual dentro del contexto arquitect\u00f3nico.<\/p>\n","protected":false},"excerpt":{"rendered":"<p>UBICACI\u00d3N: DUBAI, EMIRATOS \u00c1RABES UNIDOS<br \/>\nUSO: HOTELER\u00cdA<br \/>\nALCANCE: DISE\u00d1O LUM\u00cdNICO DE FACHADA<\/p>\n","protected":false},"featured_media":8997,"comment_status":"closed","ping_status":"closed","template":"","meta":{"_acf_changed":false},"product_brand":[],"product_cat":[108],"product_tag":[],"class_list":{"0":"post-6165","1":"product","2":"type-product","3":"status-publish","4":"has-post-thumbnail","6":"product_cat-proyectos","8":"first","9":"instock","10":"shipping-taxable","11":"product-type-simple"},"acf":[],"_links":{"self":[{"href":"https:\/\/umayalighting.com\/es\/wp-json\/wp\/v2\/product\/6165","targetHints":{"allow":["GET"]}}],"collection":[{"href":"https:\/\/umayalighting.com\/es\/wp-json\/wp\/v2\/product"}],"about":[{"href":"https:\/\/umayalighting.com\/es\/wp-json\/wp\/v2\/types\/product"}],"replies":[{"embeddable":true,"href":"https:\/\/umayalighting.com\/es\/wp-json\/wp\/v2\/comments?post=6165"}],"wp:featuredmedia":[{"embeddable":true,"href":"https:\/\/umayalighting.com\/es\/wp-json\/wp\/v2\/media\/8997"}],"wp:attachment":[{"href":"https:\/\/umayalighting.com\/es\/wp-json\/wp\/v2\/media?parent=6165"}],"wp:term":[{"taxonomy":"product_brand","embeddable":true,"href":"https:\/\/umayalighting.com\/es\/wp-json\/wp\/v2\/product_brand?post=6165"},{"taxonomy":"product_cat","embeddable":true,"href":"https:\/\/umayalighting.com\/es\/wp-json\/wp\/v2\/product_cat?post=6165"},{"taxonomy":"product_tag","embeddable":true,"href":"https:\/\/umayalighting.com\/es\/wp-json\/wp\/v2\/product_tag?post=6165"}],"curies":[{"name":"wp","href":"https:\/\/api.w.org\/{rel}","templated":true}]}}