{"id":6178,"date":"2023-04-24T04:03:15","date_gmt":"2023-04-24T00:03:15","guid":{"rendered":"https:\/\/umayalighting.com\/projects\/centro-comercial-marassi-galleria\/"},"modified":"2023-09-16T16:40:46","modified_gmt":"2023-09-16T12:40:46","slug":"marassi-galleria-mall","status":"publish","type":"product","link":"https:\/\/umayalighting.com\/es\/projects\/marassi-galleria-mall\/","title":{"rendered":"Centro Comercial Marassi Galleria"},"content":{"rendered":"<p>Este centro c\u00edvico y comercial se convertir\u00e1 en una de las principales atracciones de la ciudad, para que las personas se re\u00fanan, interact\u00faen y realicen una gran variedad de actividades. Ser\u00e1 un punto de visita obligado para turistas y residentes. Por lo tanto, debe destacarse pero fusion\u00e1ndose con el entorno.<\/p>\n<p>Con esto en mente, el esquema de iluminaci\u00f3n de fachada se desarroll\u00f3 bajo la premisa de \u00abmuchas fachadas diferentes\u00bb. La iluminaci\u00f3n se bas\u00f3 tanto en la arquitectura como en las actividades que se llevaran a cabo en cada \u00e1rea, a fin de transmitir un ambiente t\u00edpico de un centro urbano.<\/p>\n<p>Se hizo \u00e9nfasis visual en los accesos, para mejorar la experiencia de llegada, ayudar en la circulaci\u00f3n y atraer visitantes. Esto se equilibr\u00f3 con una discreta iluminaci\u00f3n exterior en los restaurants, creando espacios m\u00e1s \u00edntimos y uniendo la composici\u00f3n arquitect\u00f3nica.<\/p>\n","protected":false},"excerpt":{"rendered":"<p>UBICACI\u00d3N: Manama, Bar\u00e9in<br \/>\nUSO: Malls &amp; Retail<br \/>\nALCANCE: DISE\u00d1O LUM\u00cdNICO DE INTERIORES &amp; FACHADA<\/p>\n","protected":false},"featured_media":4735,"comment_status":"closed","ping_status":"closed","template":"","meta":{"_acf_changed":false},"product_brand":[],"product_cat":[108],"product_tag":[],"class_list":{"0":"post-6178","1":"product","2":"type-product","3":"status-publish","4":"has-post-thumbnail","6":"product_cat-proyectos","8":"first","9":"instock","10":"shipping-taxable","11":"product-type-simple"},"acf":[],"_links":{"self":[{"href":"https:\/\/umayalighting.com\/es\/wp-json\/wp\/v2\/product\/6178","targetHints":{"allow":["GET"]}}],"collection":[{"href":"https:\/\/umayalighting.com\/es\/wp-json\/wp\/v2\/product"}],"about":[{"href":"https:\/\/umayalighting.com\/es\/wp-json\/wp\/v2\/types\/product"}],"replies":[{"embeddable":true,"href":"https:\/\/umayalighting.com\/es\/wp-json\/wp\/v2\/comments?post=6178"}],"wp:featuredmedia":[{"embeddable":true,"href":"https:\/\/umayalighting.com\/es\/wp-json\/wp\/v2\/media\/4735"}],"wp:attachment":[{"href":"https:\/\/umayalighting.com\/es\/wp-json\/wp\/v2\/media?parent=6178"}],"wp:term":[{"taxonomy":"product_brand","embeddable":true,"href":"https:\/\/umayalighting.com\/es\/wp-json\/wp\/v2\/product_brand?post=6178"},{"taxonomy":"product_cat","embeddable":true,"href":"https:\/\/umayalighting.com\/es\/wp-json\/wp\/v2\/product_cat?post=6178"},{"taxonomy":"product_tag","embeddable":true,"href":"https:\/\/umayalighting.com\/es\/wp-json\/wp\/v2\/product_tag?post=6178"}],"curies":[{"name":"wp","href":"https:\/\/api.w.org\/{rel}","templated":true}]}}