{"id":6285,"date":"2023-04-24T04:03:18","date_gmt":"2023-04-24T00:03:18","guid":{"rendered":"https:\/\/umayalighting.com\/projects\/residencia-marassi\/"},"modified":"2023-09-16T16:40:46","modified_gmt":"2023-09-16T12:40:46","slug":"marassi-residence","status":"publish","type":"product","link":"https:\/\/umayalighting.com\/es\/projects\/marassi-residence\/","title":{"rendered":"Residencia Marassi"},"content":{"rendered":"<p>El concepto de iluminaci\u00f3n de fachada se centr\u00f3 en la visibilidad a doble escala del edificio; a nivel de calle por los transe\u00fantes y a la distancia desde las v\u00edas de acceso. Por lo tanto, los elementos clave a destacar fueron el podio en planta baja y el coronamiento del edificio. Ambos vol\u00famenes fueron iluminados con un suave gradiente de luz.<\/p>\n<p>Adem\u00e1s, la iluminaci\u00f3n interior de las tiendas ayud\u00f3 a resaltar el podio, creando un efecto de caja de luz contra los paneles color antracita.<\/p>\n","protected":false},"excerpt":{"rendered":"<p>UBICACI\u00d3N: Manama, Bar\u00e9in<br \/>\nUSO: RESIDENCIAL<br \/>\nALCANCE: DISE\u00d1O LUM\u00cdNICO DE FACHADA<\/p>\n","protected":false},"featured_media":9324,"comment_status":"closed","ping_status":"closed","template":"","meta":{"_acf_changed":false},"product_brand":[],"product_cat":[108],"product_tag":[],"class_list":{"0":"post-6285","1":"product","2":"type-product","3":"status-publish","4":"has-post-thumbnail","6":"product_cat-proyectos","8":"first","9":"instock","10":"shipping-taxable","11":"product-type-simple"},"acf":[],"_links":{"self":[{"href":"https:\/\/umayalighting.com\/es\/wp-json\/wp\/v2\/product\/6285","targetHints":{"allow":["GET"]}}],"collection":[{"href":"https:\/\/umayalighting.com\/es\/wp-json\/wp\/v2\/product"}],"about":[{"href":"https:\/\/umayalighting.com\/es\/wp-json\/wp\/v2\/types\/product"}],"replies":[{"embeddable":true,"href":"https:\/\/umayalighting.com\/es\/wp-json\/wp\/v2\/comments?post=6285"}],"wp:featuredmedia":[{"embeddable":true,"href":"https:\/\/umayalighting.com\/es\/wp-json\/wp\/v2\/media\/9324"}],"wp:attachment":[{"href":"https:\/\/umayalighting.com\/es\/wp-json\/wp\/v2\/media?parent=6285"}],"wp:term":[{"taxonomy":"product_brand","embeddable":true,"href":"https:\/\/umayalighting.com\/es\/wp-json\/wp\/v2\/product_brand?post=6285"},{"taxonomy":"product_cat","embeddable":true,"href":"https:\/\/umayalighting.com\/es\/wp-json\/wp\/v2\/product_cat?post=6285"},{"taxonomy":"product_tag","embeddable":true,"href":"https:\/\/umayalighting.com\/es\/wp-json\/wp\/v2\/product_tag?post=6285"}],"curies":[{"name":"wp","href":"https:\/\/api.w.org\/{rel}","templated":true}]}}