{"id":6288,"date":"2023-04-24T04:03:25","date_gmt":"2023-04-24T00:03:25","guid":{"rendered":"https:\/\/umayalighting.com\/projects\/marassi-shores-residence\/"},"modified":"2023-09-16T16:40:47","modified_gmt":"2023-09-16T12:40:47","slug":"marassi-shores-residence","status":"publish","type":"product","link":"https:\/\/umayalighting.com\/es\/projects\/marassi-shores-residence\/","title":{"rendered":"Marassi Shores Residence"},"content":{"rendered":"<p>Este proyecto consisti\u00f3 de tres edificios residenciales, Bay, Vista y Shores, ubicados en el desarrollo urbano Marassi en Manama, Bahr\u00e9in. El esquema de iluminaci\u00f3n de fachadas para los tres edificios consisti\u00f3 en ranuras de iluminaci\u00f3n integradas en los podios, balcones y partes superiores, para enfatizar cada configuraci\u00f3n arquitect\u00f3nica pero proporcionar una apariencia consistente y uniforme.<\/p>\n","protected":false},"excerpt":{"rendered":"<p>UBICACI\u00d3N: Manama, Bar\u00e9in<br \/>\nUSO: RESIDENCIAL<br \/>\nALCANCE: DISE\u00d1O LUM\u00cdNICO DE FACHADA<\/p>\n","protected":false},"featured_media":4746,"comment_status":"closed","ping_status":"closed","template":"","meta":{"_acf_changed":false},"product_brand":[],"product_cat":[108],"product_tag":[],"class_list":{"0":"post-6288","1":"product","2":"type-product","3":"status-publish","4":"has-post-thumbnail","6":"product_cat-proyectos","8":"first","9":"instock","10":"shipping-taxable","11":"product-type-simple"},"acf":[],"_links":{"self":[{"href":"https:\/\/umayalighting.com\/es\/wp-json\/wp\/v2\/product\/6288","targetHints":{"allow":["GET"]}}],"collection":[{"href":"https:\/\/umayalighting.com\/es\/wp-json\/wp\/v2\/product"}],"about":[{"href":"https:\/\/umayalighting.com\/es\/wp-json\/wp\/v2\/types\/product"}],"replies":[{"embeddable":true,"href":"https:\/\/umayalighting.com\/es\/wp-json\/wp\/v2\/comments?post=6288"}],"wp:featuredmedia":[{"embeddable":true,"href":"https:\/\/umayalighting.com\/es\/wp-json\/wp\/v2\/media\/4746"}],"wp:attachment":[{"href":"https:\/\/umayalighting.com\/es\/wp-json\/wp\/v2\/media?parent=6288"}],"wp:term":[{"taxonomy":"product_brand","embeddable":true,"href":"https:\/\/umayalighting.com\/es\/wp-json\/wp\/v2\/product_brand?post=6288"},{"taxonomy":"product_cat","embeddable":true,"href":"https:\/\/umayalighting.com\/es\/wp-json\/wp\/v2\/product_cat?post=6288"},{"taxonomy":"product_tag","embeddable":true,"href":"https:\/\/umayalighting.com\/es\/wp-json\/wp\/v2\/product_tag?post=6288"}],"curies":[{"name":"wp","href":"https:\/\/api.w.org\/{rel}","templated":true}]}}