{"id":6293,"date":"2023-04-24T03:51:41","date_gmt":"2023-04-23T23:51:41","guid":{"rendered":"https:\/\/umayalighting.com\/projects\/marli-new-york-boutique\/"},"modified":"2023-09-16T16:40:49","modified_gmt":"2023-09-16T12:40:49","slug":"marli-new-york-boutique","status":"publish","type":"product","link":"https:\/\/umayalighting.com\/es\/projects\/marli-new-york-boutique\/","title":{"rendered":"Marli New York Boutique"},"content":{"rendered":"<p>Esta tienda insignia es la primera de una nueva generaci\u00f3n de tiendas MARLI New York que est\u00e1 impulsando el legado de la marca. Dise\u00f1ado por Aranda\\Lasch de Nueva York, la tienda est\u00e1 \u00edntimamente conectada con su hogar en la ciudad de Nueva York. Con una cuidadosa atenci\u00f3n a los detalles, Aranda\\Lasch desarroll\u00f3 una textura vertical del monograma de la marca, que resuena con el dise\u00f1o de las boutiques MARLI en todo el mundo. Para la tienda de Riyadh, esto se logr\u00f3 a trav\u00e9s de los detalles en piedra, madera y vidrio dispuestos verticalmente. El dise\u00f1o proporciona un equilibrio coordinado de color, luz y textura para servir de fondo para las joyas osadas y vers\u00e1tiles.<\/p>\n<p>El esquema de iluminaci\u00f3n desarrollado por nuestro equipo en Dub\u00e1i fue cuidadosamente estudiado para realzar la magn\u00edfica paleta de texturas y colores, as\u00ed como tambi\u00e9n lograr un ambiente controlado y en capas que destaca las exquisitas piezas exhibidas.<\/p>\n<p>En esta tienda se introdujeron espec\u00edficamente dos nuevos espacios, el M Lounge y el High-End Jewellery Lounge. Estos salones brindan un espacio para exhibir colecciones especiales o lanzamientos de nuevos productos, al mismo tiempo que crean una experiencia \u00edntima y privada para los clientes.<\/p>\n<p>La boutique tambi\u00e9n presenta una nueva variaci\u00f3n de fachada, que utiliza un m\u00e1rmol distintivo para enmarcar las vidrieras de exhibici\u00f3n. En cada ventana, un joyero flota en el centro de un panel de vidrio azul texturizado con el monograma de Marli, el cual da al espectador una idea del interior, mientras muestra los dise\u00f1os distintivos de la marca.<\/p>\n","protected":false},"excerpt":{"rendered":"<p>UBICACI\u00d3N: RIAD, ARABIA SAUDITA<br \/>\nUSO: Malls &amp; Retail<br \/>\nALCANCE: DISE\u00d1O LUM\u00cdNICO DE INTERIORES<\/p>\n","protected":false},"featured_media":9713,"comment_status":"closed","ping_status":"closed","template":"","meta":{"_acf_changed":false},"product_brand":[],"product_cat":[108],"product_tag":[],"class_list":{"0":"post-6293","1":"product","2":"type-product","3":"status-publish","4":"has-post-thumbnail","6":"product_cat-proyectos","8":"first","9":"instock","10":"shipping-taxable","11":"product-type-simple"},"acf":[],"_links":{"self":[{"href":"https:\/\/umayalighting.com\/es\/wp-json\/wp\/v2\/product\/6293","targetHints":{"allow":["GET"]}}],"collection":[{"href":"https:\/\/umayalighting.com\/es\/wp-json\/wp\/v2\/product"}],"about":[{"href":"https:\/\/umayalighting.com\/es\/wp-json\/wp\/v2\/types\/product"}],"replies":[{"embeddable":true,"href":"https:\/\/umayalighting.com\/es\/wp-json\/wp\/v2\/comments?post=6293"}],"wp:featuredmedia":[{"embeddable":true,"href":"https:\/\/umayalighting.com\/es\/wp-json\/wp\/v2\/media\/9713"}],"wp:attachment":[{"href":"https:\/\/umayalighting.com\/es\/wp-json\/wp\/v2\/media?parent=6293"}],"wp:term":[{"taxonomy":"product_brand","embeddable":true,"href":"https:\/\/umayalighting.com\/es\/wp-json\/wp\/v2\/product_brand?post=6293"},{"taxonomy":"product_cat","embeddable":true,"href":"https:\/\/umayalighting.com\/es\/wp-json\/wp\/v2\/product_cat?post=6293"},{"taxonomy":"product_tag","embeddable":true,"href":"https:\/\/umayalighting.com\/es\/wp-json\/wp\/v2\/product_tag?post=6293"}],"curies":[{"name":"wp","href":"https:\/\/api.w.org\/{rel}","templated":true}]}}