{"id":6296,"date":"2023-04-24T04:04:05","date_gmt":"2023-04-24T00:04:05","guid":{"rendered":"https:\/\/umayalighting.com\/projects\/torre-marquise-square\/"},"modified":"2023-09-16T16:40:49","modified_gmt":"2023-09-16T12:40:49","slug":"marquise-square-tower","status":"publish","type":"product","link":"https:\/\/umayalighting.com\/es\/projects\/marquise-square-tower\/","title":{"rendered":"Torre Marquise Square"},"content":{"rendered":"<p>Nuestras vidas se dividen en actos y momentos, cada uno de los cuales requiere un estado de \u00e1nimo y un escenario espec\u00edficos. La iluminaci\u00f3n es parte esencial de estos momentos, y logramos esos escenarios creando diferentes capas de luz.<\/p>\n<p>El objetivo principal de este proyecto fue crear un dise\u00f1o de iluminaci\u00f3n flexible que permitiera diferentes situaciones de ocupaci\u00f3n, sin crear una distribuci\u00f3n de luminarias aleatoria. El esquema de iluminaci\u00f3n general se dividi\u00f3 en dos capas; la primera compuesta por iluminaci\u00f3n t\u00e9cnica que proporciona iluminaci\u00f3n general, y una segunda capa de iluminaci\u00f3n decorativa, donde se destacaron las texturas, arquitectura y mobiliario para enriquecer la experiencia visual del usuario.<\/p>\n<p>A trav\u00e9s de un equilibrio adecuado entre la iluminaci\u00f3n decorativa y arquitect\u00f3nica, fue posible crear las diferentes escenas que conforman nuestra vida cotidiana.<\/p>\n","protected":false},"excerpt":{"rendered":"<p>UBICACI\u00d3N: DUBAI, EMIRATOS \u00c1RABES UNIDOS<br \/>\nUSO: RESIDENCIAL<br \/>\nALCANCE: DISE\u00d1O LUM\u00cdNICO DE INTERIORES<\/p>\n","protected":false},"featured_media":9201,"comment_status":"closed","ping_status":"closed","template":"","meta":{"_acf_changed":false},"product_brand":[],"product_cat":[108],"product_tag":[],"class_list":{"0":"post-6296","1":"product","2":"type-product","3":"status-publish","4":"has-post-thumbnail","6":"product_cat-proyectos","8":"first","9":"instock","10":"shipping-taxable","11":"product-type-simple"},"acf":[],"_links":{"self":[{"href":"https:\/\/umayalighting.com\/es\/wp-json\/wp\/v2\/product\/6296","targetHints":{"allow":["GET"]}}],"collection":[{"href":"https:\/\/umayalighting.com\/es\/wp-json\/wp\/v2\/product"}],"about":[{"href":"https:\/\/umayalighting.com\/es\/wp-json\/wp\/v2\/types\/product"}],"replies":[{"embeddable":true,"href":"https:\/\/umayalighting.com\/es\/wp-json\/wp\/v2\/comments?post=6296"}],"wp:featuredmedia":[{"embeddable":true,"href":"https:\/\/umayalighting.com\/es\/wp-json\/wp\/v2\/media\/9201"}],"wp:attachment":[{"href":"https:\/\/umayalighting.com\/es\/wp-json\/wp\/v2\/media?parent=6296"}],"wp:term":[{"taxonomy":"product_brand","embeddable":true,"href":"https:\/\/umayalighting.com\/es\/wp-json\/wp\/v2\/product_brand?post=6296"},{"taxonomy":"product_cat","embeddable":true,"href":"https:\/\/umayalighting.com\/es\/wp-json\/wp\/v2\/product_cat?post=6296"},{"taxonomy":"product_tag","embeddable":true,"href":"https:\/\/umayalighting.com\/es\/wp-json\/wp\/v2\/product_tag?post=6296"}],"curies":[{"name":"wp","href":"https:\/\/api.w.org\/{rel}","templated":true}]}}