{"id":6299,"date":"2023-04-24T04:24:03","date_gmt":"2023-04-24T00:24:03","guid":{"rendered":"https:\/\/umayalighting.com\/projects\/mercato-mall\/"},"modified":"2023-09-16T16:40:49","modified_gmt":"2023-09-16T12:40:49","slug":"mercato-mall","status":"publish","type":"product","link":"https:\/\/umayalighting.com\/es\/projects\/mercato-mall\/","title":{"rendered":"Mercato Mall"},"content":{"rendered":"<p>Mercato Mall es el primer centro comercial tem\u00e1tico en el Medio Oriente. Su fachada presenta una mezcla \u00fanica de arquitectura toscana y veneciana. Columnas, arcos y capiteles forman una delicada composici\u00f3n que nos lleva nuevamente al Renacimiento.<\/p>\n<p>Nuestro plan de iluminaci\u00f3n apoya y hace hincapi\u00e9 en esta idea. Al revelar elementos arquitect\u00f3nicos selectos creamos un di\u00e1logo entre luz y sombras, dando al edificio con una imagen dram\u00e1tica, casi teatral. Ademas, la paleta de colores c\u00e1lidos se ve reforzada por el uso de diferentes temperaturas de color, dependiendo de la tonalidad y textura del acabado. La fachada se percibe tanto como un solo edificio y como un grupo de unidades individuales.<\/p>\n<p>El famoso arquitecto italiano, Daniele Morelli, dise\u00f1\u00f3 el interior del centro comercial replicando el concepto de m\u00faltiples plazas, el punto central de cualquier ciudad mediterr\u00e1nea y ubicaci\u00f3n tradicional del mercado.<\/p>\n","protected":false},"excerpt":{"rendered":"<p>UBICACI\u00d3N: DUBAI, EMIRATOS \u00c1RABES UNIDOS<br \/>\nUSO: Malls &amp; Retail<br \/>\nALCANCE: DISE\u00d1O LUM\u00cdNICO DE INTERIORES &amp; FACHADA<\/p>\n","protected":false},"featured_media":5383,"comment_status":"closed","ping_status":"closed","template":"","meta":{"_acf_changed":false},"product_brand":[],"product_cat":[108],"product_tag":[],"class_list":{"0":"post-6299","1":"product","2":"type-product","3":"status-publish","4":"has-post-thumbnail","6":"product_cat-proyectos","8":"first","9":"instock","10":"shipping-taxable","11":"product-type-simple"},"acf":[],"_links":{"self":[{"href":"https:\/\/umayalighting.com\/es\/wp-json\/wp\/v2\/product\/6299","targetHints":{"allow":["GET"]}}],"collection":[{"href":"https:\/\/umayalighting.com\/es\/wp-json\/wp\/v2\/product"}],"about":[{"href":"https:\/\/umayalighting.com\/es\/wp-json\/wp\/v2\/types\/product"}],"replies":[{"embeddable":true,"href":"https:\/\/umayalighting.com\/es\/wp-json\/wp\/v2\/comments?post=6299"}],"wp:featuredmedia":[{"embeddable":true,"href":"https:\/\/umayalighting.com\/es\/wp-json\/wp\/v2\/media\/5383"}],"wp:attachment":[{"href":"https:\/\/umayalighting.com\/es\/wp-json\/wp\/v2\/media?parent=6299"}],"wp:term":[{"taxonomy":"product_brand","embeddable":true,"href":"https:\/\/umayalighting.com\/es\/wp-json\/wp\/v2\/product_brand?post=6299"},{"taxonomy":"product_cat","embeddable":true,"href":"https:\/\/umayalighting.com\/es\/wp-json\/wp\/v2\/product_cat?post=6299"},{"taxonomy":"product_tag","embeddable":true,"href":"https:\/\/umayalighting.com\/es\/wp-json\/wp\/v2\/product_tag?post=6299"}],"curies":[{"name":"wp","href":"https:\/\/api.w.org\/{rel}","templated":true}]}}