{"id":6300,"date":"2023-04-24T04:10:55","date_gmt":"2023-04-24T00:10:55","guid":{"rendered":"https:\/\/umayalighting.com\/projects\/canal-en-avenida-meydan\/"},"modified":"2023-09-16T16:40:50","modified_gmt":"2023-09-16T12:40:50","slug":"meydan-avenue-canal-front","status":"publish","type":"product","link":"https:\/\/umayalighting.com\/es\/projects\/meydan-avenue-canal-front\/","title":{"rendered":"Canal en Avenida Meydan"},"content":{"rendered":"<p>En una perspectiva macro, el plan maestro de dise\u00f1o de iluminaci\u00f3n progres\u00f3 hol\u00edsticamente desde un conjunto general de criterios y principios de dise\u00f1o de iluminaci\u00f3n; cuidadosamente dise\u00f1ado en funci\u00f3n de la configuraci\u00f3n urbana y arquitect\u00f3nica general, hasta su aplicaci\u00f3n pragm\u00e1tica en dise\u00f1os de menor escala. El plan maestro de iluminaci\u00f3n ofreci\u00f3 un enfoque integral que result\u00f3 en un resultado visual sostenible, que tuvo en cuenta las diversas necesidades est\u00e9ticas, funcionales y ambientales del proyecto.<\/p>\n<p>A un nivel micro, fuentes lineales indirectas delimitan el per\u00edmetro de las macetas, as\u00ed como la parte inferior de los bancos, lo que da como resultado una \u00abluz gu\u00eda\u00bb que los visitantes pueden usar en los senderos que conducen al paseo sobre el canal.<\/p>\n<p>Se especificaron sistemas de iluminaci\u00f3n gr\u00e1fica para los senderos por medio de proyectores de gobos montados en los \u00e1rboles, proporcionando una experiencia de iluminaci\u00f3n peatonal \u00fanica.<\/p>\n<p>Se incorporaron baldosas luminosas dise\u00f1adas a medida empotradas en el pavimento para resaltar las entradas principales de los edificios residenciales. Estas baldosas tambi\u00e9n fueron grabadas con los n\u00fameros de los edificios para identificar las entradas y ayudar a la navegaci\u00f3n.<\/p>\n","protected":false},"excerpt":{"rendered":"<p>UBICACI\u00d3N: DUBAI, EMIRATOS \u00c1RABES UNIDOS<br \/>\nUSO: Urbano &amp; Comunidades &#8211; residencial &#8211; OCIO<br \/>\nALCANCE: DISE\u00d1O LUM\u00cdNICO DE FACHADA &amp; PAISAJISMO<\/p>\n","protected":false},"featured_media":8988,"comment_status":"closed","ping_status":"closed","template":"","meta":{"_acf_changed":false},"product_brand":[],"product_cat":[108],"product_tag":[],"class_list":{"0":"post-6300","1":"product","2":"type-product","3":"status-publish","4":"has-post-thumbnail","6":"product_cat-proyectos","8":"first","9":"instock","10":"shipping-taxable","11":"product-type-simple"},"acf":[],"_links":{"self":[{"href":"https:\/\/umayalighting.com\/es\/wp-json\/wp\/v2\/product\/6300","targetHints":{"allow":["GET"]}}],"collection":[{"href":"https:\/\/umayalighting.com\/es\/wp-json\/wp\/v2\/product"}],"about":[{"href":"https:\/\/umayalighting.com\/es\/wp-json\/wp\/v2\/types\/product"}],"replies":[{"embeddable":true,"href":"https:\/\/umayalighting.com\/es\/wp-json\/wp\/v2\/comments?post=6300"}],"wp:featuredmedia":[{"embeddable":true,"href":"https:\/\/umayalighting.com\/es\/wp-json\/wp\/v2\/media\/8988"}],"wp:attachment":[{"href":"https:\/\/umayalighting.com\/es\/wp-json\/wp\/v2\/media?parent=6300"}],"wp:term":[{"taxonomy":"product_brand","embeddable":true,"href":"https:\/\/umayalighting.com\/es\/wp-json\/wp\/v2\/product_brand?post=6300"},{"taxonomy":"product_cat","embeddable":true,"href":"https:\/\/umayalighting.com\/es\/wp-json\/wp\/v2\/product_cat?post=6300"},{"taxonomy":"product_tag","embeddable":true,"href":"https:\/\/umayalighting.com\/es\/wp-json\/wp\/v2\/product_tag?post=6300"}],"curies":[{"name":"wp","href":"https:\/\/api.w.org\/{rel}","templated":true}]}}