{"id":6301,"date":"2023-04-24T04:11:07","date_gmt":"2023-04-24T00:11:07","guid":{"rendered":"https:\/\/umayalighting.com\/projects\/meydan-avenue-falcon-park\/"},"modified":"2023-09-16T16:40:50","modified_gmt":"2023-09-16T12:40:50","slug":"meydan-avenue-falcon-park","status":"publish","type":"product","link":"https:\/\/umayalighting.com\/es\/projects\/meydan-avenue-falcon-park\/","title":{"rendered":"Meydan Avenue Falcon Park"},"content":{"rendered":"<p>El esquema de iluminaci\u00f3n desarrollado por nuestro equipo ayud\u00f3 a definir el dise\u00f1o general del paisaje al desarrollar estrategias distintivas que resaltaran la identidad del proyecto. Nuestro enfoque tuvo como objetivo proporcionar los niveles de iluminaci\u00f3n necesarios y crear un ambiente acogedor.<\/p>\n<p>Se utilizaron luminarias lineales ocultas para delinear a nivel de piso los per\u00edmetros de las macetas y los bancos, marcando los diferentes niveles y espacios que resultaron en un ambiente agradable para visitantes y residentes.<\/p>\n<p>Para la fachada, las l\u00edneas de luz directa ayudaron a representar la geometr\u00eda de la arquitectura y resaltar su presencia dentro del desarrollo urbano. Este mismo enfoque tambi\u00e9n puede verse reflejado en el paisaje, conectando los planos verticales y horizontales del proyecto.<\/p>\n","protected":false},"excerpt":{"rendered":"<p>UBICACI\u00d3N: DUBAI, EMIRATOS \u00c1RABES UNIDOS<br \/>\nUSO: Urbano &amp; Comunidades &#8211; residencial &#8211; OCIO<br \/>\nALCANCE: DISE\u00d1O LUM\u00cdNICO DE FACHADA &amp; PAISAJISMO<\/p>\n","protected":false},"featured_media":4971,"comment_status":"closed","ping_status":"closed","template":"","meta":{"_acf_changed":false},"product_brand":[],"product_cat":[108],"product_tag":[],"class_list":{"0":"post-6301","1":"product","2":"type-product","3":"status-publish","4":"has-post-thumbnail","6":"product_cat-proyectos","8":"first","9":"instock","10":"shipping-taxable","11":"product-type-simple"},"acf":[],"_links":{"self":[{"href":"https:\/\/umayalighting.com\/es\/wp-json\/wp\/v2\/product\/6301","targetHints":{"allow":["GET"]}}],"collection":[{"href":"https:\/\/umayalighting.com\/es\/wp-json\/wp\/v2\/product"}],"about":[{"href":"https:\/\/umayalighting.com\/es\/wp-json\/wp\/v2\/types\/product"}],"replies":[{"embeddable":true,"href":"https:\/\/umayalighting.com\/es\/wp-json\/wp\/v2\/comments?post=6301"}],"wp:featuredmedia":[{"embeddable":true,"href":"https:\/\/umayalighting.com\/es\/wp-json\/wp\/v2\/media\/4971"}],"wp:attachment":[{"href":"https:\/\/umayalighting.com\/es\/wp-json\/wp\/v2\/media?parent=6301"}],"wp:term":[{"taxonomy":"product_brand","embeddable":true,"href":"https:\/\/umayalighting.com\/es\/wp-json\/wp\/v2\/product_brand?post=6301"},{"taxonomy":"product_cat","embeddable":true,"href":"https:\/\/umayalighting.com\/es\/wp-json\/wp\/v2\/product_cat?post=6301"},{"taxonomy":"product_tag","embeddable":true,"href":"https:\/\/umayalighting.com\/es\/wp-json\/wp\/v2\/product_tag?post=6301"}],"curies":[{"name":"wp","href":"https:\/\/api.w.org\/{rel}","templated":true}]}}