{"id":6302,"date":"2023-04-24T04:11:33","date_gmt":"2023-04-24T00:11:33","guid":{"rendered":"https:\/\/umayalighting.com\/projects\/hotel-millennium-biltmore\/"},"modified":"2023-09-16T16:40:50","modified_gmt":"2023-09-16T12:40:50","slug":"millennium-biltmore-hotel","status":"publish","type":"product","link":"https:\/\/umayalighting.com\/es\/projects\/millennium-biltmore-hotel\/","title":{"rendered":"Hotel Millennium Biltmore"},"content":{"rendered":"<p>En todos los espacios interiores, el esquema de iluminaci\u00f3n arquitect\u00f3nica utiliz\u00f3 una combinaci\u00f3n distintiva pero pr\u00e1ctica de iluminaci\u00f3n directa e indirecta, complementada con la adici\u00f3n de elegantes luminarias decorativos para enfatizar la est\u00e9tica del Biltmore Hotel.<\/p>\n<p>En cuanto a la iluminaci\u00f3n directa, se utilizaron artefactos empotrados de diferentes aperturas para crear una iluminaci\u00f3n ambiental suave o efectos dram\u00e1ticos con acentos. Las luces indirectas, colocadas dentro de gargantas, ayudan a resaltar los detalles arquitect\u00f3nicos interiores y agregan una atractiva capa de luz.<\/p>\n<p>El uso de diversas capas de luz le dio al operador mayor flexibilidad a la hora de crear escenas de iluminaci\u00f3n diferentes para cada \u00e1rea. Los niveles de iluminaci\u00f3n se seleccionaron cuidadosamente de acuerdo a la funci\u00f3n que cumple cada espacio en particular. Se utilizaron fuentes de luz dimerizables para permitir una iluminaci\u00f3n m\u00e1s eficiente energ\u00e9ticamente.<\/p>\n","protected":false},"excerpt":{"rendered":"<p>UBICACI\u00d3N: RIAD, ARABIA SAUDITA<br \/>\nUSO: HOTELER\u00cdA<br \/>\nALCANCE: DISE\u00d1O LUM\u00cdNICO DE INTERIORES<\/p>\n","protected":false},"featured_media":8886,"comment_status":"closed","ping_status":"closed","template":"","meta":{"_acf_changed":false},"product_brand":[],"product_cat":[108],"product_tag":[],"class_list":{"0":"post-6302","1":"product","2":"type-product","3":"status-publish","4":"has-post-thumbnail","6":"product_cat-proyectos","8":"first","9":"instock","10":"shipping-taxable","11":"product-type-simple"},"acf":[],"_links":{"self":[{"href":"https:\/\/umayalighting.com\/es\/wp-json\/wp\/v2\/product\/6302","targetHints":{"allow":["GET"]}}],"collection":[{"href":"https:\/\/umayalighting.com\/es\/wp-json\/wp\/v2\/product"}],"about":[{"href":"https:\/\/umayalighting.com\/es\/wp-json\/wp\/v2\/types\/product"}],"replies":[{"embeddable":true,"href":"https:\/\/umayalighting.com\/es\/wp-json\/wp\/v2\/comments?post=6302"}],"wp:featuredmedia":[{"embeddable":true,"href":"https:\/\/umayalighting.com\/es\/wp-json\/wp\/v2\/media\/8886"}],"wp:attachment":[{"href":"https:\/\/umayalighting.com\/es\/wp-json\/wp\/v2\/media?parent=6302"}],"wp:term":[{"taxonomy":"product_brand","embeddable":true,"href":"https:\/\/umayalighting.com\/es\/wp-json\/wp\/v2\/product_brand?post=6302"},{"taxonomy":"product_cat","embeddable":true,"href":"https:\/\/umayalighting.com\/es\/wp-json\/wp\/v2\/product_cat?post=6302"},{"taxonomy":"product_tag","embeddable":true,"href":"https:\/\/umayalighting.com\/es\/wp-json\/wp\/v2\/product_tag?post=6302"}],"curies":[{"name":"wp","href":"https:\/\/api.w.org\/{rel}","templated":true}]}}