{"id":6303,"date":"2023-04-24T04:26:03","date_gmt":"2023-04-24T00:26:03","guid":{"rendered":"https:\/\/umayalighting.com\/projects\/hotel-millennium-jizan\/"},"modified":"2023-09-16T16:40:50","modified_gmt":"2023-09-16T12:40:50","slug":"millennium-hotel-jizan","status":"publish","type":"product","link":"https:\/\/umayalighting.com\/es\/projects\/millennium-hotel-jizan\/","title":{"rendered":"Hotel Millennium Jizan"},"content":{"rendered":"<p>Ubicado en la ciudad costera de Jizan frente al Mar Rojo, este complejo hotelero est\u00e1 rodeado de playas v\u00edrgenes. exuberante vegetaci\u00f3n y numerosos sitios arqueol\u00f3gicos. El dise\u00f1o de interiores planeado por la firma Blue Camel Design, basada en Dub\u00e1i, se desarroll\u00f3 en torno al concepto de integraci\u00f3n, tomando la inspiraci\u00f3n de los espacios naturales y patrimoniales circundantes, y traduci\u00e9ndolos a texturas, geometr\u00edas y paletas de colores en el interior del edificio. El resultado es una mezcla de dise\u00f1o contempor\u00e1neo y elegante con referencias tradicionales \u00e1rabes.<\/p>\n<p>El rumbo principal del dise\u00f1o lum\u00ednico fue enaltecer los espacios interiores a trav\u00e9s de una ambientacion suave, as\u00ed como destacar texturas y objetos con el fin de crear un ambiente acogedor pero vivo. Gargantas, proyectores y ba\u00f1adores de pared componen la iluminaci\u00f3n t\u00e9cnica, minimizando el ruido visual y centr\u00e1ndose en el espacio y sus elementos. La iluminaci\u00f3n decorativa complementa el dise\u00f1o de interiores y ofrece interesantes elementos visuales.<\/p>\n","protected":false},"excerpt":{"rendered":"<p>UBICACI\u00d3N: JIZAN, ARABIA SAUDITA<br \/>\nUSO: HOTELER\u00cdA<br \/>\nALCANCE: DISE\u00d1O LUM\u00cdNICO DE INTERIORES<\/p>\n","protected":false},"featured_media":7775,"comment_status":"closed","ping_status":"closed","template":"","meta":{"_acf_changed":false},"product_brand":[],"product_cat":[108],"product_tag":[],"class_list":{"0":"post-6303","1":"product","2":"type-product","3":"status-publish","4":"has-post-thumbnail","6":"product_cat-proyectos","8":"first","9":"instock","10":"shipping-taxable","11":"product-type-simple"},"acf":[],"_links":{"self":[{"href":"https:\/\/umayalighting.com\/es\/wp-json\/wp\/v2\/product\/6303","targetHints":{"allow":["GET"]}}],"collection":[{"href":"https:\/\/umayalighting.com\/es\/wp-json\/wp\/v2\/product"}],"about":[{"href":"https:\/\/umayalighting.com\/es\/wp-json\/wp\/v2\/types\/product"}],"replies":[{"embeddable":true,"href":"https:\/\/umayalighting.com\/es\/wp-json\/wp\/v2\/comments?post=6303"}],"wp:featuredmedia":[{"embeddable":true,"href":"https:\/\/umayalighting.com\/es\/wp-json\/wp\/v2\/media\/7775"}],"wp:attachment":[{"href":"https:\/\/umayalighting.com\/es\/wp-json\/wp\/v2\/media?parent=6303"}],"wp:term":[{"taxonomy":"product_brand","embeddable":true,"href":"https:\/\/umayalighting.com\/es\/wp-json\/wp\/v2\/product_brand?post=6303"},{"taxonomy":"product_cat","embeddable":true,"href":"https:\/\/umayalighting.com\/es\/wp-json\/wp\/v2\/product_cat?post=6303"},{"taxonomy":"product_tag","embeddable":true,"href":"https:\/\/umayalighting.com\/es\/wp-json\/wp\/v2\/product_tag?post=6303"}],"curies":[{"name":"wp","href":"https:\/\/api.w.org\/{rel}","templated":true}]}}