{"id":6304,"date":"2023-04-24T04:24:49","date_gmt":"2023-04-24T00:24:49","guid":{"rendered":"https:\/\/umayalighting.com\/projects\/ministerio-del-interior\/"},"modified":"2023-09-16T16:40:50","modified_gmt":"2023-09-16T12:40:50","slug":"ministry-of-interior-qatar","status":"publish","type":"product","link":"https:\/\/umayalighting.com\/es\/projects\/ministry-of-interior-qatar\/","title":{"rendered":"Ministerio del Interior"},"content":{"rendered":"<p>El concepto principal de este proyecto fue el uso de dos tonos de luz diferentes, para diferenciar la volumetr\u00eda y mostrar la rica composici\u00f3n geom\u00e9trica. Las temperaturas de color elegidas fueron blanco c\u00e1lido (2000\u00b0K), que pertenece a una luz del amanecer, y blanco fr\u00edo (6500\u00b0K) que se asemeja a la luz solar directa del mediod\u00eda.<\/p>\n<p>Los vol\u00famenes fueron ba\u00f1ados con luz blanca c\u00e1lida, resaltando su textura y configuraci\u00f3n tridimensional. La luz blanca fr\u00eda se utiliz\u00f3 para la coronaci\u00f3n, dando a los elementos arquitect\u00f3nicos un efecto de brillo, derivado del concepto de una serie de coronas en la parte superior del edificio.<\/p>\n<p>El resultado es una elegante combinaci\u00f3n de tonos fr\u00edos y c\u00e1lidos, que hace hincapi\u00e9 en los tradicionales detalles arquitect\u00f3nicos \u00e1rabes, y que permite a la construcci\u00f3n imponerse en su entorno.<\/p>\n","protected":false},"excerpt":{"rendered":"<p>UBICACI\u00d3N: Doha, Qatar<br \/>\nUSO: GUBERNAMENTAL &#8211; Oficinas &amp; Corporativo<br \/>\nALCANCE: DISE\u00d1O LUM\u00cdNICO DE FACHADA &amp; PAISAJISMO<\/p>\n","protected":false},"featured_media":8280,"comment_status":"closed","ping_status":"closed","template":"","meta":{"_acf_changed":false},"product_brand":[],"product_cat":[108],"product_tag":[],"class_list":{"0":"post-6304","1":"product","2":"type-product","3":"status-publish","4":"has-post-thumbnail","6":"product_cat-proyectos","8":"first","9":"instock","10":"shipping-taxable","11":"product-type-simple"},"acf":[],"_links":{"self":[{"href":"https:\/\/umayalighting.com\/es\/wp-json\/wp\/v2\/product\/6304","targetHints":{"allow":["GET"]}}],"collection":[{"href":"https:\/\/umayalighting.com\/es\/wp-json\/wp\/v2\/product"}],"about":[{"href":"https:\/\/umayalighting.com\/es\/wp-json\/wp\/v2\/types\/product"}],"replies":[{"embeddable":true,"href":"https:\/\/umayalighting.com\/es\/wp-json\/wp\/v2\/comments?post=6304"}],"wp:featuredmedia":[{"embeddable":true,"href":"https:\/\/umayalighting.com\/es\/wp-json\/wp\/v2\/media\/8280"}],"wp:attachment":[{"href":"https:\/\/umayalighting.com\/es\/wp-json\/wp\/v2\/media?parent=6304"}],"wp:term":[{"taxonomy":"product_brand","embeddable":true,"href":"https:\/\/umayalighting.com\/es\/wp-json\/wp\/v2\/product_brand?post=6304"},{"taxonomy":"product_cat","embeddable":true,"href":"https:\/\/umayalighting.com\/es\/wp-json\/wp\/v2\/product_cat?post=6304"},{"taxonomy":"product_tag","embeddable":true,"href":"https:\/\/umayalighting.com\/es\/wp-json\/wp\/v2\/product_tag?post=6304"}],"curies":[{"name":"wp","href":"https:\/\/api.w.org\/{rel}","templated":true}]}}