{"id":6305,"date":"2023-04-24T04:10:40","date_gmt":"2023-04-24T00:10:40","guid":{"rendered":"https:\/\/umayalighting.com\/projects\/ministerio-del-interior\/"},"modified":"2023-09-16T16:40:50","modified_gmt":"2023-09-16T12:40:50","slug":"ministry-of-interior","status":"publish","type":"product","link":"https:\/\/umayalighting.com\/es\/projects\/ministry-of-interior\/","title":{"rendered":"Ministerio del Interior"},"content":{"rendered":"<p>Este proyecto tuvo el doble desaf\u00edo de proporcionar el entorno visual adecuado para trabajo de oficina, a la vez que crear un ambiente extremadamente lujoso y no comercial. La integraci\u00f3n de los elementos de iluminaci\u00f3n en la arquitectura fue vital, lo que exigi\u00f3 un alto nivel de coordinaci\u00f3n entre las diferentes disciplinas para lograr efectos de iluminaci\u00f3n limpios. Adicionalmente, varias luminarias decorativas dise\u00f1adas a medida dan a las \u00e1reas principales un sentido de seriedad y solemnidad.<\/p>\n<p>Todo el sistema de iluminaci\u00f3n del edificio es controlado con DALI, lo que permite la reconfiguraci\u00f3n in situ, m\u00faltiples escenas y comunicaci\u00f3n dual.<\/p>\n","protected":false},"excerpt":{"rendered":"<p>UBICACI\u00d3N: YEDA, ARABIA SAUDITA<br \/>\nUSO: GUBERNAMENTAL &#8211; Oficinas &amp; Corporativo<br \/>\nALCANCE: DISE\u00d1O LUM\u00cdNICO DE INTERIORES<\/p>\n","protected":false},"featured_media":4955,"comment_status":"closed","ping_status":"closed","template":"","meta":{"_acf_changed":false},"product_brand":[],"product_cat":[108],"product_tag":[],"class_list":{"0":"post-6305","1":"product","2":"type-product","3":"status-publish","4":"has-post-thumbnail","6":"product_cat-proyectos","8":"first","9":"instock","10":"shipping-taxable","11":"product-type-simple"},"acf":[],"_links":{"self":[{"href":"https:\/\/umayalighting.com\/es\/wp-json\/wp\/v2\/product\/6305","targetHints":{"allow":["GET"]}}],"collection":[{"href":"https:\/\/umayalighting.com\/es\/wp-json\/wp\/v2\/product"}],"about":[{"href":"https:\/\/umayalighting.com\/es\/wp-json\/wp\/v2\/types\/product"}],"replies":[{"embeddable":true,"href":"https:\/\/umayalighting.com\/es\/wp-json\/wp\/v2\/comments?post=6305"}],"wp:featuredmedia":[{"embeddable":true,"href":"https:\/\/umayalighting.com\/es\/wp-json\/wp\/v2\/media\/4955"}],"wp:attachment":[{"href":"https:\/\/umayalighting.com\/es\/wp-json\/wp\/v2\/media?parent=6305"}],"wp:term":[{"taxonomy":"product_brand","embeddable":true,"href":"https:\/\/umayalighting.com\/es\/wp-json\/wp\/v2\/product_brand?post=6305"},{"taxonomy":"product_cat","embeddable":true,"href":"https:\/\/umayalighting.com\/es\/wp-json\/wp\/v2\/product_cat?post=6305"},{"taxonomy":"product_tag","embeddable":true,"href":"https:\/\/umayalighting.com\/es\/wp-json\/wp\/v2\/product_tag?post=6305"}],"curies":[{"name":"wp","href":"https:\/\/api.w.org\/{rel}","templated":true}]}}