{"id":6306,"date":"2023-04-24T04:20:28","date_gmt":"2023-04-24T00:20:28","guid":{"rendered":"https:\/\/umayalighting.com\/projects\/mirqab-mall\/"},"modified":"2023-09-16T16:40:50","modified_gmt":"2023-09-16T12:40:50","slug":"mirqab-mall","status":"publish","type":"product","link":"https:\/\/umayalighting.com\/es\/projects\/mirqab-mall\/","title":{"rendered":"Mirqab Mall"},"content":{"rendered":"<p>La fachada fue tratada cuidadosamente poniendo acento en los elementos clave, para revelar la composici\u00f3n arquitect\u00f3nica cl\u00e1sica y aumentar el contraste con las \u00e1reas de curtain wall oscuro. La masa central y en las esquinas tuvieron prioridad en el sistema de jerarqu\u00eda para anclar visualmente el edificio y dirigir a los visitantes hacia los accesos. Todos los equipos de iluminaci\u00f3n fueron ocultos en gargantas, nichos o cornisas para evitar cualquier obstrucci\u00f3n visual durante el d\u00eda.<\/p>\n<p>La intenci\u00f3n gu\u00eda para la plaza interior central fue tratarla como un \u00e1rea exterior, para retener la misma sensaci\u00f3n de aire libre que transmite el espacio durante el d\u00eda. Las fachadas a su alrededor se desarrollaron como fachadas exteriores, respetando el mismo orden y estrategias de iluminaci\u00f3n que las fachadas exteriores principales. Los \u00e1rboles y la iluminaci\u00f3n de la fuente complementan esta idea, proporcionando puntos focales y una sensaci\u00f3n c\u00f3moda de estar al aire libre.<\/p>\n","protected":false},"excerpt":{"rendered":"<p>UBICACI\u00d3N: Doha, Qatar<br \/>\nUSO: Malls &amp; Retail<br \/>\nALCANCE: DISE\u00d1O LUM\u00cdNICO DE INTERIORES &amp; FACHADA<\/p>\n","protected":false},"featured_media":9719,"comment_status":"closed","ping_status":"closed","template":"","meta":{"_acf_changed":false},"product_brand":[],"product_cat":[108],"product_tag":[],"class_list":{"0":"post-6306","1":"product","2":"type-product","3":"status-publish","4":"has-post-thumbnail","6":"product_cat-proyectos","8":"first","9":"instock","10":"shipping-taxable","11":"product-type-simple"},"acf":[],"_links":{"self":[{"href":"https:\/\/umayalighting.com\/es\/wp-json\/wp\/v2\/product\/6306","targetHints":{"allow":["GET"]}}],"collection":[{"href":"https:\/\/umayalighting.com\/es\/wp-json\/wp\/v2\/product"}],"about":[{"href":"https:\/\/umayalighting.com\/es\/wp-json\/wp\/v2\/types\/product"}],"replies":[{"embeddable":true,"href":"https:\/\/umayalighting.com\/es\/wp-json\/wp\/v2\/comments?post=6306"}],"wp:featuredmedia":[{"embeddable":true,"href":"https:\/\/umayalighting.com\/es\/wp-json\/wp\/v2\/media\/9719"}],"wp:attachment":[{"href":"https:\/\/umayalighting.com\/es\/wp-json\/wp\/v2\/media?parent=6306"}],"wp:term":[{"taxonomy":"product_brand","embeddable":true,"href":"https:\/\/umayalighting.com\/es\/wp-json\/wp\/v2\/product_brand?post=6306"},{"taxonomy":"product_cat","embeddable":true,"href":"https:\/\/umayalighting.com\/es\/wp-json\/wp\/v2\/product_cat?post=6306"},{"taxonomy":"product_tag","embeddable":true,"href":"https:\/\/umayalighting.com\/es\/wp-json\/wp\/v2\/product_tag?post=6306"}],"curies":[{"name":"wp","href":"https:\/\/api.w.org\/{rel}","templated":true}]}}