{"id":6307,"date":"2023-04-24T04:16:31","date_gmt":"2023-04-24T00:16:31","guid":{"rendered":"https:\/\/umayalighting.com\/projects\/edificio-mitco\/"},"modified":"2023-09-16T16:40:51","modified_gmt":"2023-09-16T12:40:51","slug":"mitco-building","status":"publish","type":"product","link":"https:\/\/umayalighting.com\/es\/projects\/mitco-building\/","title":{"rendered":"Edificio Mitco"},"content":{"rendered":"<p>La iluminaci\u00f3n de fachada para este proyecto comercial en el centro de Jeddah se enfoca en los dos principales componentes arquitect\u00f3nicos del edificio.<\/p>\n<p>Luminarias lineales LED empotradas en las juntas del vidriado proporcionan velocidad y dinamismo, a la vez que reconstruyen visualmente la esquina del edificio durante la noche. La distribuci\u00f3n aleatoria de estas l\u00edneas deriva de la rotaci\u00f3n del patr\u00f3n formado por las aletas verticales a lo largo de la fachada.<\/p>\n<p>Los vanos sobre la fachada lateral se iluminaron desde sus lados, haciendo hincapi\u00e9 en el espesor de la pared, resaltando la textura de piedra del revestimiento y proporcionando anclaje visual al edificio. Complementariamente, se utilizaron estrategias lum\u00ednicas para mantener un adecuado equilibrio de brillos a trav\u00e9s del proyecto, m\u00e1s espec\u00edficamente en persianas y columnas.<\/p>\n","protected":false},"excerpt":{"rendered":"<p>UBICACI\u00d3N: YEDA, ARABIA SAUDITA<br \/>\nUSO: Oficinas &amp; Corporativo<br \/>\nALCANCE: DISE\u00d1O LUM\u00cdNICO DE FACHADA<\/p>\n","protected":false},"featured_media":8111,"comment_status":"closed","ping_status":"closed","template":"","meta":{"_acf_changed":false},"product_brand":[],"product_cat":[108],"product_tag":[],"class_list":{"0":"post-6307","1":"product","2":"type-product","3":"status-publish","4":"has-post-thumbnail","6":"product_cat-proyectos","8":"first","9":"instock","10":"shipping-taxable","11":"product-type-simple"},"acf":[],"_links":{"self":[{"href":"https:\/\/umayalighting.com\/es\/wp-json\/wp\/v2\/product\/6307","targetHints":{"allow":["GET"]}}],"collection":[{"href":"https:\/\/umayalighting.com\/es\/wp-json\/wp\/v2\/product"}],"about":[{"href":"https:\/\/umayalighting.com\/es\/wp-json\/wp\/v2\/types\/product"}],"replies":[{"embeddable":true,"href":"https:\/\/umayalighting.com\/es\/wp-json\/wp\/v2\/comments?post=6307"}],"wp:featuredmedia":[{"embeddable":true,"href":"https:\/\/umayalighting.com\/es\/wp-json\/wp\/v2\/media\/8111"}],"wp:attachment":[{"href":"https:\/\/umayalighting.com\/es\/wp-json\/wp\/v2\/media?parent=6307"}],"wp:term":[{"taxonomy":"product_brand","embeddable":true,"href":"https:\/\/umayalighting.com\/es\/wp-json\/wp\/v2\/product_brand?post=6307"},{"taxonomy":"product_cat","embeddable":true,"href":"https:\/\/umayalighting.com\/es\/wp-json\/wp\/v2\/product_cat?post=6307"},{"taxonomy":"product_tag","embeddable":true,"href":"https:\/\/umayalighting.com\/es\/wp-json\/wp\/v2\/product_tag?post=6307"}],"curies":[{"name":"wp","href":"https:\/\/api.w.org\/{rel}","templated":true}]}}