{"id":6308,"date":"2023-04-24T04:04:06","date_gmt":"2023-04-24T00:04:06","guid":{"rendered":"https:\/\/umayalighting.com\/projects\/torre-mixed-use\/"},"modified":"2023-09-16T16:40:51","modified_gmt":"2023-09-16T12:40:51","slug":"mixed-use-tower","status":"publish","type":"product","link":"https:\/\/umayalighting.com\/es\/projects\/mixed-use-tower\/","title":{"rendered":"Torre Mixed-Use"},"content":{"rendered":"<p>El enfoque principal del dise\u00f1o de iluminaci\u00f3n de la fachada identifica las \u00e1reas de mayor energ\u00eda visual y exposici\u00f3n, a saber, el podio y la parte superior. Al trabajar en estos, se abordan dos escalas. A macro-escala, la parte superior iluminada se suma al horizonte de la ciudad y marca la presencia de la torre. A una escala m\u00e1s baja, a nivel de la calle, el podio funciona como un elemento acogedor que atrae a los visitantes hacia el edificio. El cuerpo de la torre es como un elemento de transici\u00f3n entre las dos primeras, que en t\u00e9rminos de iluminaci\u00f3n recibe un tratamiento moderado.<\/p>\n<p>El objetivo de la iluminaci\u00f3n de jardines fue resaltar las \u00e1reas al aire libre de una manera sutil pero elegante, al incluir fuentes indirectas ocultas dentro del paisaje. Las c\u00e1lidas temperaturas de color realzan el ambiente, haci\u00e9ndolo \u00edntimo para los residentes y atractivo para los visitantes. El uso de perfiles lineales ayuda a marcar bordes y definir contornos, ayudando a las personas a navegar por las distintas \u00e1reas del paisaje.<\/p>\n","protected":false},"excerpt":{"rendered":"<p>UBICACI\u00d3N: DUBAI, EMIRATOS \u00c1RABES UNIDOS<br \/>\nUSO: Residencial &#8211; Gran Altura<br \/>\nALCANCE: DISE\u00d1O LUM\u00cdNICO DE interiores &amp; exteriores<\/p>\n","protected":false},"featured_media":4772,"comment_status":"closed","ping_status":"closed","template":"","meta":{"_acf_changed":false},"product_brand":[],"product_cat":[108],"product_tag":[],"class_list":{"0":"post-6308","1":"product","2":"type-product","3":"status-publish","4":"has-post-thumbnail","6":"product_cat-proyectos","8":"first","9":"instock","10":"shipping-taxable","11":"product-type-simple"},"acf":[],"_links":{"self":[{"href":"https:\/\/umayalighting.com\/es\/wp-json\/wp\/v2\/product\/6308","targetHints":{"allow":["GET"]}}],"collection":[{"href":"https:\/\/umayalighting.com\/es\/wp-json\/wp\/v2\/product"}],"about":[{"href":"https:\/\/umayalighting.com\/es\/wp-json\/wp\/v2\/types\/product"}],"replies":[{"embeddable":true,"href":"https:\/\/umayalighting.com\/es\/wp-json\/wp\/v2\/comments?post=6308"}],"wp:featuredmedia":[{"embeddable":true,"href":"https:\/\/umayalighting.com\/es\/wp-json\/wp\/v2\/media\/4772"}],"wp:attachment":[{"href":"https:\/\/umayalighting.com\/es\/wp-json\/wp\/v2\/media?parent=6308"}],"wp:term":[{"taxonomy":"product_brand","embeddable":true,"href":"https:\/\/umayalighting.com\/es\/wp-json\/wp\/v2\/product_brand?post=6308"},{"taxonomy":"product_cat","embeddable":true,"href":"https:\/\/umayalighting.com\/es\/wp-json\/wp\/v2\/product_cat?post=6308"},{"taxonomy":"product_tag","embeddable":true,"href":"https:\/\/umayalighting.com\/es\/wp-json\/wp\/v2\/product_tag?post=6308"}],"curies":[{"name":"wp","href":"https:\/\/api.w.org\/{rel}","templated":true}]}}