{"id":6309,"date":"2023-04-24T04:44:20","date_gmt":"2023-04-24T00:44:20","guid":{"rendered":"https:\/\/umayalighting.com\/projects\/capilla-monte-vi\/"},"modified":"2023-09-16T16:40:51","modified_gmt":"2023-09-16T12:40:51","slug":"monte-vi-chapel","status":"publish","type":"product","link":"https:\/\/umayalighting.com\/es\/projects\/monte-vi-chapel\/","title":{"rendered":"Capilla Monte VI"},"content":{"rendered":"<p>Desarrollar un nuevo dise\u00f1o lum\u00ednico para un edificio existente plantea siempre grandes desaf\u00edos, especialmente en t\u00e9rminos de puntos el\u00e9ctricos existentes y cargas permitidas. A\u00fan m\u00e1s cuando el edificio es con fines de culto, ya que entran en juego sensibilidades m\u00e1s profundas y la luz toma una nueva dimensi\u00f3n e importancia.<\/p>\n<p>El esquema de iluminaci\u00f3n se basa en una serie de estrategias que se complementan entre s\u00ed. Proyectores de haz estrecho iluminan los nervios y arcos que soportan la b\u00f3veda, dando profundidad visual a la capilla, a\u00f1adiendo drama y proporcionando los niveles de iluminaci\u00f3n necesarios en la nave. Los vitrales laterales son ba\u00f1ados desde adentro, revelando sus detalles y exponi\u00e9ndolos como elementos vitales en la fachada. Las figuras religiosas se acent\u00faan con proyectores ocultos de haz estrecho, definiendo objetivos visuales y aumentando la tridimensionalidad del espacio.<\/p>\n<p>El resultado es un refugio espiritual acogedor, con una clara lectura de su arquitectura.<\/p>\n","protected":false},"excerpt":{"rendered":"<p>UBICACI\u00d3N: MONTEVIDEO, URUGUAY<br \/>\nUSO: CULTO<br \/>\nALCANCE: DISE\u00d1O LUM\u00cdNICO DE INTERIORES<\/p>\n","protected":false},"featured_media":8329,"comment_status":"closed","ping_status":"closed","template":"","meta":{"_acf_changed":false},"product_brand":[],"product_cat":[108],"product_tag":[],"class_list":{"0":"post-6309","1":"product","2":"type-product","3":"status-publish","4":"has-post-thumbnail","6":"product_cat-proyectos","8":"first","9":"instock","10":"shipping-taxable","11":"product-type-simple"},"acf":[],"_links":{"self":[{"href":"https:\/\/umayalighting.com\/es\/wp-json\/wp\/v2\/product\/6309","targetHints":{"allow":["GET"]}}],"collection":[{"href":"https:\/\/umayalighting.com\/es\/wp-json\/wp\/v2\/product"}],"about":[{"href":"https:\/\/umayalighting.com\/es\/wp-json\/wp\/v2\/types\/product"}],"replies":[{"embeddable":true,"href":"https:\/\/umayalighting.com\/es\/wp-json\/wp\/v2\/comments?post=6309"}],"wp:featuredmedia":[{"embeddable":true,"href":"https:\/\/umayalighting.com\/es\/wp-json\/wp\/v2\/media\/8329"}],"wp:attachment":[{"href":"https:\/\/umayalighting.com\/es\/wp-json\/wp\/v2\/media?parent=6309"}],"wp:term":[{"taxonomy":"product_brand","embeddable":true,"href":"https:\/\/umayalighting.com\/es\/wp-json\/wp\/v2\/product_brand?post=6309"},{"taxonomy":"product_cat","embeddable":true,"href":"https:\/\/umayalighting.com\/es\/wp-json\/wp\/v2\/product_cat?post=6309"},{"taxonomy":"product_tag","embeddable":true,"href":"https:\/\/umayalighting.com\/es\/wp-json\/wp\/v2\/product_tag?post=6309"}],"curies":[{"name":"wp","href":"https:\/\/api.w.org\/{rel}","templated":true}]}}