{"id":6310,"date":"2023-04-24T03:58:47","date_gmt":"2023-04-23T23:58:47","guid":{"rendered":"https:\/\/umayalighting.com\/projects\/residencia-msv\/"},"modified":"2023-09-16T16:40:51","modified_gmt":"2023-09-16T12:40:51","slug":"msv-villa","status":"publish","type":"product","link":"https:\/\/umayalighting.com\/es\/projects\/msv-villa\/","title":{"rendered":"Residencia MSV"},"content":{"rendered":"<p>El esquema de iluminaci\u00f3n multidimensional desarrollado para los interiores tuvo como objetivo crear un ambiente relajado y conectar visualmente los diferentes espacios. Las ranuras lineales albergan downlights empotrados, los cuales proporcionan la iluminaci\u00f3n base en todos los espacios y acent\u00faan \u00e1reas espec\u00edficas, proporcionando un aspecto limpio y unificado en los cielorrasos. Estos se complementaron con iluminaci\u00f3n vertical en paredes y carpinter\u00eda, junto con piezas decorativas que brindan enfoque y atractivo visual.<\/p>\n","protected":false},"excerpt":{"rendered":"<p>UBICACI\u00d3N: DUBAI, EMIRATOS \u00c1RABES UNIDOS<br \/>\nUSO: RESIDENCIAL PRIVADO<br \/>\nALCANCE: DISE\u00d1O LUM\u00cdNICO DE INTERIORES<\/p>\n","protected":false},"featured_media":9377,"comment_status":"closed","ping_status":"closed","template":"","meta":{"_acf_changed":false},"product_brand":[],"product_cat":[108],"product_tag":[],"class_list":{"0":"post-6310","1":"product","2":"type-product","3":"status-publish","4":"has-post-thumbnail","6":"product_cat-proyectos","8":"first","9":"instock","10":"shipping-taxable","11":"product-type-simple"},"acf":[],"_links":{"self":[{"href":"https:\/\/umayalighting.com\/es\/wp-json\/wp\/v2\/product\/6310","targetHints":{"allow":["GET"]}}],"collection":[{"href":"https:\/\/umayalighting.com\/es\/wp-json\/wp\/v2\/product"}],"about":[{"href":"https:\/\/umayalighting.com\/es\/wp-json\/wp\/v2\/types\/product"}],"replies":[{"embeddable":true,"href":"https:\/\/umayalighting.com\/es\/wp-json\/wp\/v2\/comments?post=6310"}],"wp:featuredmedia":[{"embeddable":true,"href":"https:\/\/umayalighting.com\/es\/wp-json\/wp\/v2\/media\/9377"}],"wp:attachment":[{"href":"https:\/\/umayalighting.com\/es\/wp-json\/wp\/v2\/media?parent=6310"}],"wp:term":[{"taxonomy":"product_brand","embeddable":true,"href":"https:\/\/umayalighting.com\/es\/wp-json\/wp\/v2\/product_brand?post=6310"},{"taxonomy":"product_cat","embeddable":true,"href":"https:\/\/umayalighting.com\/es\/wp-json\/wp\/v2\/product_cat?post=6310"},{"taxonomy":"product_tag","embeddable":true,"href":"https:\/\/umayalighting.com\/es\/wp-json\/wp\/v2\/product_tag?post=6310"}],"curies":[{"name":"wp","href":"https:\/\/api.w.org\/{rel}","templated":true}]}}