{"id":6311,"date":"2023-04-24T04:10:47","date_gmt":"2023-04-24T00:10:47","guid":{"rendered":"https:\/\/umayalighting.com\/projects\/mulberry-hills\/"},"modified":"2023-09-16T16:40:51","modified_gmt":"2023-09-16T12:40:51","slug":"mulberry-hills","status":"publish","type":"product","link":"https:\/\/umayalighting.com\/es\/projects\/mulberry-hills\/","title":{"rendered":"Mulberry Hills"},"content":{"rendered":"<p>El concepto de iluminaci\u00f3n de fachada se centr\u00f3 en la reflexi\u00f3n especular y el suave esfumado de la luz, que se logr\u00f3 iluminando los diferentes elementos arquitect\u00f3nicos que conforman la piel de los edificios. El resultado es un efecto difuso con fuertes sombras y altos contrastes. Adem\u00e1s, la parte superior de cada edificio act\u00faa como punto focal, donde se utiliz\u00f3 una combinaci\u00f3n de luces difusas y ocultas para destacar estos elementos arquitect\u00f3nicos y guiar la vista hacia arriba.<\/p>\n<p>Las c\u00e1lidas temperaturas de color utilizadas en el paisaje marcan los distintos niveles y definen espacios \u00edntimos, haci\u00e9ndolo atractivo y agradable para residentes y visitas. Todos los elementos de iluminaci\u00f3n utilizados en las zonas exteriores son de baja altura, indirectos y ocultos, para evitar obstruir las vistas de la ciudad.<\/p>\n","protected":false},"excerpt":{"rendered":"<p>UBICACI\u00d3N: DUBAI, EMIRATOS \u00c1RABES UNIDOS<br \/>\nUSO: RESIDENCIAL<br \/>\nALCANCE: DISE\u00d1O LUM\u00cdNICO DE FACHADA &amp; PAISAJISMO<\/p>\n","protected":false},"featured_media":8894,"comment_status":"closed","ping_status":"closed","template":"","meta":{"_acf_changed":false},"product_brand":[],"product_cat":[108],"product_tag":[],"class_list":{"0":"post-6311","1":"product","2":"type-product","3":"status-publish","4":"has-post-thumbnail","6":"product_cat-proyectos","8":"first","9":"instock","10":"shipping-taxable","11":"product-type-simple"},"acf":[],"_links":{"self":[{"href":"https:\/\/umayalighting.com\/es\/wp-json\/wp\/v2\/product\/6311","targetHints":{"allow":["GET"]}}],"collection":[{"href":"https:\/\/umayalighting.com\/es\/wp-json\/wp\/v2\/product"}],"about":[{"href":"https:\/\/umayalighting.com\/es\/wp-json\/wp\/v2\/types\/product"}],"replies":[{"embeddable":true,"href":"https:\/\/umayalighting.com\/es\/wp-json\/wp\/v2\/comments?post=6311"}],"wp:featuredmedia":[{"embeddable":true,"href":"https:\/\/umayalighting.com\/es\/wp-json\/wp\/v2\/media\/8894"}],"wp:attachment":[{"href":"https:\/\/umayalighting.com\/es\/wp-json\/wp\/v2\/media?parent=6311"}],"wp:term":[{"taxonomy":"product_brand","embeddable":true,"href":"https:\/\/umayalighting.com\/es\/wp-json\/wp\/v2\/product_brand?post=6311"},{"taxonomy":"product_cat","embeddable":true,"href":"https:\/\/umayalighting.com\/es\/wp-json\/wp\/v2\/product_cat?post=6311"},{"taxonomy":"product_tag","embeddable":true,"href":"https:\/\/umayalighting.com\/es\/wp-json\/wp\/v2\/product_tag?post=6311"}],"curies":[{"name":"wp","href":"https:\/\/api.w.org\/{rel}","templated":true}]}}