{"id":6312,"date":"2023-04-24T04:20:35","date_gmt":"2023-04-24T00:20:35","guid":{"rendered":"https:\/\/umayalighting.com\/projects\/estacion-multimodal-muntalaq\/"},"modified":"2024-09-05T22:32:59","modified_gmt":"2024-09-05T18:32:59","slug":"muntalaq-station","status":"publish","type":"product","link":"https:\/\/umayalighting.com\/es\/projects\/muntalaq-station\/","title":{"rendered":"Estaci\u00f3n Multimodal Muntalaq"},"content":{"rendered":"<p>El edificio se interpret\u00f3 como un objeto tridimensional, sin distinci\u00f3n tradicional entre las elevaciones y el techo. Siendo el epicentro de un gran desarrollo, visible desde diversos puntos, se convirti\u00f3 en punto de referencia en la vida de la ciudad.<\/p>\n<p>El programa implicaba movimiento y el movimiento implica cambios. A lo largo del d\u00eda (noche) la piel del edificio muta en respuesta a estos cambios. La iluminaci\u00f3n de fachada se utiliza como un medio de comunicaci\u00f3n con la ciudad.<\/p>\n<p>Nuestra propuesta se bas\u00f3 en dos elementos presentes en el concepto arquitect\u00f3nico; la palma y las dunas.<\/p>\n<p>El puente se ilumin\u00f3 recreando el patr\u00f3n de luz de una hoja de palma, m\u00e1s intenso en el nervio y difumin\u00e1ndose a lo largo de las hojas. En t\u00e9rminos arquitect\u00f3nicos, los cables fueron iluminados desde arriba, reproduciendo la estructura en la noche y revelando su ritmo. El arco principal se ilumin\u00f3 para crear un fuerte anclaje visual y elemento identificador.<\/p>\n<p>El borde del techo se ilumin\u00f3 para revelar su movimiento e intensificar el car\u00e1cter \u00fanico de la estaci\u00f3n. Diversas tonalidades de luz aparecen en respuesta a la proximidad del tren a la estaci\u00f3n, estableciendo un di\u00e1logo entre el edificio, los usuarios y la ciudad; haciendo que los pasajeros est\u00e9n constantemente conscientes de los acontecimientos en torno a ellos.<\/p>\n","protected":false},"excerpt":{"rendered":"<p>UBICACI\u00d3N: YEDA, ARABIA SAUDITA<br \/>\nUSO: transporte<br \/>\nALCANCE: DISE\u00d1O LUM\u00cdNICO DE FACHADA &amp; EVENTO<\/p>\n","protected":false},"featured_media":8454,"comment_status":"closed","ping_status":"closed","template":"","meta":{"_acf_changed":false},"product_brand":[],"product_cat":[108],"product_tag":[],"class_list":{"0":"post-6312","1":"product","2":"type-product","3":"status-publish","4":"has-post-thumbnail","6":"product_cat-proyectos","8":"first","9":"instock","10":"shipping-taxable","11":"product-type-simple"},"acf":[],"_links":{"self":[{"href":"https:\/\/umayalighting.com\/es\/wp-json\/wp\/v2\/product\/6312","targetHints":{"allow":["GET"]}}],"collection":[{"href":"https:\/\/umayalighting.com\/es\/wp-json\/wp\/v2\/product"}],"about":[{"href":"https:\/\/umayalighting.com\/es\/wp-json\/wp\/v2\/types\/product"}],"replies":[{"embeddable":true,"href":"https:\/\/umayalighting.com\/es\/wp-json\/wp\/v2\/comments?post=6312"}],"wp:featuredmedia":[{"embeddable":true,"href":"https:\/\/umayalighting.com\/es\/wp-json\/wp\/v2\/media\/8454"}],"wp:attachment":[{"href":"https:\/\/umayalighting.com\/es\/wp-json\/wp\/v2\/media?parent=6312"}],"wp:term":[{"taxonomy":"product_brand","embeddable":true,"href":"https:\/\/umayalighting.com\/es\/wp-json\/wp\/v2\/product_brand?post=6312"},{"taxonomy":"product_cat","embeddable":true,"href":"https:\/\/umayalighting.com\/es\/wp-json\/wp\/v2\/product_cat?post=6312"},{"taxonomy":"product_tag","embeddable":true,"href":"https:\/\/umayalighting.com\/es\/wp-json\/wp\/v2\/product_tag?post=6312"}],"curies":[{"name":"wp","href":"https:\/\/api.w.org\/{rel}","templated":true}]}}