{"id":6313,"date":"2023-04-24T04:25:04","date_gmt":"2023-04-24T00:25:04","guid":{"rendered":"https:\/\/umayalighting.com\/projects\/parque-empresarial-najma\/"},"modified":"2023-09-16T16:40:51","modified_gmt":"2023-09-16T12:40:51","slug":"najma-business-park","status":"publish","type":"product","link":"https:\/\/umayalighting.com\/es\/projects\/najma-business-park\/","title":{"rendered":"Parque Empresarial Najma"},"content":{"rendered":"<p>Con una superficie total de m\u00e1s de 23.000 m\u00b2, este desarrollo cuenta con un hotel, cinco edificios de oficinas, un centro de conferencias y un centro de exhibici\u00f3n.<\/p>\n<p>Partiendo de un atractivo dise\u00f1o exterior, optamos por una estrategia de iluminaci\u00f3n que se centrar\u00e1 en los elementos \u00abduros\u00bb del paisaje como emisores de luz, asign\u00e1ndoles el papel de articuladores del espacio. Estos ayudan a conectar los distintos escenarios presentados a lo largo del proyecto.<\/p>\n<p>L\u00edneas de luz en el pavimento, bancos flotantes e incluso un patio de luz, fueron algunos de los conceptos manejados en esteproyecto. Todo esto se complement\u00f3 con estrategias tradicionales de iluminaci\u00f3n, para asegurar que esta sea tan funcional como elegante.<\/p>\n","protected":false},"excerpt":{"rendered":"<p>UBICACI\u00d3N: Doha, Qatar<br \/>\nUSO: Oficinas &amp; Corporativo<br \/>\nALCANCE: DISE\u00d1O LUM\u00cdNICO DE MASTER PLANNING,<br \/>\nESPACIOS P\u00daBLICOS, FACHADA &amp; PAISAJISMO<\/p>\n","protected":false},"featured_media":8697,"comment_status":"closed","ping_status":"closed","template":"","meta":{"_acf_changed":false},"product_brand":[],"product_cat":[108],"product_tag":[],"class_list":{"0":"post-6313","1":"product","2":"type-product","3":"status-publish","4":"has-post-thumbnail","6":"product_cat-proyectos","8":"first","9":"instock","10":"shipping-taxable","11":"product-type-simple"},"acf":[],"_links":{"self":[{"href":"https:\/\/umayalighting.com\/es\/wp-json\/wp\/v2\/product\/6313","targetHints":{"allow":["GET"]}}],"collection":[{"href":"https:\/\/umayalighting.com\/es\/wp-json\/wp\/v2\/product"}],"about":[{"href":"https:\/\/umayalighting.com\/es\/wp-json\/wp\/v2\/types\/product"}],"replies":[{"embeddable":true,"href":"https:\/\/umayalighting.com\/es\/wp-json\/wp\/v2\/comments?post=6313"}],"wp:featuredmedia":[{"embeddable":true,"href":"https:\/\/umayalighting.com\/es\/wp-json\/wp\/v2\/media\/8697"}],"wp:attachment":[{"href":"https:\/\/umayalighting.com\/es\/wp-json\/wp\/v2\/media?parent=6313"}],"wp:term":[{"taxonomy":"product_brand","embeddable":true,"href":"https:\/\/umayalighting.com\/es\/wp-json\/wp\/v2\/product_brand?post=6313"},{"taxonomy":"product_cat","embeddable":true,"href":"https:\/\/umayalighting.com\/es\/wp-json\/wp\/v2\/product_cat?post=6313"},{"taxonomy":"product_tag","embeddable":true,"href":"https:\/\/umayalighting.com\/es\/wp-json\/wp\/v2\/product_tag?post=6313"}],"curies":[{"name":"wp","href":"https:\/\/api.w.org\/{rel}","templated":true}]}}