{"id":6314,"date":"2023-04-24T04:02:53","date_gmt":"2023-04-24T00:02:53","guid":{"rendered":"https:\/\/umayalighting.com\/projects\/torres-najmat\/"},"modified":"2023-09-16T16:40:52","modified_gmt":"2023-09-16T12:40:52","slug":"najmat-towers","status":"publish","type":"product","link":"https:\/\/umayalighting.com\/es\/projects\/najmat-towers\/","title":{"rendered":"Torres Najmat"},"content":{"rendered":"<p>El podio es el elemento m\u00e1s cercano al paseo mar\u00edtimo, por lo que centrarse en \u00e9l proporcion\u00f3 el mayor impacto, adem\u00e1s de fomentar un sentido de espacio p\u00fablico y comunidad. La iluminaci\u00f3n tuvo el papel de atraer transe\u00fantes a los restaurantes, tiendas y galer\u00edas ubicadas en el edificio.<\/p>\n<p>La narrativa desarrollada por nuestro equipo se inspir\u00f3 en los colores y el movimiento del mar. Los parasoles verticales se iluminaron desde su parte posterior con perfiles Led dise\u00f1ados a medida, que esparcen un gradiente de luz en su interior y recrean las olas del mar. Se testearon varios paneles de policarbonato con diversos acabados y estructuras internas, para identificar el mejor en cuanto a difusi\u00f3n de luz y brillo.<\/p>\n<p>Por defecto, la iluminaci\u00f3n de la fachada se defini\u00f3 con tonos blancos c\u00e1lidos est\u00e1ticos, mientras que el efecto din\u00e1mico de \u00abonda de luz\u00bb se reserv\u00f3 para ocasiones especiales.<\/p>\n","protected":false},"excerpt":{"rendered":"<p>UBICACI\u00d3N: ABU DHABI, EMIRATOS \u00c1RABES UNIDOS<br \/>\nUSO: RESIDENCIAL<br \/>\nALCANCE: DISE\u00d1O LUM\u00cdNICO DE FACHADA &amp; PAISAJISMO<\/p>\n","protected":false},"featured_media":9724,"comment_status":"closed","ping_status":"closed","template":"","meta":{"_acf_changed":false},"product_brand":[],"product_cat":[108],"product_tag":[],"class_list":{"0":"post-6314","1":"product","2":"type-product","3":"status-publish","4":"has-post-thumbnail","6":"product_cat-proyectos","8":"first","9":"instock","10":"shipping-taxable","11":"product-type-simple"},"acf":[],"_links":{"self":[{"href":"https:\/\/umayalighting.com\/es\/wp-json\/wp\/v2\/product\/6314","targetHints":{"allow":["GET"]}}],"collection":[{"href":"https:\/\/umayalighting.com\/es\/wp-json\/wp\/v2\/product"}],"about":[{"href":"https:\/\/umayalighting.com\/es\/wp-json\/wp\/v2\/types\/product"}],"replies":[{"embeddable":true,"href":"https:\/\/umayalighting.com\/es\/wp-json\/wp\/v2\/comments?post=6314"}],"wp:featuredmedia":[{"embeddable":true,"href":"https:\/\/umayalighting.com\/es\/wp-json\/wp\/v2\/media\/9724"}],"wp:attachment":[{"href":"https:\/\/umayalighting.com\/es\/wp-json\/wp\/v2\/media?parent=6314"}],"wp:term":[{"taxonomy":"product_brand","embeddable":true,"href":"https:\/\/umayalighting.com\/es\/wp-json\/wp\/v2\/product_brand?post=6314"},{"taxonomy":"product_cat","embeddable":true,"href":"https:\/\/umayalighting.com\/es\/wp-json\/wp\/v2\/product_cat?post=6314"},{"taxonomy":"product_tag","embeddable":true,"href":"https:\/\/umayalighting.com\/es\/wp-json\/wp\/v2\/product_tag?post=6314"}],"curies":[{"name":"wp","href":"https:\/\/api.w.org\/{rel}","templated":true}]}}