{"id":6315,"date":"2023-04-24T04:23:30","date_gmt":"2023-04-24T00:23:30","guid":{"rendered":"https:\/\/umayalighting.com\/projects\/oficinas-de-ventas-de-palm-deira\/"},"modified":"2023-09-16T16:40:52","modified_gmt":"2023-09-16T12:40:52","slug":"palm-deira-sales-office","status":"publish","type":"product","link":"https:\/\/umayalighting.com\/es\/projects\/palm-deira-sales-office\/","title":{"rendered":"Oficinas de Ventas de Palm Deira"},"content":{"rendered":"<p>\u00abQuiero que el cambio de colores sea visible desde el avi\u00f3n mientras se aproxima a la costa de Dub\u00e1i\u00bb.<\/p>\n<p>Como respuesta a este peculiar requisito, el plan de iluminaci\u00f3n tuvo que acomodar diversos factores relacionados con la ubicaci\u00f3n del edificio, su apariencia externa y la composici\u00f3n interactiva de sus distintos elementos.<\/p>\n<p>Proyectores de LED RGB de alta potencia ba\u00f1an la malla sobre la entrada principal, mientras que un efecto estrobosc\u00f3pico se desplaza a lo largo de las dos vigas laterales. Esta escena colorida se fusiona con una est\u00e1tica tradicional sobre el fondo, que es acentuada por la aplicaci\u00f3n de ba\u00f1adores c\u00e1lidos sobre los elementos verticales de la fachada.<\/p>\n<p>El edificio se manifiesta en la noche como una integraci\u00f3n con el paisaje circundante, a la vez que se despega de ella en vista a\u00e9rea.<\/p>\n","protected":false},"excerpt":{"rendered":"<p>UBICACI\u00d3N: DUBAI, EMIRATOS \u00c1RABES UNIDOS<br \/>\nUSO: Oficinas &amp; Corporativo<br \/>\nALCANCE: DISE\u00d1O LUM\u00cdNICO DE FACHADA &amp; EVENTO<\/p>\n","protected":false},"featured_media":8089,"comment_status":"closed","ping_status":"closed","template":"","meta":{"_acf_changed":false},"product_brand":[],"product_cat":[108],"product_tag":[],"class_list":{"0":"post-6315","1":"product","2":"type-product","3":"status-publish","4":"has-post-thumbnail","6":"product_cat-proyectos","8":"first","9":"instock","10":"shipping-taxable","11":"product-type-simple"},"acf":[],"_links":{"self":[{"href":"https:\/\/umayalighting.com\/es\/wp-json\/wp\/v2\/product\/6315","targetHints":{"allow":["GET"]}}],"collection":[{"href":"https:\/\/umayalighting.com\/es\/wp-json\/wp\/v2\/product"}],"about":[{"href":"https:\/\/umayalighting.com\/es\/wp-json\/wp\/v2\/types\/product"}],"replies":[{"embeddable":true,"href":"https:\/\/umayalighting.com\/es\/wp-json\/wp\/v2\/comments?post=6315"}],"wp:featuredmedia":[{"embeddable":true,"href":"https:\/\/umayalighting.com\/es\/wp-json\/wp\/v2\/media\/8089"}],"wp:attachment":[{"href":"https:\/\/umayalighting.com\/es\/wp-json\/wp\/v2\/media?parent=6315"}],"wp:term":[{"taxonomy":"product_brand","embeddable":true,"href":"https:\/\/umayalighting.com\/es\/wp-json\/wp\/v2\/product_brand?post=6315"},{"taxonomy":"product_cat","embeddable":true,"href":"https:\/\/umayalighting.com\/es\/wp-json\/wp\/v2\/product_cat?post=6315"},{"taxonomy":"product_tag","embeddable":true,"href":"https:\/\/umayalighting.com\/es\/wp-json\/wp\/v2\/product_tag?post=6315"}],"curies":[{"name":"wp","href":"https:\/\/api.w.org\/{rel}","templated":true}]}}