{"id":6318,"date":"2023-04-24T04:14:42","date_gmt":"2023-04-24T00:14:42","guid":{"rendered":"https:\/\/umayalighting.com\/projects\/oficinas-principales-de-aviacion-panasonic\/"},"modified":"2023-09-16T16:40:52","modified_gmt":"2023-09-16T12:40:52","slug":"panasonic-avionics-headquarters","status":"publish","type":"product","link":"https:\/\/umayalighting.com\/es\/projects\/panasonic-avionics-headquarters\/","title":{"rendered":"Oficinas Principales de Aviaci\u00f3n Panasonic"},"content":{"rendered":"<p>Este proyecto fue el primero en la industria electr\u00f3nica en Emiratos \u00c1rabes en lograr la certificaci\u00f3n LEED Platinum.<\/p>\n<p>El dise\u00f1o de iluminaci\u00f3n interior se desarroll\u00f3 en base a una esquema lum\u00ednico de base + tarea, proporcionando iluminaci\u00f3n general en las \u00e1reas de descanso y circulaci\u00f3n, y utilizando iluminaci\u00f3n de tarea \u00fanicamente donde fuera necesario, con el fin de reducir el consumo energ\u00e9tico al m\u00ednimo. Este dise\u00f1o se complement\u00f3 con un control integral de iluminaci\u00f3n, logrando no solo un mayor ahorro energ\u00e9tico basado en el comportamiento de los usuarios, sino adem\u00e1s permitiendo una variedad de escenas de iluminaci\u00f3n en \u00e1reas altamente especializadas, tales como laboratorios, salas de conferencias, salas audiovisuales y talleres.<\/p>\n<p>Se tuvo especial consideraci\u00f3n al seleccionar fuentes de bajo consumo, equipos de bajas perdidas y luminarias de alta eficacia, para sacar el m\u00e1ximo provecho de la potencia de carga permitida.<\/p>\n<p>El resultado es un esquema de iluminaci\u00f3n extremadamente racional, lo que permiti\u00f3 una reducci\u00f3n del 48% sobre la potencia de iluminaci\u00f3n permitida (LPA, Lighting Power Allowance por sus siglas en ingl\u00e9s), requerida por LEED.<\/p>\n","protected":false},"excerpt":{"rendered":"<p>UBICACI\u00d3N: DUBAI, EMIRATOS \u00c1RABES UNIDOS<br \/>\nUSO: Oficinas  Corporativo<br \/>\nALCANCE: DISE\u00d1O LUM\u00cdNICO DE INTERIORES  ESTUDIO DE ILUMINACI\u00d3N NATURAL<\/p>\n","protected":false},"featured_media":8168,"comment_status":"closed","ping_status":"closed","template":"","meta":{"_acf_changed":false},"product_brand":[],"product_cat":[108],"product_tag":[],"class_list":{"0":"post-6318","1":"product","2":"type-product","3":"status-publish","4":"has-post-thumbnail","6":"product_cat-proyectos","8":"first","9":"instock","10":"shipping-taxable","11":"product-type-simple"},"acf":[],"_links":{"self":[{"href":"https:\/\/umayalighting.com\/es\/wp-json\/wp\/v2\/product\/6318","targetHints":{"allow":["GET"]}}],"collection":[{"href":"https:\/\/umayalighting.com\/es\/wp-json\/wp\/v2\/product"}],"about":[{"href":"https:\/\/umayalighting.com\/es\/wp-json\/wp\/v2\/types\/product"}],"replies":[{"embeddable":true,"href":"https:\/\/umayalighting.com\/es\/wp-json\/wp\/v2\/comments?post=6318"}],"wp:featuredmedia":[{"embeddable":true,"href":"https:\/\/umayalighting.com\/es\/wp-json\/wp\/v2\/media\/8168"}],"wp:attachment":[{"href":"https:\/\/umayalighting.com\/es\/wp-json\/wp\/v2\/media?parent=6318"}],"wp:term":[{"taxonomy":"product_brand","embeddable":true,"href":"https:\/\/umayalighting.com\/es\/wp-json\/wp\/v2\/product_brand?post=6318"},{"taxonomy":"product_cat","embeddable":true,"href":"https:\/\/umayalighting.com\/es\/wp-json\/wp\/v2\/product_cat?post=6318"},{"taxonomy":"product_tag","embeddable":true,"href":"https:\/\/umayalighting.com\/es\/wp-json\/wp\/v2\/product_tag?post=6318"}],"curies":[{"name":"wp","href":"https:\/\/api.w.org\/{rel}","templated":true}]}}