{"id":6319,"date":"2023-04-24T04:13:27","date_gmt":"2023-04-24T00:13:27","guid":{"rendered":"https:\/\/umayalighting.com\/projects\/farmacias-pharmakia\/"},"modified":"2023-09-16T16:40:52","modified_gmt":"2023-09-16T12:40:52","slug":"pharmakia-pharmacies","status":"publish","type":"product","link":"https:\/\/umayalighting.com\/es\/projects\/pharmakia-pharmacies\/","title":{"rendered":"Farmacias Pharmakia"},"content":{"rendered":"<p>Integraci\u00f3n y sofisticaci\u00f3n fueron los principios clave que se utilizan para desarrollar el esquema de dise\u00f1o lum\u00ednico para esta tienda de belleza en Doha, Qatar. El espacio minimalista exigi\u00f3 un enfoque de iluminaci\u00f3n descontaminado, capaz de resaltar el espacio sin dominar los productos expuestos.<\/p>\n<p>Cornisas perimetrales definen el espacio, resaltan la textura de las paredes y crean una iluminaci\u00f3n base de ambiente. Los nichos de exhibici\u00f3n se iluminaron de todos los lados, proporcionando suficiente contraste para definir objetivos visuales a lo largo de las paredes. Por \u00faltimo, luminarias empotradas acent\u00faan las islas de exhibici\u00f3n, nivelando el esquema general de iluminaci\u00f3n.<\/p>\n<p>Un \u00fanico elemento de iluminaci\u00f3n decorativa, que asemeja burbujas, se coloc\u00f3 sobre la sala de estar, definiendo un espacio m\u00e1s \u00edntimo y proporcionando una sensaci\u00f3n de centralidad a la tienda.<\/p>\n","protected":false},"excerpt":{"rendered":"<p>UBICACI\u00d3N: Doha, Qatar<br \/>\nUSO: Malls &amp; Retail<br \/>\nALCANCE: DISE\u00d1O LUM\u00cdNICO DE INTERIORES<\/p>\n","protected":false},"featured_media":9946,"comment_status":"closed","ping_status":"closed","template":"","meta":{"_acf_changed":false},"product_brand":[],"product_cat":[108],"product_tag":[],"class_list":{"0":"post-6319","1":"product","2":"type-product","3":"status-publish","4":"has-post-thumbnail","6":"product_cat-proyectos","8":"first","9":"instock","10":"shipping-taxable","11":"product-type-simple"},"acf":[],"_links":{"self":[{"href":"https:\/\/umayalighting.com\/es\/wp-json\/wp\/v2\/product\/6319","targetHints":{"allow":["GET"]}}],"collection":[{"href":"https:\/\/umayalighting.com\/es\/wp-json\/wp\/v2\/product"}],"about":[{"href":"https:\/\/umayalighting.com\/es\/wp-json\/wp\/v2\/types\/product"}],"replies":[{"embeddable":true,"href":"https:\/\/umayalighting.com\/es\/wp-json\/wp\/v2\/comments?post=6319"}],"wp:featuredmedia":[{"embeddable":true,"href":"https:\/\/umayalighting.com\/es\/wp-json\/wp\/v2\/media\/9946"}],"wp:attachment":[{"href":"https:\/\/umayalighting.com\/es\/wp-json\/wp\/v2\/media?parent=6319"}],"wp:term":[{"taxonomy":"product_brand","embeddable":true,"href":"https:\/\/umayalighting.com\/es\/wp-json\/wp\/v2\/product_brand?post=6319"},{"taxonomy":"product_cat","embeddable":true,"href":"https:\/\/umayalighting.com\/es\/wp-json\/wp\/v2\/product_cat?post=6319"},{"taxonomy":"product_tag","embeddable":true,"href":"https:\/\/umayalighting.com\/es\/wp-json\/wp\/v2\/product_tag?post=6319"}],"curies":[{"name":"wp","href":"https:\/\/api.w.org\/{rel}","templated":true}]}}