{"id":6320,"date":"2023-04-24T04:21:11","date_gmt":"2023-04-24T00:21:11","guid":{"rendered":"https:\/\/umayalighting.com\/projects\/hotel-premier-inn\/"},"modified":"2023-09-16T16:40:52","modified_gmt":"2023-09-16T12:40:52","slug":"premier-inn-hotel","status":"publish","type":"product","link":"https:\/\/umayalighting.com\/es\/projects\/premier-inn-hotel\/","title":{"rendered":"Hotel Premier Inn"},"content":{"rendered":"<p>La iluminaci\u00f3n interior para este hotel econ\u00f3mico es simple y directa, enfocada en reforzar la sensaci\u00f3n de comodidad y refugio que los dise\u00f1adores de interiores desarrollaron. Las estrategias implementadas fueron principalmente luminarias empotradas, con acento en superficies seleccionadas y elementos decorativos de iluminaci\u00f3n complementando la propuesta. El desaf\u00edo principal fue cumplir con requisitos estrictos en cuanto a presupuesto, carga el\u00e9ctrica y costos de mantenimiento.<\/p>\n<p>La iluminaci\u00f3n de fachada consta de un solo elemento. El techo superior se inunda de luz magenta, armonizando con los colores de la marca, realzando su identidad y acentuando el edificio en la noche.<\/p>\n","protected":false},"excerpt":{"rendered":"<p>UBICACI\u00d3N: DUBAI, EMIRATOS \u00c1RABES UNIDOS<br \/>\nUSO: HOTELER\u00cdA<br \/>\nALCANCE: DISE\u00d1O LUM\u00cdNICO DE INTERIORES &amp; FACHADA<\/p>\n","protected":false},"featured_media":9391,"comment_status":"closed","ping_status":"closed","template":"","meta":{"_acf_changed":false},"product_brand":[],"product_cat":[108],"product_tag":[],"class_list":{"0":"post-6320","1":"product","2":"type-product","3":"status-publish","4":"has-post-thumbnail","6":"product_cat-proyectos","8":"first","9":"instock","10":"shipping-taxable","11":"product-type-simple"},"acf":[],"_links":{"self":[{"href":"https:\/\/umayalighting.com\/es\/wp-json\/wp\/v2\/product\/6320","targetHints":{"allow":["GET"]}}],"collection":[{"href":"https:\/\/umayalighting.com\/es\/wp-json\/wp\/v2\/product"}],"about":[{"href":"https:\/\/umayalighting.com\/es\/wp-json\/wp\/v2\/types\/product"}],"replies":[{"embeddable":true,"href":"https:\/\/umayalighting.com\/es\/wp-json\/wp\/v2\/comments?post=6320"}],"wp:featuredmedia":[{"embeddable":true,"href":"https:\/\/umayalighting.com\/es\/wp-json\/wp\/v2\/media\/9391"}],"wp:attachment":[{"href":"https:\/\/umayalighting.com\/es\/wp-json\/wp\/v2\/media?parent=6320"}],"wp:term":[{"taxonomy":"product_brand","embeddable":true,"href":"https:\/\/umayalighting.com\/es\/wp-json\/wp\/v2\/product_brand?post=6320"},{"taxonomy":"product_cat","embeddable":true,"href":"https:\/\/umayalighting.com\/es\/wp-json\/wp\/v2\/product_cat?post=6320"},{"taxonomy":"product_tag","embeddable":true,"href":"https:\/\/umayalighting.com\/es\/wp-json\/wp\/v2\/product_tag?post=6320"}],"curies":[{"name":"wp","href":"https:\/\/api.w.org\/{rel}","templated":true}]}}